{"id":11594,"date":"2020-07-22T21:25:07","date_gmt":"2020-07-22T21:25:07","guid":{"rendered":"http:\/\/natuaventura.com\/?page_id=11594"},"modified":"2026-04-15T22:44:05","modified_gmt":"2026-04-15T22:44:05","slug":"things-to-do-on-your-end-of-year-trip-donana","status":"publish","type":"page","link":"https:\/\/natuaventura.com\/en\/things-to-do-on-your-end-of-year-trip-donana\/","title":{"rendered":"10 Things to Do on Your School Trip to Do\u00f1ana"},"content":{"rendered":"<p>We bring you the second part of 10 things to do on your school trip to Do\u00f1ana. We have already visited the National Park, explored the most well-known spots, and sampled the traditional local cuisine. Now it is time to discover the coastal area, enjoy walks along the beach, and learn a little more about the geography and history of the region. Ready to come along?<\/p>\n<p>A school trip to Do\u00f1ana is not simply a guided tour of the park. It is much more than that. The places surrounding the National Park are equally impressive, and every single one of them is worth visiting. On top of that, a bit of active tourism and adventure activities make for a wonderfully successful school trip, with the full package. Let us carry on!<\/p>\n<p><img loading=\"lazy\" decoding=\"async\" class=\"alignnone wp-image-11596\" src=\"https:\/\/natuaventura.com\/en\/wp-content\/uploads\/2020\/07\/carabela-palos-frontera-600x400-1-300x200.jpg\" alt=\"\" width=\"300\" height=\"200\" srcset=\"https:\/\/natuaventura.com\/en\/wp-content\/uploads\/2020\/07\/carabela-palos-frontera-600x400-1-300x200.jpg 300w, https:\/\/natuaventura.com\/en\/wp-content\/uploads\/2020\/07\/carabela-palos-frontera-600x400-1.jpg 600w\" sizes=\"auto, (max-width: 300px) 100vw, 300px\" \/>  <img loading=\"lazy\" decoding=\"async\" class=\"alignnone wp-image-11597\" src=\"https:\/\/natuaventura.com\/en\/wp-content\/uploads\/2020\/07\/rio-tinto-donana-600x337-1-300x169.jpg\" alt=\"\" width=\"356\" height=\"200\" srcset=\"https:\/\/natuaventura.com\/en\/wp-content\/uploads\/2020\/07\/rio-tinto-donana-600x337-1-300x169.jpg 300w, https:\/\/natuaventura.com\/en\/wp-content\/uploads\/2020\/07\/rio-tinto-donana-600x337-1.jpg 600w\" sizes=\"auto, (max-width: 356px) 100vw, 356px\" \/><\/p>\n<h2><strong>Water sports at Isla Canela<\/strong><\/h2>\n<p>Isla Canela is a vast beach of golden sand where you can take part in all kinds of water sports: kayaking, sailing, kitesurfing, windsurfing, and more \u2014 as well as walking for kilometres along the shore. Do not miss the stunning sunsets that can be seen from these beaches, reflected in the pools of water that form at the water&#8217;s edge. Absolutely unmissable! Isla Canela is located in the municipality of Ayamonte, a charming small town that you must visit for its winding streets, traditional little bars, and authentic Andalusian atmosphere.<\/p>\n<p><img loading=\"lazy\" decoding=\"async\" class=\"alignnone size-medium wp-image-24333\" src=\"https:\/\/natuaventura.com\/en\/wp-content\/uploads\/2023\/03\/Quite-surf-1-300x300.png\" alt=\"\" width=\"300\" height=\"300\" srcset=\"https:\/\/natuaventura.com\/en\/wp-content\/uploads\/2023\/03\/Quite-surf-1-300x300.png 300w, https:\/\/natuaventura.com\/en\/wp-content\/uploads\/2023\/03\/Quite-surf-1-1024x1024.png 1024w, https:\/\/natuaventura.com\/en\/wp-content\/uploads\/2023\/03\/Quite-surf-1-150x150.png 150w, https:\/\/natuaventura.com\/en\/wp-content\/uploads\/2023\/03\/Quite-surf-1-768x768.png 768w, https:\/\/natuaventura.com\/en\/wp-content\/uploads\/2023\/03\/Quite-surf-1.png 1080w\" sizes=\"auto, (max-width: 300px) 100vw, 300px\" \/><\/p>\n<h2><strong>Visit the fish market at Isla Cristina<\/strong><\/h2>\n<p>At the fish market (Lonja) of Isla Cristina \u2014 one of the most important in Spain alongside that of Vigo \u2014 you can witness first-hand the entire journey of the fish: from the moment the boats arrive at the harbour, unload the crates of fresh fish, and take them to the market to be auctioned. We can go along and take in the atmosphere (though buying at auction is not permitted to the public). Every day, hundreds and hundreds of kilograms of fresh fish and seafood arrive, with the star of the auction in this part of the country being the white prawn, served as a tapa and aperitivo in every bar.<\/p>\n<p><img loading=\"lazy\" decoding=\"async\" class=\"alignnone size-medium wp-image-24335\" src=\"https:\/\/natuaventura.com\/en\/wp-content\/uploads\/2023\/03\/Puerto-y-Lonja-Isla-Cristina-300x160.jpg\" alt=\"\" width=\"300\" height=\"160\" srcset=\"https:\/\/natuaventura.com\/en\/wp-content\/uploads\/2023\/03\/Puerto-y-Lonja-Isla-Cristina-300x160.jpg 300w, https:\/\/natuaventura.com\/en\/wp-content\/uploads\/2023\/03\/Puerto-y-Lonja-Isla-Cristina-768x409.jpg 768w, https:\/\/natuaventura.com\/en\/wp-content\/uploads\/2023\/03\/Puerto-y-Lonja-Isla-Cristina.jpg 800w\" sizes=\"auto, (max-width: 300px) 100vw, 300px\" \/><\/p>\n<h2><strong>El Asperillo cliffs<\/strong><\/h2>\n<p>These sandy cliffs are striking both for their almost 30 metres in height and their kilometres of length. Beyond their scenic value, they also hold significant geological and ecological importance. Discover them via marked trails such as the Cuesta Maneli path, where you can also learn about the evolution of the dunes through different ecosystems, right down to the cliffs themselves.<\/p>\n<p><img loading=\"lazy\" decoding=\"async\" class=\"alignnone size-medium wp-image-24337\" src=\"https:\/\/natuaventura.com\/en\/wp-content\/uploads\/2023\/03\/acantilado-asperillo-panoramica-300x104.jpg\" alt=\"\" width=\"300\" height=\"104\" srcset=\"https:\/\/natuaventura.com\/en\/wp-content\/uploads\/2023\/03\/acantilado-asperillo-panoramica-300x104.jpg 300w, https:\/\/natuaventura.com\/en\/wp-content\/uploads\/2023\/03\/acantilado-asperillo-panoramica-1024x354.jpg 1024w, https:\/\/natuaventura.com\/en\/wp-content\/uploads\/2023\/03\/acantilado-asperillo-panoramica-768x266.jpg 768w, https:\/\/natuaventura.com\/en\/wp-content\/uploads\/2023\/03\/acantilado-asperillo-panoramica.jpg 1200w\" sizes=\"auto, (max-width: 300px) 100vw, 300px\" \/><\/p>\n<h2><strong>R\u00edo Tinto Mining Park<\/strong><\/h2>\n<p>Visit the Mining Museum and explore this park aboard the tourist railway, learning in detail about the area&#8217;s mining history. Located in the former hospital of the Riotinto Company Limited \u2014 the English company that managed mining operations in Huelva until 1954 \u2014 the museum immerses you fully in history, whilst the railway takes you on a 12-kilometre journey through the old mining basin, bringing visitors face to face with the R\u00edo Tinto, whose intense reddish colour, caused by the presence of heavy metals, makes it a unique ecosystem in the world.<\/p>\n<p><img loading=\"lazy\" decoding=\"async\" class=\"alignnone size-full wp-image-24339\" src=\"https:\/\/natuaventura.com\/en\/wp-content\/uploads\/2023\/03\/images.jpg\" alt=\"\" width=\"200\" height=\"249\" \/><\/p>\n<h2><strong>A History lesson at the Columbus Sites<\/strong><\/h2>\n<p>And to round off these 10 things to do on your school trip to Do\u00f1ana, an open-air History lesson on the Discovery of America. In Palos de la Frontera, where the Odiel and Tinto rivers meet, there is a replica of the caravels that accompanied Columbus on his first voyage during the Discovery of America. You can also visit, very close to the Muelle de las Carabelas, the Monastery of La R\u00e1bida \u2014 a key location in the preparations for the long journey to the Indies. A visit declared a Historic-Artistic Site, spanning the municipalities of Moguer and Palos de la Frontera.<\/p>\n<p><img loading=\"lazy\" decoding=\"async\" class=\"alignnone size-medium wp-image-24341\" src=\"https:\/\/natuaventura.com\/en\/wp-content\/uploads\/2023\/03\/Monasterio-Rabida_1618948552_145315013_667x375-300x169.jpg\" alt=\"\" width=\"300\" height=\"169\" srcset=\"https:\/\/natuaventura.com\/en\/wp-content\/uploads\/2023\/03\/Monasterio-Rabida_1618948552_145315013_667x375-300x169.jpg 300w, https:\/\/natuaventura.com\/en\/wp-content\/uploads\/2023\/03\/Monasterio-Rabida_1618948552_145315013_667x375.jpg 667w\" sizes=\"auto, (max-width: 300px) 100vw, 300px\" \/><\/p>\n<h2><strong>Guide to planning your school trip to Do\u00f1ana<\/strong><\/h2>\n<p>If you are thinking of organising your school trip to Do\u00f1ana, you have come to the right place \u2014 this guide has everything you need before and during the trip: accommodation, gastronomy, transport, possible itineraries, excursions\u2026<\/p>\n<p>Plan your school trip to Do\u00f1ana with Natuaventura. We offer as many possibilities as you can imagine, and a team of monitors with over 15 years of experience in school trips. Do not miss a thing!<\/p>\n<ul>\n<li><a href=\"https:\/\/natuaventura.com\/en\/blog\/organize-your-end-of-year-trip-donana\/\" target=\"_blank\" rel=\"noopener noreferrer\">How to organise your school trip to Do\u00f1ana?<\/a><\/li>\n<li><a href=\"https:\/\/natuaventura.com\/en\/blog\/multiadventure-activities-to-do-end-of-year-trip-donana\/\" target=\"_blank\" rel=\"noopener noreferrer\">Multi-adventure activities in Do\u00f1ana<\/a><\/li>\n<li><a href=\"https:\/\/natuaventura.com\/en\/blog\/end-of-year-trip-in-donana-3-days\/\" target=\"_blank\" rel=\"noopener noreferrer\">School trip to Do\u00f1ana in 3 days<\/a><\/li>\n<li><a href=\"https:\/\/natuaventura.com\/en\/blog\/where-to-stay-end-of-year-trip-donana\/\" target=\"_blank\" rel=\"noopener noreferrer\">Where to stay on your school trip to Do\u00f1ana?<\/a><\/li>\n<li><a href=\"https:\/\/natuaventura.com\/en\/blog\/things-to-do-on-your-end-of-year-trip-donana\/\" target=\"_blank\" rel=\"noopener noreferrer\">10 places to visit on your school trip to Do\u00f1ana<\/a><\/li>\n<\/ul>\n<p>For more information about the possibilities for your school trip to Do\u00f1ana, or any other destination, you can contact us at <a href=\"mailto:info@natuaventura.com\">info@natuaventura.com<\/a> or by calling 91 714 06 36.<\/p>\n","protected":false},"excerpt":{"rendered":"<p>We bring you the second part of 10 things to do on your school trip to Do\u00f1ana. We have already visited the National Park, explored the most well-known spots, and sampled the traditional local cuisine. Now it is time to discover the coastal area, enjoy walks along the beach, and learn a little more about [&#8230;]\n","protected":false},"author":36,"featured_media":11595,"parent":0,"menu_order":0,"comment_status":"closed","ping_status":"closed","template":"page-blank-title-center.php","meta":{"footnotes":""},"categories":[4,38],"tags":[545,567],"class_list":["post-11594","page","type-page","status-publish","has-post-thumbnail","hentry","category-blog","category-viajes-de-fin-de-curso-blog","tag-viaje-de-fin-de-curso","tag-viaje-de-fin-de-curso-a-donana"],"yoast_head":"<!-- This site is optimized with the Yoast SEO Premium plugin v27.3 (Yoast SEO v27.3) - https:\/\/yoast.com\/product\/yoast-seo-premium-wordpress\/ -->\n<title>10 cosas que hacer en tu viaje de fin de curso a Do\u00f1ana | Natuaventura<\/title>\n<meta name=\"description\" content=\"Visita a las minas del R\u00edo Tinto, deportes n\u00e1uticos, excursi\u00f3n a los Lugares Colombinos... descubre 10 cosas que hacer en tu viaje de fin de curso a Do\u00f1ana.\" \/>\n<meta name=\"robots\" content=\"index, follow, max-snippet:-1, max-image-preview:large, max-video-preview:-1\" \/>\n<link rel=\"canonical\" href=\"https:\/\/natuaventura.com\/en\/things-to-do-on-your-end-of-year-trip-donana\/\" \/>\n<meta property=\"og:locale\" content=\"es_ES\" \/>\n<meta property=\"og:type\" content=\"article\" \/>\n<meta property=\"og:title\" content=\"10 Things to Do on Your School Trip to Do\u00f1ana\" \/>\n<meta property=\"og:description\" content=\"Visita a las minas del R\u00edo Tinto, deportes n\u00e1uticos, excursi\u00f3n a los Lugares Colombinos... descubre 10 cosas que hacer en tu viaje de fin de curso a Do\u00f1ana.\" \/>\n<meta property=\"og:url\" content=\"https:\/\/natuaventura.com\/en\/things-to-do-on-your-end-of-year-trip-donana\/\" \/>\n<meta property=\"og:site_name\" content=\"Campamentos de verano y Viajes fin de curso - Natuaventura\" \/>\n<meta property=\"article:publisher\" content=\"https:\/\/www.facebook.com\/NatuaventuraOcioTiempoLibre\/\" \/>\n<meta property=\"article:modified_time\" content=\"2026-04-15T22:44:05+00:00\" \/>\n<meta property=\"og:image\" content=\"https:\/\/natuaventura.com\/en\/wp-content\/uploads\/2020\/07\/atardecer-playa-donana-870x480-1.jpg\" \/>\n\t<meta property=\"og:image:width\" content=\"870\" \/>\n\t<meta property=\"og:image:height\" content=\"480\" \/>\n\t<meta property=\"og:image:type\" content=\"image\/jpeg\" \/>\n<meta name=\"twitter:card\" content=\"summary_large_image\" \/>\n<meta name=\"twitter:label1\" content=\"Tiempo de lectura\" \/>\n\t<meta name=\"twitter:data1\" content=\"5 minutos\" \/>\n<script type=\"application\/ld+json\" class=\"yoast-schema-graph\">{\"@context\":\"https:\\\/\\\/schema.org\",\"@graph\":[{\"@type\":\"WebPage\",\"@id\":\"https:\\\/\\\/natuaventura.com\\\/en\\\/things-to-do-on-your-end-of-year-trip-donana\\\/\",\"url\":\"https:\\\/\\\/natuaventura.com\\\/en\\\/things-to-do-on-your-end-of-year-trip-donana\\\/\",\"name\":\"10 cosas que hacer en tu viaje de fin de curso a Do\u00f1ana | Natuaventura\",\"isPartOf\":{\"@id\":\"https:\\\/\\\/natuaventura.com\\\/en\\\/#website\"},\"primaryImageOfPage\":{\"@id\":\"https:\\\/\\\/natuaventura.com\\\/en\\\/things-to-do-on-your-end-of-year-trip-donana\\\/#primaryimage\"},\"image\":{\"@id\":\"https:\\\/\\\/natuaventura.com\\\/en\\\/things-to-do-on-your-end-of-year-trip-donana\\\/#primaryimage\"},\"thumbnailUrl\":\"https:\\\/\\\/natuaventura.com\\\/en\\\/wp-content\\\/uploads\\\/2020\\\/07\\\/atardecer-playa-donana-870x480-1.jpg\",\"datePublished\":\"2020-07-22T21:25:07+00:00\",\"dateModified\":\"2026-04-15T22:44:05+00:00\",\"description\":\"Visita a las minas del R\u00edo Tinto, deportes n\u00e1uticos, excursi\u00f3n a los Lugares Colombinos... descubre 10 cosas que hacer en tu viaje de fin de curso a Do\u00f1ana.\",\"breadcrumb\":{\"@id\":\"https:\\\/\\\/natuaventura.com\\\/en\\\/things-to-do-on-your-end-of-year-trip-donana\\\/#breadcrumb\"},\"inLanguage\":\"es\",\"potentialAction\":[{\"@type\":\"ReadAction\",\"target\":[\"https:\\\/\\\/natuaventura.com\\\/en\\\/things-to-do-on-your-end-of-year-trip-donana\\\/\"]}]},{\"@type\":\"ImageObject\",\"inLanguage\":\"es\",\"@id\":\"https:\\\/\\\/natuaventura.com\\\/en\\\/things-to-do-on-your-end-of-year-trip-donana\\\/#primaryimage\",\"url\":\"https:\\\/\\\/natuaventura.com\\\/en\\\/wp-content\\\/uploads\\\/2020\\\/07\\\/atardecer-playa-donana-870x480-1.jpg\",\"contentUrl\":\"https:\\\/\\\/natuaventura.com\\\/en\\\/wp-content\\\/uploads\\\/2020\\\/07\\\/atardecer-playa-donana-870x480-1.jpg\",\"width\":870,\"height\":480},{\"@type\":\"BreadcrumbList\",\"@id\":\"https:\\\/\\\/natuaventura.com\\\/en\\\/things-to-do-on-your-end-of-year-trip-donana\\\/#breadcrumb\",\"itemListElement\":[{\"@type\":\"ListItem\",\"position\":1,\"name\":\"Portada\",\"item\":\"https:\\\/\\\/natuaventura.com\\\/en\\\/\"},{\"@type\":\"ListItem\",\"position\":2,\"name\":\"10 Things to Do on Your School Trip to Do\u00f1ana\"}]},{\"@type\":\"WebSite\",\"@id\":\"https:\\\/\\\/natuaventura.com\\\/en\\\/#website\",\"url\":\"https:\\\/\\\/natuaventura.com\\\/en\\\/\",\"name\":\"Campamentos de verano y Viajes fin de curso 2025 - Natuaventura\",\"description\":\"Campamentos de verano y Viajes fin de curso - Natuaventura\",\"publisher\":{\"@id\":\"https:\\\/\\\/natuaventura.com\\\/en\\\/#organization\"},\"potentialAction\":[{\"@type\":\"SearchAction\",\"target\":{\"@type\":\"EntryPoint\",\"urlTemplate\":\"https:\\\/\\\/natuaventura.com\\\/en\\\/?s={search_term_string}\"},\"query-input\":{\"@type\":\"PropertyValueSpecification\",\"valueRequired\":true,\"valueName\":\"search_term_string\"}}],\"inLanguage\":\"es\"},{\"@type\":\"Organization\",\"@id\":\"https:\\\/\\\/natuaventura.com\\\/en\\\/#organization\",\"name\":\"Natuaventura Ocio y Tiempo Libre\",\"url\":\"https:\\\/\\\/natuaventura.com\\\/en\\\/\",\"logo\":{\"@type\":\"ImageObject\",\"inLanguage\":\"es\",\"@id\":\"https:\\\/\\\/natuaventura.com\\\/en\\\/#\\\/schema\\\/logo\\\/image\\\/\",\"url\":\"https:\\\/\\\/natuaventura.com\\\/en\\\/wp-content\\\/uploads\\\/2016\\\/04\\\/propuesta-logo.png\",\"contentUrl\":\"https:\\\/\\\/natuaventura.com\\\/en\\\/wp-content\\\/uploads\\\/2016\\\/04\\\/propuesta-logo.png\",\"width\":604,\"height\":175,\"caption\":\"Natuaventura Ocio y Tiempo Libre\"},\"image\":{\"@id\":\"https:\\\/\\\/natuaventura.com\\\/en\\\/#\\\/schema\\\/logo\\\/image\\\/\"},\"sameAs\":[\"https:\\\/\\\/www.facebook.com\\\/NatuaventuraOcioTiempoLibre\\\/\"]}]}<\/script>\n<!-- \/ Yoast SEO Premium plugin. -->","yoast_head_json":{"title":"10 cosas que hacer en tu viaje de fin de curso a Do\u00f1ana | Natuaventura","description":"Visita a las minas del R\u00edo Tinto, deportes n\u00e1uticos, excursi\u00f3n a los Lugares Colombinos... descubre 10 cosas que hacer en tu viaje de fin de curso a Do\u00f1ana.","robots":{"index":"index","follow":"follow","max-snippet":"max-snippet:-1","max-image-preview":"max-image-preview:large","max-video-preview":"max-video-preview:-1"},"canonical":"https:\/\/natuaventura.com\/en\/things-to-do-on-your-end-of-year-trip-donana\/","og_locale":"es_ES","og_type":"article","og_title":"10 Things to Do on Your School Trip to Do\u00f1ana","og_description":"Visita a las minas del R\u00edo Tinto, deportes n\u00e1uticos, excursi\u00f3n a los Lugares Colombinos... descubre 10 cosas que hacer en tu viaje de fin de curso a Do\u00f1ana.","og_url":"https:\/\/natuaventura.com\/en\/things-to-do-on-your-end-of-year-trip-donana\/","og_site_name":"Campamentos de verano y Viajes fin de curso - Natuaventura","article_publisher":"https:\/\/www.facebook.com\/NatuaventuraOcioTiempoLibre\/","article_modified_time":"2026-04-15T22:44:05+00:00","og_image":[{"width":870,"height":480,"url":"https:\/\/natuaventura.com\/en\/wp-content\/uploads\/2020\/07\/atardecer-playa-donana-870x480-1.jpg","type":"image\/jpeg"}],"twitter_card":"summary_large_image","twitter_misc":{"Tiempo de lectura":"5 minutos"},"schema":{"@context":"https:\/\/schema.org","@graph":[{"@type":"WebPage","@id":"https:\/\/natuaventura.com\/en\/things-to-do-on-your-end-of-year-trip-donana\/","url":"https:\/\/natuaventura.com\/en\/things-to-do-on-your-end-of-year-trip-donana\/","name":"10 cosas que hacer en tu viaje de fin de curso a Do\u00f1ana | Natuaventura","isPartOf":{"@id":"https:\/\/natuaventura.com\/en\/#website"},"primaryImageOfPage":{"@id":"https:\/\/natuaventura.com\/en\/things-to-do-on-your-end-of-year-trip-donana\/#primaryimage"},"image":{"@id":"https:\/\/natuaventura.com\/en\/things-to-do-on-your-end-of-year-trip-donana\/#primaryimage"},"thumbnailUrl":"https:\/\/natuaventura.com\/en\/wp-content\/uploads\/2020\/07\/atardecer-playa-donana-870x480-1.jpg","datePublished":"2020-07-22T21:25:07+00:00","dateModified":"2026-04-15T22:44:05+00:00","description":"Visita a las minas del R\u00edo Tinto, deportes n\u00e1uticos, excursi\u00f3n a los Lugares Colombinos... descubre 10 cosas que hacer en tu viaje de fin de curso a Do\u00f1ana.","breadcrumb":{"@id":"https:\/\/natuaventura.com\/en\/things-to-do-on-your-end-of-year-trip-donana\/#breadcrumb"},"inLanguage":"es","potentialAction":[{"@type":"ReadAction","target":["https:\/\/natuaventura.com\/en\/things-to-do-on-your-end-of-year-trip-donana\/"]}]},{"@type":"ImageObject","inLanguage":"es","@id":"https:\/\/natuaventura.com\/en\/things-to-do-on-your-end-of-year-trip-donana\/#primaryimage","url":"https:\/\/natuaventura.com\/en\/wp-content\/uploads\/2020\/07\/atardecer-playa-donana-870x480-1.jpg","contentUrl":"https:\/\/natuaventura.com\/en\/wp-content\/uploads\/2020\/07\/atardecer-playa-donana-870x480-1.jpg","width":870,"height":480},{"@type":"BreadcrumbList","@id":"https:\/\/natuaventura.com\/en\/things-to-do-on-your-end-of-year-trip-donana\/#breadcrumb","itemListElement":[{"@type":"ListItem","position":1,"name":"Portada","item":"https:\/\/natuaventura.com\/en\/"},{"@type":"ListItem","position":2,"name":"10 Things to Do on Your School Trip to Do\u00f1ana"}]},{"@type":"WebSite","@id":"https:\/\/natuaventura.com\/en\/#website","url":"https:\/\/natuaventura.com\/en\/","name":"Campamentos de verano y Viajes fin de curso 2025 - Natuaventura","description":"Campamentos de verano y Viajes fin de curso - Natuaventura","publisher":{"@id":"https:\/\/natuaventura.com\/en\/#organization"},"potentialAction":[{"@type":"SearchAction","target":{"@type":"EntryPoint","urlTemplate":"https:\/\/natuaventura.com\/en\/?s={search_term_string}"},"query-input":{"@type":"PropertyValueSpecification","valueRequired":true,"valueName":"search_term_string"}}],"inLanguage":"es"},{"@type":"Organization","@id":"https:\/\/natuaventura.com\/en\/#organization","name":"Natuaventura Ocio y Tiempo Libre","url":"https:\/\/natuaventura.com\/en\/","logo":{"@type":"ImageObject","inLanguage":"es","@id":"https:\/\/natuaventura.com\/en\/#\/schema\/logo\/image\/","url":"https:\/\/natuaventura.com\/en\/wp-content\/uploads\/2016\/04\/propuesta-logo.png","contentUrl":"https:\/\/natuaventura.com\/en\/wp-content\/uploads\/2016\/04\/propuesta-logo.png","width":604,"height":175,"caption":"Natuaventura Ocio y Tiempo Libre"},"image":{"@id":"https:\/\/natuaventura.com\/en\/#\/schema\/logo\/image\/"},"sameAs":["https:\/\/www.facebook.com\/NatuaventuraOcioTiempoLibre\/"]}]}},"_links":{"self":[{"href":"https:\/\/natuaventura.com\/en\/wp-json\/wp\/v2\/pages\/11594","targetHints":{"allow":["GET"]}}],"collection":[{"href":"https:\/\/natuaventura.com\/en\/wp-json\/wp\/v2\/pages"}],"about":[{"href":"https:\/\/natuaventura.com\/en\/wp-json\/wp\/v2\/types\/page"}],"author":[{"embeddable":true,"href":"https:\/\/natuaventura.com\/en\/wp-json\/wp\/v2\/users\/36"}],"replies":[{"embeddable":true,"href":"https:\/\/natuaventura.com\/en\/wp-json\/wp\/v2\/comments?post=11594"}],"version-history":[{"count":12,"href":"https:\/\/natuaventura.com\/en\/wp-json\/wp\/v2\/pages\/11594\/revisions"}],"predecessor-version":[{"id":43125,"href":"https:\/\/natuaventura.com\/en\/wp-json\/wp\/v2\/pages\/11594\/revisions\/43125"}],"wp:featuredmedia":[{"embeddable":true,"href":"https:\/\/natuaventura.com\/en\/wp-json\/wp\/v2\/media\/11595"}],"wp:attachment":[{"href":"https:\/\/natuaventura.com\/en\/wp-json\/wp\/v2\/media?parent=11594"}],"wp:term":[{"taxonomy":"category","embeddable":true,"href":"https:\/\/natuaventura.com\/en\/wp-json\/wp\/v2\/categories?post=11594"},{"taxonomy":"post_tag","embeddable":true,"href":"https:\/\/natuaventura.com\/en\/wp-json\/wp\/v2\/tags?post=11594"}],"curies":[{"name":"wp","href":"https:\/\/api.w.org\/{rel}","templated":true}]}}