{"id":11821,"date":"2020-07-23T17:17:34","date_gmt":"2020-07-23T17:17:34","guid":{"rendered":"http:\/\/natuaventura.com\/?page_id=11821"},"modified":"2026-04-15T22:44:09","modified_gmt":"2026-04-15T22:44:09","slug":"madrid-dos-dias","status":"publish","type":"page","link":"https:\/\/natuaventura.com\/en\/madrid-dos-dias\/","title":{"rendered":"What to See in Madrid in 2 Days"},"content":{"rendered":"<p>A school trip always offers a great mix of activities for all tastes: leisure excursions to theme parks, walks in nature and\/or parks, cultural and sporting activities, local gastronomy, and more. But the main focus of the whole trip is getting to know and explore in depth the city that is your destination. Would you like to know what to visit in Madrid in 2 days? Read on.<\/p>\n<p>Although we know that school trips usually last no more than 4 or 5 days, we always recommend that you prioritise and don&#8217;t go overboard with the activity programme: it&#8217;s better to know the top 10 places to visit at each destination and see them at a comfortable pace, rather than trying to cover everything and knowing that you&#8217;ll only be passing through and the students will ultimately remember nothing. In this article we take you on a two-day urban tour of the main landmarks, so that you can spend the rest of the time enjoying other types of excursions \u2014 for which we also make a brief suggestion at the end of the post.<\/p>\n<p><img loading=\"lazy\" decoding=\"async\" class=\"alignnone size-medium wp-image-11822\" src=\"https:\/\/natuaventura.com\/en\/wp-content\/uploads\/2023\/01\/madrid-dos-dias-300x178.webp\" alt=\"\" width=\"300\" height=\"178\" \/>  <img loading=\"lazy\" decoding=\"async\" class=\"alignnone wp-image-11823\" src=\"https:\/\/natuaventura.com\/en\/wp-content\/uploads\/2020\/07\/noche-madrid-600x352-1-300x176.jpg\" alt=\"\" width=\"303\" height=\"178\" srcset=\"https:\/\/natuaventura.com\/en\/wp-content\/uploads\/2020\/07\/noche-madrid-600x352-1-300x176.jpg 300w, https:\/\/natuaventura.com\/en\/wp-content\/uploads\/2020\/07\/noche-madrid-600x352-1.jpg 600w\" sizes=\"auto, (max-width: 303px) 100vw, 303px\" \/><\/p>\n<h2>Day 1: Visit to the City Centre and Its Monuments<\/h2>\n<p>We begin our visit to Madrid at kilometre zero: the Puerta del Sol. This iconic spot is where the bells ring in the New Year every New Year&#8217;s Eve. To explore the surrounding area, we can take Calle Arenal, which starts at the Puerta del Sol and leads us to the \u00d3pera area, known for housing the historic building of the National Theatre. Continuing in that direction, we will find the Plaza de Oriente with the Royal Palace, the Almudena Cathedral and the Royal Palace Gardens, also known as the Jardines de Sabatini.<\/p>\n<p>Next, we head to the Plaza Mayor (the easiest way is to return to the Puerta del Sol and enter via Calle Mayor). Around the square you can find many tapas bars and places to have a beer, at rather steep prices since it is a very touristy area, though the traditional must-try is the calamares bocadillo (squid sandwich). A visit to the Mercado de San Miguel, which is right next to one of the entrances to the square, is also essential.<\/p>\n<p>If you leave through the entrance opposite to where you came in, you&#8217;ll reach the historic La Latina neighbourhood in about 10 minutes. There you can enjoy tapas at the most famous bars (La B\u00faha, El Viajero, El Pez Tortilla\u2026), visit the lively squares, explore the wonderful Mercado de la Cebada with its many long-established shops, or if you prefer, walk a little further and have lunch at the Jardines de las Vistillas, from where you&#8217;ll have impressive views over Madrid.<\/p>\n<h3>Shopping and Tapas<\/h3>\n<p>In the afternoon, we head back to Sol once more, walking up the bustling Calle Preciados (where we can stop for all kinds of shopping) to the Plaza de Callao and the Gran V\u00eda, and then stroll the full length of this famous street down to Plaza de Espa\u00f1a, one of the largest and most notable squares in Madrid. Walking down the full length of the square and continuing to the right, we come to the Temple of Debod, situated on a viewpoint with its own gardens. A magical and very peaceful spot from which you can watch one of the best sunsets in the city. Get there early to find a good spot!<\/p>\n<p>After this moment, the best option is to end the day in the nearby Malasa\u00f1a neighbourhood, known for its hipster aesthetic. From 8pm the streets fill with people, noise, terraces and a great atmosphere. Don&#8217;t miss any of the typical tapas served in the bars of this, the most trendy neighbourhood in the city!<\/p>\n<h2>Day 2: Cultural Tour<\/h2>\n<p>What else to see in Madrid in 2 days? Atocha station is the starting point for this second day of sightseeing, and is itself a historic building. From Atocha we have several options, all with plenty to offer. We can visit the nearby Retiro park by simply heading up the Cuesta de Moyano, where we&#8217;ll find the typical stalls selling new and second-hand books that have been there for many years. Later, we should also visit at least one of the museums of the famous golden triangle: the Thyssen, the Prado and the Reina Sof\u00eda. And alongside them, the Botanical Garden, which has free entry on Tuesday afternoons. If we take the Paseo del Prado and leave the museums behind, we come across two of the most important fountains for Madrid residents, one after the other: the Cibeles fountain and the Neptune fountain.<\/p>\n<p>Once the sightseeing tour is done, we can relax with a gentle stroll through the streets of the Barrio de las Letras, one of the most significant and ancient neighbourhoods in the city. Alternatively, we can head from Atocha to the multicultural Lavapi\u00e9s neighbourhood and discover all its bars, with a wide and diverse culinary offering.<\/p>\n<p>Oh! And don&#8217;t forget that if your visit to the city falls on a Sunday, you&#8217;ll have to pay a compulsory visit to the largest and most famous flea market in the country: El Rastro.<\/p>\n<h2>What Else to See in Madrid in 2 Days? Extra Excursions<\/h2>\n<p>If your programme includes more than 2 days in the city, we recommend excursions to the outskirts of the city and the Madrid mountains, or to neighbouring cities and towns, such as Toledo, \u00c1vila, Aranjuez, El Escorial or Alcal\u00e1 de Henares.<\/p>\n<p>On the other hand, for the students it would probably be very interesting to visit one of the city&#8217;s theme parks: Parque Warner, Parque de Atracciones or Parque Europa.<\/p>\n<p>And for football fans, there is also the option of visiting the stadiums of the city&#8217;s two rival clubs: Real Madrid&#8217;s Santiago Bernab\u00e9u and Atl\u00e9tico de Madrid&#8217;s Wanda Metropolitano.<\/p>\n<h2>Guide to Organising Your School Trip to Madrid<\/h2>\n<p>Find out more in this special travel guide that we have prepared so that teachers can comfortably plan and organise their school trip. Tell us your needs and preferences and we will tailor the trip to suit you. Everything about your group trip to Madrid:<\/p>\n<ul>\n<li>\n<ul>\n<li><a href=\"https:\/\/natuaventura.com\/en\/blog\/organize-trip-students-madrid\/\" target=\"_blank\" rel=\"noopener noreferrer\">Organise your trip to Madrid with students<\/a><\/li>\n<li><a href=\"https:\/\/natuaventura.com\/en\/blog\/eat-groups-madrid\/\" target=\"_blank\" rel=\"noopener noreferrer\">Where to eat in Madrid with school groups?<\/a><\/li>\n<li><a href=\"https:\/\/natuaventura.com\/en\/blog\/accommodation-groups-madrid\/\" target=\"_blank\" rel=\"noopener noreferrer\">Accommodation in Madrid for groups<\/a><\/li>\n<li><a href=\"https:\/\/natuaventura.com\/en\/blog\/multiadventure-activities-madrid\/\" target=\"_blank\" rel=\"noopener noreferrer\">Multi-adventure activities for groups<\/a><\/li>\n<li><a href=\"https:\/\/natuaventura.com\/en\/madrid-dos-dias\/\" target=\"_blank\" rel=\"noopener noreferrer\">Visit Madrid in 2 days<\/a><\/li>\n<li><a href=\"https:\/\/natuaventura.com\/en\/blog\/shopping-madrid\/\" target=\"_blank\" rel=\"noopener noreferrer\">A shopping day in Madrid<\/a><\/li>\n<\/ul>\n<\/li>\n<\/ul>\n","protected":false},"excerpt":{"rendered":"<p>A school trip always offers a great mix of activities for all tastes: leisure excursions to theme parks, walks in nature and\/or parks, cultural and sporting activities, local gastronomy, and more. But the main focus of the whole trip is getting to know and explore in depth the city that is your destination. Would you [&#8230;]\n","protected":false},"author":36,"featured_media":11824,"parent":0,"menu_order":0,"comment_status":"closed","ping_status":"closed","template":"page-blank-title-center.php","meta":{"footnotes":""},"categories":[4,38],"tags":[597,596,599,598],"class_list":["post-11821","page","type-page","status-publish","has-post-thumbnail","hentry","category-blog","category-viajes-de-fin-de-curso-blog","tag-que-ver-en-madrid","tag-que-ver-en-madrid-en-2-dias","tag-viajar-a-madrid","tag-visitar-madrid"],"yoast_head":"<!-- This site is optimized with the Yoast SEO Premium plugin v27.3 (Yoast SEO v27.3) - https:\/\/yoast.com\/product\/yoast-seo-premium-wordpress\/ -->\n<title>Qu\u00e9 visitar en Madrid en 2 d\u00edas en tu viaje de fin de curso | Natuaventura<\/title>\n<meta name=\"description\" content=\"Planifica tu visita expr\u00e9s por los monumentos m\u00e1s emblem\u00e1ticos de Madrid. \u00a1Te recomendamos un recorrido tur\u00edstico que visitar en Madrid en 2 d\u00edas! \u00a1Llama!\" \/>\n<meta name=\"robots\" content=\"index, follow, max-snippet:-1, max-image-preview:large, max-video-preview:-1\" \/>\n<link rel=\"canonical\" href=\"https:\/\/natuaventura.com\/en\/madrid-dos-dias\/\" \/>\n<meta property=\"og:locale\" content=\"es_ES\" \/>\n<meta property=\"og:type\" content=\"article\" \/>\n<meta property=\"og:title\" content=\"What to See in Madrid in 2 Days\" \/>\n<meta property=\"og:description\" content=\"Planifica tu visita expr\u00e9s por los monumentos m\u00e1s emblem\u00e1ticos de Madrid. \u00a1Te recomendamos un recorrido tur\u00edstico que visitar en Madrid en 2 d\u00edas! \u00a1Llama!\" \/>\n<meta property=\"og:url\" content=\"https:\/\/natuaventura.com\/en\/madrid-dos-dias\/\" \/>\n<meta property=\"og:site_name\" content=\"Campamentos de verano y Viajes fin de curso - Natuaventura\" \/>\n<meta property=\"article:publisher\" content=\"https:\/\/www.facebook.com\/NatuaventuraOcioTiempoLibre\/\" \/>\n<meta property=\"article:modified_time\" content=\"2026-04-15T22:44:09+00:00\" \/>\n<meta property=\"og:image\" content=\"https:\/\/natuaventura.com\/en\/wp-content\/uploads\/2020\/07\/puerta-alcala-madrid-870x480-1.jpg\" \/>\n\t<meta property=\"og:image:width\" content=\"870\" \/>\n\t<meta property=\"og:image:height\" content=\"480\" \/>\n\t<meta property=\"og:image:type\" content=\"image\/jpeg\" \/>\n<meta name=\"twitter:card\" content=\"summary_large_image\" \/>\n<meta name=\"twitter:label1\" content=\"Tiempo de lectura\" \/>\n\t<meta name=\"twitter:data1\" content=\"6 minutos\" \/>\n<script type=\"application\/ld+json\" class=\"yoast-schema-graph\">{\"@context\":\"https:\\\/\\\/schema.org\",\"@graph\":[{\"@type\":\"WebPage\",\"@id\":\"https:\\\/\\\/natuaventura.com\\\/en\\\/madrid-dos-dias\\\/\",\"url\":\"https:\\\/\\\/natuaventura.com\\\/en\\\/madrid-dos-dias\\\/\",\"name\":\"Qu\u00e9 visitar en Madrid en 2 d\u00edas en tu viaje de fin de curso | Natuaventura\",\"isPartOf\":{\"@id\":\"https:\\\/\\\/natuaventura.com\\\/en\\\/#website\"},\"primaryImageOfPage\":{\"@id\":\"https:\\\/\\\/natuaventura.com\\\/en\\\/madrid-dos-dias\\\/#primaryimage\"},\"image\":{\"@id\":\"https:\\\/\\\/natuaventura.com\\\/en\\\/madrid-dos-dias\\\/#primaryimage\"},\"thumbnailUrl\":\"https:\\\/\\\/natuaventura.com\\\/en\\\/wp-content\\\/uploads\\\/2020\\\/07\\\/puerta-alcala-madrid-870x480-1.jpg\",\"datePublished\":\"2020-07-23T17:17:34+00:00\",\"dateModified\":\"2026-04-15T22:44:09+00:00\",\"description\":\"Planifica tu visita expr\u00e9s por los monumentos m\u00e1s emblem\u00e1ticos de Madrid. \u00a1Te recomendamos un recorrido tur\u00edstico que visitar en Madrid en 2 d\u00edas! \u00a1Llama!\",\"breadcrumb\":{\"@id\":\"https:\\\/\\\/natuaventura.com\\\/en\\\/madrid-dos-dias\\\/#breadcrumb\"},\"inLanguage\":\"es\",\"potentialAction\":[{\"@type\":\"ReadAction\",\"target\":[\"https:\\\/\\\/natuaventura.com\\\/en\\\/madrid-dos-dias\\\/\"]}]},{\"@type\":\"ImageObject\",\"inLanguage\":\"es\",\"@id\":\"https:\\\/\\\/natuaventura.com\\\/en\\\/madrid-dos-dias\\\/#primaryimage\",\"url\":\"https:\\\/\\\/natuaventura.com\\\/en\\\/wp-content\\\/uploads\\\/2020\\\/07\\\/puerta-alcala-madrid-870x480-1.jpg\",\"contentUrl\":\"https:\\\/\\\/natuaventura.com\\\/en\\\/wp-content\\\/uploads\\\/2020\\\/07\\\/puerta-alcala-madrid-870x480-1.jpg\",\"width\":870,\"height\":480},{\"@type\":\"BreadcrumbList\",\"@id\":\"https:\\\/\\\/natuaventura.com\\\/en\\\/madrid-dos-dias\\\/#breadcrumb\",\"itemListElement\":[{\"@type\":\"ListItem\",\"position\":1,\"name\":\"Portada\",\"item\":\"https:\\\/\\\/natuaventura.com\\\/en\\\/\"},{\"@type\":\"ListItem\",\"position\":2,\"name\":\"What to See in Madrid in 2 Days\"}]},{\"@type\":\"WebSite\",\"@id\":\"https:\\\/\\\/natuaventura.com\\\/en\\\/#website\",\"url\":\"https:\\\/\\\/natuaventura.com\\\/en\\\/\",\"name\":\"Campamentos de verano y Viajes fin de curso 2025 - Natuaventura\",\"description\":\"Campamentos de verano y Viajes fin de curso - Natuaventura\",\"publisher\":{\"@id\":\"https:\\\/\\\/natuaventura.com\\\/en\\\/#organization\"},\"potentialAction\":[{\"@type\":\"SearchAction\",\"target\":{\"@type\":\"EntryPoint\",\"urlTemplate\":\"https:\\\/\\\/natuaventura.com\\\/en\\\/?s={search_term_string}\"},\"query-input\":{\"@type\":\"PropertyValueSpecification\",\"valueRequired\":true,\"valueName\":\"search_term_string\"}}],\"inLanguage\":\"es\"},{\"@type\":\"Organization\",\"@id\":\"https:\\\/\\\/natuaventura.com\\\/en\\\/#organization\",\"name\":\"Natuaventura Ocio y Tiempo Libre\",\"url\":\"https:\\\/\\\/natuaventura.com\\\/en\\\/\",\"logo\":{\"@type\":\"ImageObject\",\"inLanguage\":\"es\",\"@id\":\"https:\\\/\\\/natuaventura.com\\\/en\\\/#\\\/schema\\\/logo\\\/image\\\/\",\"url\":\"https:\\\/\\\/natuaventura.com\\\/en\\\/wp-content\\\/uploads\\\/2016\\\/04\\\/propuesta-logo.png\",\"contentUrl\":\"https:\\\/\\\/natuaventura.com\\\/en\\\/wp-content\\\/uploads\\\/2016\\\/04\\\/propuesta-logo.png\",\"width\":604,\"height\":175,\"caption\":\"Natuaventura Ocio y Tiempo Libre\"},\"image\":{\"@id\":\"https:\\\/\\\/natuaventura.com\\\/en\\\/#\\\/schema\\\/logo\\\/image\\\/\"},\"sameAs\":[\"https:\\\/\\\/www.facebook.com\\\/NatuaventuraOcioTiempoLibre\\\/\"]}]}<\/script>\n<!-- \/ Yoast SEO Premium plugin. -->","yoast_head_json":{"title":"Qu\u00e9 visitar en Madrid en 2 d\u00edas en tu viaje de fin de curso | Natuaventura","description":"Planifica tu visita expr\u00e9s por los monumentos m\u00e1s emblem\u00e1ticos de Madrid. \u00a1Te recomendamos un recorrido tur\u00edstico que visitar en Madrid en 2 d\u00edas! \u00a1Llama!","robots":{"index":"index","follow":"follow","max-snippet":"max-snippet:-1","max-image-preview":"max-image-preview:large","max-video-preview":"max-video-preview:-1"},"canonical":"https:\/\/natuaventura.com\/en\/madrid-dos-dias\/","og_locale":"es_ES","og_type":"article","og_title":"What to See in Madrid in 2 Days","og_description":"Planifica tu visita expr\u00e9s por los monumentos m\u00e1s emblem\u00e1ticos de Madrid. \u00a1Te recomendamos un recorrido tur\u00edstico que visitar en Madrid en 2 d\u00edas! \u00a1Llama!","og_url":"https:\/\/natuaventura.com\/en\/madrid-dos-dias\/","og_site_name":"Campamentos de verano y Viajes fin de curso - Natuaventura","article_publisher":"https:\/\/www.facebook.com\/NatuaventuraOcioTiempoLibre\/","article_modified_time":"2026-04-15T22:44:09+00:00","og_image":[{"width":870,"height":480,"url":"https:\/\/natuaventura.com\/en\/wp-content\/uploads\/2020\/07\/puerta-alcala-madrid-870x480-1.jpg","type":"image\/jpeg"}],"twitter_card":"summary_large_image","twitter_misc":{"Tiempo de lectura":"6 minutos"},"schema":{"@context":"https:\/\/schema.org","@graph":[{"@type":"WebPage","@id":"https:\/\/natuaventura.com\/en\/madrid-dos-dias\/","url":"https:\/\/natuaventura.com\/en\/madrid-dos-dias\/","name":"Qu\u00e9 visitar en Madrid en 2 d\u00edas en tu viaje de fin de curso | Natuaventura","isPartOf":{"@id":"https:\/\/natuaventura.com\/en\/#website"},"primaryImageOfPage":{"@id":"https:\/\/natuaventura.com\/en\/madrid-dos-dias\/#primaryimage"},"image":{"@id":"https:\/\/natuaventura.com\/en\/madrid-dos-dias\/#primaryimage"},"thumbnailUrl":"https:\/\/natuaventura.com\/en\/wp-content\/uploads\/2020\/07\/puerta-alcala-madrid-870x480-1.jpg","datePublished":"2020-07-23T17:17:34+00:00","dateModified":"2026-04-15T22:44:09+00:00","description":"Planifica tu visita expr\u00e9s por los monumentos m\u00e1s emblem\u00e1ticos de Madrid. \u00a1Te recomendamos un recorrido tur\u00edstico que visitar en Madrid en 2 d\u00edas! \u00a1Llama!","breadcrumb":{"@id":"https:\/\/natuaventura.com\/en\/madrid-dos-dias\/#breadcrumb"},"inLanguage":"es","potentialAction":[{"@type":"ReadAction","target":["https:\/\/natuaventura.com\/en\/madrid-dos-dias\/"]}]},{"@type":"ImageObject","inLanguage":"es","@id":"https:\/\/natuaventura.com\/en\/madrid-dos-dias\/#primaryimage","url":"https:\/\/natuaventura.com\/en\/wp-content\/uploads\/2020\/07\/puerta-alcala-madrid-870x480-1.jpg","contentUrl":"https:\/\/natuaventura.com\/en\/wp-content\/uploads\/2020\/07\/puerta-alcala-madrid-870x480-1.jpg","width":870,"height":480},{"@type":"BreadcrumbList","@id":"https:\/\/natuaventura.com\/en\/madrid-dos-dias\/#breadcrumb","itemListElement":[{"@type":"ListItem","position":1,"name":"Portada","item":"https:\/\/natuaventura.com\/en\/"},{"@type":"ListItem","position":2,"name":"What to See in Madrid in 2 Days"}]},{"@type":"WebSite","@id":"https:\/\/natuaventura.com\/en\/#website","url":"https:\/\/natuaventura.com\/en\/","name":"Campamentos de verano y Viajes fin de curso 2025 - Natuaventura","description":"Campamentos de verano y Viajes fin de curso - Natuaventura","publisher":{"@id":"https:\/\/natuaventura.com\/en\/#organization"},"potentialAction":[{"@type":"SearchAction","target":{"@type":"EntryPoint","urlTemplate":"https:\/\/natuaventura.com\/en\/?s={search_term_string}"},"query-input":{"@type":"PropertyValueSpecification","valueRequired":true,"valueName":"search_term_string"}}],"inLanguage":"es"},{"@type":"Organization","@id":"https:\/\/natuaventura.com\/en\/#organization","name":"Natuaventura Ocio y Tiempo Libre","url":"https:\/\/natuaventura.com\/en\/","logo":{"@type":"ImageObject","inLanguage":"es","@id":"https:\/\/natuaventura.com\/en\/#\/schema\/logo\/image\/","url":"https:\/\/natuaventura.com\/en\/wp-content\/uploads\/2016\/04\/propuesta-logo.png","contentUrl":"https:\/\/natuaventura.com\/en\/wp-content\/uploads\/2016\/04\/propuesta-logo.png","width":604,"height":175,"caption":"Natuaventura Ocio y Tiempo Libre"},"image":{"@id":"https:\/\/natuaventura.com\/en\/#\/schema\/logo\/image\/"},"sameAs":["https:\/\/www.facebook.com\/NatuaventuraOcioTiempoLibre\/"]}]}},"_links":{"self":[{"href":"https:\/\/natuaventura.com\/en\/wp-json\/wp\/v2\/pages\/11821","targetHints":{"allow":["GET"]}}],"collection":[{"href":"https:\/\/natuaventura.com\/en\/wp-json\/wp\/v2\/pages"}],"about":[{"href":"https:\/\/natuaventura.com\/en\/wp-json\/wp\/v2\/types\/page"}],"author":[{"embeddable":true,"href":"https:\/\/natuaventura.com\/en\/wp-json\/wp\/v2\/users\/36"}],"replies":[{"embeddable":true,"href":"https:\/\/natuaventura.com\/en\/wp-json\/wp\/v2\/comments?post=11821"}],"version-history":[{"count":7,"href":"https:\/\/natuaventura.com\/en\/wp-json\/wp\/v2\/pages\/11821\/revisions"}],"predecessor-version":[{"id":43128,"href":"https:\/\/natuaventura.com\/en\/wp-json\/wp\/v2\/pages\/11821\/revisions\/43128"}],"wp:featuredmedia":[{"embeddable":true,"href":"https:\/\/natuaventura.com\/en\/wp-json\/wp\/v2\/media\/11824"}],"wp:attachment":[{"href":"https:\/\/natuaventura.com\/en\/wp-json\/wp\/v2\/media?parent=11821"}],"wp:term":[{"taxonomy":"category","embeddable":true,"href":"https:\/\/natuaventura.com\/en\/wp-json\/wp\/v2\/categories?post=11821"},{"taxonomy":"post_tag","embeddable":true,"href":"https:\/\/natuaventura.com\/en\/wp-json\/wp\/v2\/tags?post=11821"}],"curies":[{"name":"wp","href":"https:\/\/api.w.org\/{rel}","templated":true}]}}