{"id":11841,"date":"2020-07-23T18:18:12","date_gmt":"2020-07-23T18:18:12","guid":{"rendered":"http:\/\/natuaventura.com\/?page_id=11841"},"modified":"2026-04-15T21:05:34","modified_gmt":"2026-04-15T21:05:34","slug":"eat-groups-madrid","status":"publish","type":"page","link":"https:\/\/natuaventura.com\/en\/eat-groups-madrid\/","title":{"rendered":"\u00bfD\u00f3nde comer con grupos en Madrid?"},"content":{"rendered":"<p>\u00bfEst\u00e1s buscando sitios para comer en Madrid con tu grupo de escolares? Comer con un grupo numeroso en una ciudad tan grande ser\u00e1 un caos asegurado si no se planifica con antelaci\u00f3n. Por ello, debes tener muy en cuenta ciertos factores: la cercan\u00eda a los monumentos que vay\u00e1is a visitar, los espacios que tienen preparados para grupos, si se puede o no reservar; y, por supuesto, el precio.<\/p>\n<p>Si est\u00e1s organizando tu viaje de fin de curso en la capital, aqu\u00ed te proponemos las mejores ideas para probar la gastronom\u00eda local de la ciudad, hacer un par\u00e9ntesis en un parque para preparar un pic-nic o visitar los mejores bares de tapas madrile\u00f1os.<\/p>\n<p><img loading=\"lazy\" decoding=\"async\" class=\"alignnone size-full wp-image-11844\" src=\"https:\/\/natuaventura.com\/en\/wp-content\/uploads\/2020\/07\/croquetas-madrid-300x200-1.jpg\" alt=\"\" width=\"300\" height=\"200\" \/>\u00a0 \u00a0 <img loading=\"lazy\" decoding=\"async\" class=\"alignnone size-full wp-image-11843\" src=\"https:\/\/natuaventura.com\/en\/wp-content\/uploads\/2020\/07\/comer-madrid-300x200-1.jpg\" alt=\"\" width=\"300\" height=\"200\" \/><\/p>\n<h2>Comer al aire libre<\/h2>\n<p>Cuando organizas una excursi\u00f3n en tu viaje de fin de curso siempre aparece la misma pregunta: \u00bfd\u00f3nde comer con grupos escolares en Madrid? La opci\u00f3n m\u00e1s barata, y la mejor en la capital, es organizar paradas estrat\u00e9gicas en sus numerosos parques para hacer un pic-nic. Madrid cuenta con una gran cantidad de espacios al aire libre habilitados para poder pasear, jugar en sus jardines y poder disfrutar la paz y la tranquilidad de la naturaleza en medio de la ciudad. Estas son las mejores posibilidades:<\/p>\n<h3>Centro de la ciudad<\/h3>\n<ul>\n<li><strong>Jard\u00edn del Buen Retiro<\/strong>: es uno de los m\u00e1s emblem\u00e1ticos de Madrid, al lado de la estaci\u00f3n de Atocha. El Retiro es un jard\u00edn hist\u00f3rico y parque p\u00fablico con numerosas fuentes, extensas praderas y un gran estanque de agua. Adem\u00e1s, al estar situado en el centro de la ciudad, es perfecto para una parada r\u00e1pida durante vuestro tour monumental.<\/li>\n<li><strong>Jardines de las Vistillas<\/strong>: es un balc\u00f3n natural situado en la cima de la ciudad, en el barrio de La Latina. Otra opci\u00f3n perfecta si est\u00e1s visitando los alrededores.<\/li>\n<li><strong>Madrid R\u00edo<\/strong>: parque fluvial, situado a los m\u00e1rgenes del r\u00edo Manzanares, consistente en una zona peatonal y de recreo. En este parque, los escolares podr\u00e1n jugar en sus fuentes, toboganes gigantes, originales columpios y skate park. Adem\u00e1s, all\u00ed est\u00e1 localizado el Matadero, uno de los centros culturales m\u00e1s completos de la ciudad.<\/li>\n<li><strong>Parque del Oeste:<\/strong>\u00a0en el distrito de Moncloa encontramos este espacio verde con extensas praderas situado en la misma zona que el templo de Debod.<\/li>\n<\/ul>\n<h3>En las afueras<\/h3>\n<ul>\n<li><strong>Parque Europa<\/strong>: situado en Torrej\u00f3n de Ardoz, es uno de los parques municipales m\u00e1s famosos de la Comunidad de Madrid, pues cuenta con la r\u00e9plica de los monumentos m\u00e1s famosos de Europa. Si decides incluir esta visita en tu planning de tu viaje, ser\u00e1 la sorpresa que tus escolares no esperan, ya que no es el parque m\u00e1s conocido de la ciudad, pero s\u00ed el m\u00e1s original.<\/li>\n<li><strong>Casa de Campo<\/strong>: la Casa de Campo es el parque m\u00e1s grande de Madrid. Una visita a la naturaleza en plena ciudad. Aqu\u00ed podr\u00e9is comer si visit\u00e1is el Zoo o el Parque de Atracciones, dar un paseo en la tranquilidad del parque y hacer una pausa en el bullicio urbano.<\/li>\n<li><strong>Parque Juan Carlos I:<\/strong>\u00a0situado en el Noreste de Madrid, es un gigantesco parque con canales, numerosas fuentes, amplias praderas y m\u00faltiples posibilidades.<\/li>\n<\/ul>\n<h2>Restaurantes donde comer con grupos escolares en Madrid<\/h2>\n<p>Por supuesto, siempre es necesario programar al menos una comida a un restaurante (aunque no sea de la mejor calidad) para que los estudiantes se vayan con un buen sabor de boca. En Madrid existe una gran oferta de men\u00fa para grupos. Estos son algunos de los restaurantes que hemos encontrado para ti y tu grupo:<\/p>\n<ul>\n<li>Topolino<\/li>\n<li>Vips<\/li>\n<li>La Zaguina<\/li>\n<li>Casa Patas<\/li>\n<li>La Chulapa de Alcal\u00e1<\/li>\n<li>Txapela<\/li>\n<li>Botania<\/li>\n<li>Taberna Rayuela<\/li>\n<li>Restaurante la Gaditana<\/li>\n<li>La Puebla<\/li>\n<li>Lamucca de Prado<\/li>\n<li>Museo del Jam\u00f3n<\/li>\n<li>La cocina de San Ant\u00f3n<\/li>\n<li>La cava de Casa Mar\u00eda<\/li>\n<li>Restaurante Casa Salvador<\/li>\n<\/ul>\n<h2>De tapas por Madrid<\/h2>\n<p>Aunque no es la opci\u00f3n m\u00e1s recomendable para grupos, siempre es importante conocer la gastronom\u00eda y el ambiente local. Para esto, nada mejor que ir a los barrios m\u00e1s emblem\u00e1ticos de la ciudad para probar sus cientos de bares de tapas. Picoteo y bullicio, para que los escolares vivan de primera mano la atm\u00f3sfera madrile\u00f1a. Si tienes pensado dejar un espacio de tiempo libre u organizar un paseo nocturno, esta es una buena opci\u00f3n como broche de oro al viaje de fin de curso. Estos son los principales barrios de tapas del centro de Madrid:<\/p>\n<ul>\n<li><strong>Malasa\u00f1a:\u00a0<\/strong>Petisqueira, la Ardosa, Casa Julio, Bar Sidi o Pez Tortilla son algunos de los bares de tapas m\u00e1s conocidos del barrio de moda. No puedes dejar de visitar sus coloridas calles, peque\u00f1os comercios y bares originales que encantar\u00e1 a tu grupo. Adem\u00e1s, podr\u00e1n hacerse las fotos que tanto desean para presumir en redes sociales de su maravilloso viaje de fin de curso en la capital.<\/li>\n<li><strong>La Latina:\u00a0<\/strong>el barrio de tapas por excelencia ofrece un amplio abanico de bares en los que poder tomar unas riqu\u00edsimas croquetas caseras, unas bravas o unos buenos pinchos de tortilla. Te recomendamos, sobre todo, visitar la Cava Alta y la Cava Baja, donde se acumulan el mayor n\u00famero de locales. Algunos nombres: la B\u00faha, el Viajero, Lamiak, Txirimiri, Casa Lucas, Mu\u00f1iz o Casa Amodeo.<\/li>\n<li><strong>Lavapies:\u00a0<\/strong>por \u00faltimo, este barrio multicultural es de paso obligatorio en tu visita a Madrid. La calle Argumosa como arteria principal y sus plazas est\u00e1n repletas de peque\u00f1os bares con comida de todas las culturas: africana, india, asi\u00e1tica, espa\u00f1ola, vasca, etc. \u00a1Visita el Achuri, la Playa de Lavapi\u00e9s, Caf\u00e9 Viralata o Africa Fusi\u00f3n, y lo comprobar\u00e1s!<\/li>\n<\/ul>\n<h2>Gu\u00eda para organizar tu viaje escolar a Madrid<\/h2>\n<p>Conoce m\u00e1s en esta gu\u00eda especial de viaje que hemos preparado para que los y las profesoras pod\u00e1is decidir y organizar c\u00f3modamente vuestro viaje de fin de curso. Cu\u00e9ntanos tus necesidades y preferencias y adaptaremos el viaje a tu medida. Todo sobre tu viaje en grupo a Madrid:<\/p>\n<ul>\n<li><a href=\"https:\/\/natuaventura.com\/en\/blog\/organize-trip-students-madrid\/\" target=\"_blank\" rel=\"noopener noreferrer\">Organiza tu viaje a Madrid con estudiantes<\/a><\/li>\n<li><a href=\"https:\/\/natuaventura.com\/en\/blog\/eat-groups-madrid\/\" target=\"_blank\" rel=\"noopener noreferrer\">\u00bfD\u00f3nde comer en Madrid con grupos escolares?<\/a><\/li>\n<li><a href=\"https:\/\/natuaventura.com\/en\/blog\/accommodation-groups-madrid\/\" target=\"_blank\" rel=\"noopener noreferrer\">Alojamiento en Madrid para grupos<\/a><\/li>\n<li><a href=\"https:\/\/natuaventura.com\/en\/blog\/multiadventure-activities-madrid\/\" target=\"_blank\" rel=\"noopener noreferrer\">Actividades de multiaventura para grupos<\/a><\/li>\n<li><a href=\"https:\/\/natuaventura.com\/en\/madrid-dos-dias\/\" target=\"_blank\" rel=\"noopener noreferrer\">Visita Madrid en 2 d\u00edas<\/a><\/li>\n<li><a href=\"https:\/\/natuaventura.com\/en\/blog\/shopping-madrid\/\" target=\"_blank\" rel=\"noopener noreferrer\">D\u00eda de compras por Madrid<\/a><\/li>\n<\/ul>\n","protected":false},"excerpt":{"rendered":"<p>\u00bfEst\u00e1s buscando sitios para comer en Madrid con tu grupo de escolares? Comer con un grupo numeroso en una ciudad tan grande ser\u00e1 un caos asegurado si no se planifica con antelaci\u00f3n. Por ello, debes tener muy en cuenta ciertos factores: la cercan\u00eda a los monumentos que vay\u00e1is a visitar, los espacios que tienen preparados [&#8230;]\n","protected":false},"author":36,"featured_media":11842,"parent":0,"menu_order":0,"comment_status":"closed","ping_status":"closed","template":"page-blank-title-center.php","meta":{"footnotes":""},"categories":[4,38],"tags":[607,608,609],"class_list":["post-11841","page","type-page","status-publish","has-post-thumbnail","hentry","category-blog","category-viajes-de-fin-de-curso-blog","tag-donde-comer-con-grupos-en-madrid","tag-donde-comer-en-madrid","tag-lugares-para-comer-en-madrid"],"yoast_head":"<!-- This site is optimized with the Yoast SEO Premium plugin v27.3 (Yoast SEO v27.3) - https:\/\/yoast.com\/product\/yoast-seo-premium-wordpress\/ -->\n<title>D\u00f3nde comer con grupos escolares en Madrid | Natuaventura<\/title>\n<meta name=\"description\" content=\"Donde comer en Madrid con grupos. \u00bfEstas organizando tu viaje? Encuentra las mejores opciones para comer en Madrid \u00a1Inf\u00f3rmate YA!\" \/>\n<meta name=\"robots\" content=\"index, follow, max-snippet:-1, max-image-preview:large, max-video-preview:-1\" \/>\n<link rel=\"canonical\" href=\"https:\/\/natuaventura.com\/en\/eat-groups-madrid\/\" \/>\n<meta property=\"og:locale\" content=\"es_ES\" \/>\n<meta property=\"og:type\" content=\"article\" \/>\n<meta property=\"og:title\" content=\"\u00bfD\u00f3nde comer con grupos en Madrid?\" \/>\n<meta property=\"og:description\" content=\"Donde comer en Madrid con grupos. \u00bfEstas organizando tu viaje? Encuentra las mejores opciones para comer en Madrid \u00a1Inf\u00f3rmate YA!\" \/>\n<meta property=\"og:url\" content=\"https:\/\/natuaventura.com\/en\/eat-groups-madrid\/\" \/>\n<meta property=\"og:site_name\" content=\"Campamentos de verano y Viajes fin de curso - Natuaventura\" \/>\n<meta property=\"article:publisher\" content=\"https:\/\/www.facebook.com\/NatuaventuraOcioTiempoLibre\/\" \/>\n<meta property=\"article:modified_time\" content=\"2026-04-15T21:05:34+00:00\" \/>\n<meta property=\"og:image\" content=\"https:\/\/natuaventura.com\/en\/wp-content\/uploads\/2020\/07\/bares-tapas-madrid-870x480-1.jpg\" \/>\n\t<meta property=\"og:image:width\" content=\"870\" \/>\n\t<meta property=\"og:image:height\" content=\"480\" \/>\n\t<meta property=\"og:image:type\" content=\"image\/jpeg\" \/>\n<meta name=\"twitter:card\" content=\"summary_large_image\" \/>\n<meta name=\"twitter:label1\" content=\"Tiempo de lectura\" \/>\n\t<meta name=\"twitter:data1\" content=\"5 minutos\" \/>\n<script type=\"application\/ld+json\" class=\"yoast-schema-graph\">{\"@context\":\"https:\\\/\\\/schema.org\",\"@graph\":[{\"@type\":\"WebPage\",\"@id\":\"https:\\\/\\\/natuaventura.com\\\/en\\\/eat-groups-madrid\\\/\",\"url\":\"https:\\\/\\\/natuaventura.com\\\/en\\\/eat-groups-madrid\\\/\",\"name\":\"D\u00f3nde comer con grupos escolares en Madrid | Natuaventura\",\"isPartOf\":{\"@id\":\"https:\\\/\\\/natuaventura.com\\\/en\\\/#website\"},\"primaryImageOfPage\":{\"@id\":\"https:\\\/\\\/natuaventura.com\\\/en\\\/eat-groups-madrid\\\/#primaryimage\"},\"image\":{\"@id\":\"https:\\\/\\\/natuaventura.com\\\/en\\\/eat-groups-madrid\\\/#primaryimage\"},\"thumbnailUrl\":\"https:\\\/\\\/natuaventura.com\\\/en\\\/wp-content\\\/uploads\\\/2020\\\/07\\\/bares-tapas-madrid-870x480-1.jpg\",\"datePublished\":\"2020-07-23T18:18:12+00:00\",\"dateModified\":\"2026-04-15T21:05:34+00:00\",\"description\":\"Donde comer en Madrid con grupos. \u00bfEstas organizando tu viaje? Encuentra las mejores opciones para comer en Madrid \u00a1Inf\u00f3rmate YA!\",\"breadcrumb\":{\"@id\":\"https:\\\/\\\/natuaventura.com\\\/en\\\/eat-groups-madrid\\\/#breadcrumb\"},\"inLanguage\":\"es\",\"potentialAction\":[{\"@type\":\"ReadAction\",\"target\":[\"https:\\\/\\\/natuaventura.com\\\/en\\\/eat-groups-madrid\\\/\"]}]},{\"@type\":\"ImageObject\",\"inLanguage\":\"es\",\"@id\":\"https:\\\/\\\/natuaventura.com\\\/en\\\/eat-groups-madrid\\\/#primaryimage\",\"url\":\"https:\\\/\\\/natuaventura.com\\\/en\\\/wp-content\\\/uploads\\\/2020\\\/07\\\/bares-tapas-madrid-870x480-1.jpg\",\"contentUrl\":\"https:\\\/\\\/natuaventura.com\\\/en\\\/wp-content\\\/uploads\\\/2020\\\/07\\\/bares-tapas-madrid-870x480-1.jpg\",\"width\":870,\"height\":480},{\"@type\":\"BreadcrumbList\",\"@id\":\"https:\\\/\\\/natuaventura.com\\\/en\\\/eat-groups-madrid\\\/#breadcrumb\",\"itemListElement\":[{\"@type\":\"ListItem\",\"position\":1,\"name\":\"Portada\",\"item\":\"https:\\\/\\\/natuaventura.com\\\/en\\\/\"},{\"@type\":\"ListItem\",\"position\":2,\"name\":\"\u00bfD\u00f3nde comer con grupos en Madrid?\"}]},{\"@type\":\"WebSite\",\"@id\":\"https:\\\/\\\/natuaventura.com\\\/en\\\/#website\",\"url\":\"https:\\\/\\\/natuaventura.com\\\/en\\\/\",\"name\":\"Campamentos de verano y Viajes fin de curso 2025 - Natuaventura\",\"description\":\"Campamentos de verano y Viajes fin de curso - Natuaventura\",\"publisher\":{\"@id\":\"https:\\\/\\\/natuaventura.com\\\/en\\\/#organization\"},\"potentialAction\":[{\"@type\":\"SearchAction\",\"target\":{\"@type\":\"EntryPoint\",\"urlTemplate\":\"https:\\\/\\\/natuaventura.com\\\/en\\\/?s={search_term_string}\"},\"query-input\":{\"@type\":\"PropertyValueSpecification\",\"valueRequired\":true,\"valueName\":\"search_term_string\"}}],\"inLanguage\":\"es\"},{\"@type\":\"Organization\",\"@id\":\"https:\\\/\\\/natuaventura.com\\\/en\\\/#organization\",\"name\":\"Natuaventura Ocio y Tiempo Libre\",\"url\":\"https:\\\/\\\/natuaventura.com\\\/en\\\/\",\"logo\":{\"@type\":\"ImageObject\",\"inLanguage\":\"es\",\"@id\":\"https:\\\/\\\/natuaventura.com\\\/en\\\/#\\\/schema\\\/logo\\\/image\\\/\",\"url\":\"https:\\\/\\\/natuaventura.com\\\/en\\\/wp-content\\\/uploads\\\/2016\\\/04\\\/propuesta-logo.png\",\"contentUrl\":\"https:\\\/\\\/natuaventura.com\\\/en\\\/wp-content\\\/uploads\\\/2016\\\/04\\\/propuesta-logo.png\",\"width\":604,\"height\":175,\"caption\":\"Natuaventura Ocio y Tiempo Libre\"},\"image\":{\"@id\":\"https:\\\/\\\/natuaventura.com\\\/en\\\/#\\\/schema\\\/logo\\\/image\\\/\"},\"sameAs\":[\"https:\\\/\\\/www.facebook.com\\\/NatuaventuraOcioTiempoLibre\\\/\"]}]}<\/script>\n<!-- \/ Yoast SEO Premium plugin. -->","yoast_head_json":{"title":"D\u00f3nde comer con grupos escolares en Madrid | Natuaventura","description":"Donde comer en Madrid con grupos. \u00bfEstas organizando tu viaje? Encuentra las mejores opciones para comer en Madrid \u00a1Inf\u00f3rmate YA!","robots":{"index":"index","follow":"follow","max-snippet":"max-snippet:-1","max-image-preview":"max-image-preview:large","max-video-preview":"max-video-preview:-1"},"canonical":"https:\/\/natuaventura.com\/en\/eat-groups-madrid\/","og_locale":"es_ES","og_type":"article","og_title":"\u00bfD\u00f3nde comer con grupos en Madrid?","og_description":"Donde comer en Madrid con grupos. \u00bfEstas organizando tu viaje? Encuentra las mejores opciones para comer en Madrid \u00a1Inf\u00f3rmate YA!","og_url":"https:\/\/natuaventura.com\/en\/eat-groups-madrid\/","og_site_name":"Campamentos de verano y Viajes fin de curso - Natuaventura","article_publisher":"https:\/\/www.facebook.com\/NatuaventuraOcioTiempoLibre\/","article_modified_time":"2026-04-15T21:05:34+00:00","og_image":[{"width":870,"height":480,"url":"https:\/\/natuaventura.com\/en\/wp-content\/uploads\/2020\/07\/bares-tapas-madrid-870x480-1.jpg","type":"image\/jpeg"}],"twitter_card":"summary_large_image","twitter_misc":{"Tiempo de lectura":"5 minutos"},"schema":{"@context":"https:\/\/schema.org","@graph":[{"@type":"WebPage","@id":"https:\/\/natuaventura.com\/en\/eat-groups-madrid\/","url":"https:\/\/natuaventura.com\/en\/eat-groups-madrid\/","name":"D\u00f3nde comer con grupos escolares en Madrid | Natuaventura","isPartOf":{"@id":"https:\/\/natuaventura.com\/en\/#website"},"primaryImageOfPage":{"@id":"https:\/\/natuaventura.com\/en\/eat-groups-madrid\/#primaryimage"},"image":{"@id":"https:\/\/natuaventura.com\/en\/eat-groups-madrid\/#primaryimage"},"thumbnailUrl":"https:\/\/natuaventura.com\/en\/wp-content\/uploads\/2020\/07\/bares-tapas-madrid-870x480-1.jpg","datePublished":"2020-07-23T18:18:12+00:00","dateModified":"2026-04-15T21:05:34+00:00","description":"Donde comer en Madrid con grupos. \u00bfEstas organizando tu viaje? Encuentra las mejores opciones para comer en Madrid \u00a1Inf\u00f3rmate YA!","breadcrumb":{"@id":"https:\/\/natuaventura.com\/en\/eat-groups-madrid\/#breadcrumb"},"inLanguage":"es","potentialAction":[{"@type":"ReadAction","target":["https:\/\/natuaventura.com\/en\/eat-groups-madrid\/"]}]},{"@type":"ImageObject","inLanguage":"es","@id":"https:\/\/natuaventura.com\/en\/eat-groups-madrid\/#primaryimage","url":"https:\/\/natuaventura.com\/en\/wp-content\/uploads\/2020\/07\/bares-tapas-madrid-870x480-1.jpg","contentUrl":"https:\/\/natuaventura.com\/en\/wp-content\/uploads\/2020\/07\/bares-tapas-madrid-870x480-1.jpg","width":870,"height":480},{"@type":"BreadcrumbList","@id":"https:\/\/natuaventura.com\/en\/eat-groups-madrid\/#breadcrumb","itemListElement":[{"@type":"ListItem","position":1,"name":"Portada","item":"https:\/\/natuaventura.com\/en\/"},{"@type":"ListItem","position":2,"name":"\u00bfD\u00f3nde comer con grupos en Madrid?"}]},{"@type":"WebSite","@id":"https:\/\/natuaventura.com\/en\/#website","url":"https:\/\/natuaventura.com\/en\/","name":"Campamentos de verano y Viajes fin de curso 2025 - Natuaventura","description":"Campamentos de verano y Viajes fin de curso - Natuaventura","publisher":{"@id":"https:\/\/natuaventura.com\/en\/#organization"},"potentialAction":[{"@type":"SearchAction","target":{"@type":"EntryPoint","urlTemplate":"https:\/\/natuaventura.com\/en\/?s={search_term_string}"},"query-input":{"@type":"PropertyValueSpecification","valueRequired":true,"valueName":"search_term_string"}}],"inLanguage":"es"},{"@type":"Organization","@id":"https:\/\/natuaventura.com\/en\/#organization","name":"Natuaventura Ocio y Tiempo Libre","url":"https:\/\/natuaventura.com\/en\/","logo":{"@type":"ImageObject","inLanguage":"es","@id":"https:\/\/natuaventura.com\/en\/#\/schema\/logo\/image\/","url":"https:\/\/natuaventura.com\/en\/wp-content\/uploads\/2016\/04\/propuesta-logo.png","contentUrl":"https:\/\/natuaventura.com\/en\/wp-content\/uploads\/2016\/04\/propuesta-logo.png","width":604,"height":175,"caption":"Natuaventura Ocio y Tiempo Libre"},"image":{"@id":"https:\/\/natuaventura.com\/en\/#\/schema\/logo\/image\/"},"sameAs":["https:\/\/www.facebook.com\/NatuaventuraOcioTiempoLibre\/"]}]}},"_links":{"self":[{"href":"https:\/\/natuaventura.com\/en\/wp-json\/wp\/v2\/pages\/11841","targetHints":{"allow":["GET"]}}],"collection":[{"href":"https:\/\/natuaventura.com\/en\/wp-json\/wp\/v2\/pages"}],"about":[{"href":"https:\/\/natuaventura.com\/en\/wp-json\/wp\/v2\/types\/page"}],"author":[{"embeddable":true,"href":"https:\/\/natuaventura.com\/en\/wp-json\/wp\/v2\/users\/36"}],"replies":[{"embeddable":true,"href":"https:\/\/natuaventura.com\/en\/wp-json\/wp\/v2\/comments?post=11841"}],"version-history":[{"count":5,"href":"https:\/\/natuaventura.com\/en\/wp-json\/wp\/v2\/pages\/11841\/revisions"}],"predecessor-version":[{"id":42846,"href":"https:\/\/natuaventura.com\/en\/wp-json\/wp\/v2\/pages\/11841\/revisions\/42846"}],"wp:featuredmedia":[{"embeddable":true,"href":"https:\/\/natuaventura.com\/en\/wp-json\/wp\/v2\/media\/11842"}],"wp:attachment":[{"href":"https:\/\/natuaventura.com\/en\/wp-json\/wp\/v2\/media?parent=11841"}],"wp:term":[{"taxonomy":"category","embeddable":true,"href":"https:\/\/natuaventura.com\/en\/wp-json\/wp\/v2\/categories?post=11841"},{"taxonomy":"post_tag","embeddable":true,"href":"https:\/\/natuaventura.com\/en\/wp-json\/wp\/v2\/tags?post=11841"}],"curies":[{"name":"wp","href":"https:\/\/api.w.org\/{rel}","templated":true}]}}