{"id":11922,"date":"2020-07-24T10:25:31","date_gmt":"2020-07-24T10:25:31","guid":{"rendered":"http:\/\/natuaventura.com\/?page_id=11922"},"modified":"2026-04-15T22:54:35","modified_gmt":"2026-04-15T22:54:35","slug":"typical-dishes-school-trip-cantabria","status":"publish","type":"page","link":"https:\/\/natuaventura.com\/en\/typical-dishes-school-trip-cantabria\/","title":{"rendered":"Typical dishes you must try on your school trip to Cantabria"},"content":{"rendered":"<p>Your end-of-year trip to Cantabria is not just about sightseeing, hiking and activities. There will also be time in your programme to sample the traditional dishes of Cantabrian cuisine. Hearty stews for the cold, delicious sweets, shellfish and fish from the Cantabrian Sea\u2026 Here is a brief tour of the traditional gastronomy of Cantabria so you can discover all the typical dishes you must try on your school trip to the region.<\/p>\n<p>The sea has a great influence on this rich cuisine and its fish and shellfish dishes; but so does its pastoral tradition in the Valles Pasiegos, which gives rise to hearty stews and rich puddings. Discover everything about Cantabrian cooking in this article.<\/p>\n<p><img loading=\"lazy\" decoding=\"async\" class=\"alignnone wp-image-11923\" src=\"https:\/\/natuaventura.com\/en\/wp-content\/uploads\/2020\/07\/anchoas-cantabria-600x400-1-300x200.jpg\" alt=\"\" width=\"338\" height=\"225\" srcset=\"https:\/\/natuaventura.com\/en\/wp-content\/uploads\/2020\/07\/anchoas-cantabria-600x400-1-300x200.jpg 300w, https:\/\/natuaventura.com\/en\/wp-content\/uploads\/2020\/07\/anchoas-cantabria-600x400-1.jpg 600w\" sizes=\"auto, (max-width: 338px) 100vw, 338px\" \/>   <img loading=\"lazy\" decoding=\"async\" class=\"alignnone wp-image-11925\" src=\"https:\/\/natuaventura.com\/en\/wp-content\/uploads\/2020\/07\/receta-sobaos-pasiegos-668x400x80xX-600x359-1-300x180.jpg\" alt=\"\" width=\"376\" height=\"225\" srcset=\"https:\/\/natuaventura.com\/en\/wp-content\/uploads\/2020\/07\/receta-sobaos-pasiegos-668x400x80xX-600x359-1-300x180.jpg 300w, https:\/\/natuaventura.com\/en\/wp-content\/uploads\/2020\/07\/receta-sobaos-pasiegos-668x400x80xX-600x359-1.jpg 600w\" sizes=\"auto, (max-width: 376px) 100vw, 376px\" \/><\/p>\n<h2><strong>Traditional gastronomy of Cantabria<\/strong><\/h2>\n<h3><strong>Stews<\/strong><\/h3>\n<p>In mountainous, northern and cold areas it is common to find a hearty stew as the typical dish: hot soup to warm you up, pulses and vegetables to provide all the necessary protein, and various meats to build up fat reserves for winter. The most complete meal you can get!<\/p>\n<p>The cocido monta\u00f1\u00e9s is a robust stew typical of the inland villages of Cantabria. White beans and kale are its basic ingredients, to which various cuts of meat are added, such as chorizo, spare ribs, black pudding and bacon. The cocido monta\u00f1\u00e9s is served all together, without separating the ingredients. An excellent option for recharging your batteries!<\/p>\n<p>Cantabria also has the cocido lebaniego, characteristic of the Li\u00e9bana district. Equally hearty as the cocido monta\u00f1\u00e9s, the cocido lebaniego differs in the legume used \u2014 instead of beans it is made with small chickpeas, always accompanied by kale or cabbage, various meat products, and a stuffing made with breadcrumbs, egg, chorizo and parsley.<\/p>\n<h3><strong>Anchoas de Santo\u00f1a<\/strong><\/h3>\n<p>Cantabria is fishing country par excellence, and its primary produce from that sector is among the most sought-after in the country. The anchovies of Santo\u00f1a are a true delicacy and very popular within the traditional gastronomy of Cantabria. They are prepared by hand in this seafaring town and, after a meticulous process, are preserved in olive oil, ready to serve. The Santo\u00f1a anchovy is one of the best-known delicacies, also thanks to the region&#8217;s famous canning industry, but in the region you will also be able to eat barnacles, razor clams, spider crabs, clams and prawns, among other things, as well as fresh fish such as northern tuna and sardines. You have to try them all!<\/p>\n<h3><strong>Cantabrian cheeses<\/strong><\/h3>\n<p>You can never leave a region without trying its typical cheeses. In Cantabria we can find three cheeses with a protected designation of origin: Queso de Cantabria, Quesucos de Li\u00e9bana, and Queso Pic\u00f3n Bejes-Tresviso, the latter being particularly typical of the Picos de Europa region, where it is left to mature in caves for a long period.<\/p>\n<h3><strong>Rabas<\/strong><\/h3>\n<p>What better starter than a snack and a plate of rabas? These battered fried squid are the quintessential tapa of the region, always served with half a lemon to squeeze to taste. Sharing is caring \u2014 everyone must try the rabas!<\/p>\n<h3><strong>Marmita<\/strong><\/h3>\n<p>Finally, we introduce you to the marmita: a traditional stew from coastal areas historically inhabited by fishermen. It is made with potatoes, onion, pepper, tomato and white tuna or northern tuna, which is the absolute star of this traditional dish. In Cantabria there is a special time of year to try this delicacy: on St Roch&#8217;s Day, 16th August, marmita competitions are held in many coastal villages. One of the most famous places to watch the competition is the seafaring town of Laredo. In San Vicente de la Barquera it is known as Sorropotum.<\/p>\n<h3><strong>Puddings<\/strong><\/h3>\n<p>To enjoy the complete Cantabrian experience, you must finish your tasting of typical dishes with a golden flourish: the puddings of the traditional gastronomy of Cantabria. First, sobaos pasiegos are the quintessential sweet of the area. They are made with generous amounts of sugar, butter, flour and eggs. You can also try the famous quesada pasiega, a tart made with cow&#8217;s milk, butter, wheat flour, eggs and sugar. Thanks to its firm consistency, it can be eaten by hand. Both sobaos and quesada are typical puddings from the Valles Pasiegos in Cantabria.<\/p>\n<p>Finally, we recommend the corbatas de Unquera and the pantortilla de Reinosa \u2014 two of the most popular sweets, both made with puff pastry. Once you start trying them, you will not be able to stop.<\/p>\n<h2><strong>Where to eat with groups on your end-of-year trip to Cantabria?<\/strong><\/h2>\n<p>If you want to eat these delicious typical dishes, we recommend these 10 restaurants from different parts of the region, so you can make the most of your end-of-year trip to Cantabria:<\/p>\n<ol>\n<li>Cenador de Am\u00f3s (Villaverde de Pontones)<\/li>\n<li>Sambal (Noja)<\/li>\n<li>Sotavento (San Vicente de la Barquera)<\/li>\n<li>La Aldea (Comillas)<\/li>\n<li>Restaurante del hotel del Oso (Camale\u00f1o)<\/li>\n<li>La Casona del Jud\u00edo (Santander)<\/li>\n<li>Cadelo (Santander)<\/li>\n<li>Annua (San Vicente de la Barquera)<\/li>\n<li>El Albergue de Valvanuz (Selaya)<\/li>\n<li>El Bar del Puerto (Santander)<\/li>\n<\/ol>\n<h2><strong>Guide to organising your end-of-year trip to Cantabria<\/strong><\/h2>\n<p>We know that teachers bear the greatest burden when it comes to planning and organising the whole trip. Let us help you! Plan your school trip with Natuaventura and you will not regret it. Over 15 years and hundreds of trips and schools throughout the country stand as our track record.<\/p>\n<p>Do not miss the guide we have prepared for you:<\/p>\n<ul>\n<li><a href=\"https:\/\/natuaventura.com\/en\/organize-end-of-year-trip-cantabria\/\" target=\"_blank\" rel=\"noopener noreferrer\">Organise the end-of-year trip to Cantabria<\/a><\/li>\n<li><a href=\"https:\/\/natuaventura.com\/en\/essential-visit-school-trip-cantabria-i\/\" target=\"_blank\" rel=\"noopener noreferrer\">Essential visits on your school trip to Cantabria (I)<\/a><\/li>\n<li><a href=\"https:\/\/natuaventura.com\/en\/essential-visit-school-trip-cantabria-i\/i\/\" target=\"_blank\" rel=\"noopener noreferrer\">Essential visits on your school trip to Cantabria (II)<\/a><\/li>\n<li><a href=\"https:\/\/natuaventura.com\/en\/typical-dishes-school-trip-cantabria\/\" target=\"_blank\" rel=\"noopener noreferrer\">Typical dishes you must try on your school trip to Cantabria<\/a><\/li>\n<li><a href=\"https:\/\/natuaventura.com\/en\/multiadventure-activities-cantabria\/\" target=\"_blank\" rel=\"noopener noreferrer\">Multi-adventure activities on your school trip to Cantabria<\/a><\/li>\n<\/ul>\n<p>For more information about the possibilities for your end-of-year trip to Cantabria, please contact us at <a href=\"mailto:info@natuaventura.com\">info@natuaventura.com<\/a> or by calling 91 714 06 36.<\/p>\n","protected":false},"excerpt":{"rendered":"<p>Your end-of-year trip to Cantabria is not just about sightseeing, hiking and activities. There will also be time in your programme to sample the traditional dishes of Cantabrian cuisine. Hearty stews for the cold, delicious sweets, shellfish and fish from the Cantabrian Sea\u2026 Here is a brief tour of the traditional gastronomy of Cantabria so [&#8230;]\n","protected":false},"author":36,"featured_media":11924,"parent":0,"menu_order":0,"comment_status":"closed","ping_status":"closed","template":"page-blank-title-center.php","meta":{"footnotes":""},"categories":[4,38],"tags":[624,625,626],"class_list":["post-11922","page","type-page","status-publish","has-post-thumbnail","hentry","category-blog","category-viajes-de-fin-de-curso-blog","tag-gastronomia-tradicional-de-cantabria","tag-platos-tipicos-en-tu-viaje-escolar-a-cantabria","tag-viaje-escolar-a-cantabria"],"yoast_head":"<!-- This site is optimized with the Yoast SEO Premium plugin v27.3 (Yoast SEO v27.3) - https:\/\/yoast.com\/product\/yoast-seo-premium-wordpress\/ -->\n<title>Traditional Cantabrian Cuisine | Natuaventura<\/title>\n<meta name=\"description\" content=\"Stews, cheeses, anchovies, seafood... Discover the typical dishes of traditional Cantabrian cuisine on your end-of-year trip. Book NOW!\" \/>\n<meta name=\"robots\" content=\"index, follow, max-snippet:-1, max-image-preview:large, max-video-preview:-1\" \/>\n<link rel=\"canonical\" href=\"https:\/\/natuaventura.com\/en\/typical-dishes-school-trip-cantabria\/\" \/>\n<meta property=\"og:locale\" content=\"es_ES\" \/>\n<meta property=\"og:type\" content=\"article\" \/>\n<meta property=\"og:title\" content=\"Typical dishes you must try on your school trip to Cantabria\" \/>\n<meta property=\"og:description\" content=\"Stews, cheeses, anchovies, seafood... Discover the typical dishes of traditional Cantabrian cuisine on your end-of-year trip. Book NOW!\" \/>\n<meta property=\"og:url\" content=\"https:\/\/natuaventura.com\/en\/typical-dishes-school-trip-cantabria\/\" \/>\n<meta property=\"og:site_name\" content=\"Natuaventura\" \/>\n<meta property=\"article:publisher\" content=\"https:\/\/www.facebook.com\/NatuaventuraOcioTiempoLibre\/\" \/>\n<meta property=\"article:modified_time\" content=\"2026-04-15T22:54:35+00:00\" \/>\n<meta property=\"og:image\" content=\"https:\/\/natuaventura.com\/en\/wp-content\/uploads\/2020\/07\/cocina-cantabria-870x480-1.jpg\" \/>\n\t<meta property=\"og:image:width\" content=\"870\" \/>\n\t<meta property=\"og:image:height\" content=\"480\" \/>\n\t<meta property=\"og:image:type\" content=\"image\/jpeg\" \/>\n<meta name=\"twitter:card\" content=\"summary_large_image\" \/>\n<meta name=\"twitter:label1\" content=\"Tiempo de lectura\" \/>\n\t<meta name=\"twitter:data1\" content=\"5 minutos\" \/>\n<script type=\"application\/ld+json\" class=\"yoast-schema-graph\">{\"@context\":\"https:\\\/\\\/schema.org\",\"@graph\":[{\"@type\":\"WebPage\",\"@id\":\"https:\\\/\\\/natuaventura.com\\\/en\\\/typical-dishes-school-trip-cantabria\\\/\",\"url\":\"https:\\\/\\\/natuaventura.com\\\/en\\\/typical-dishes-school-trip-cantabria\\\/\",\"name\":\"Traditional Cantabrian Cuisine | Natuaventura\",\"isPartOf\":{\"@id\":\"https:\\\/\\\/natuaventura.com\\\/en\\\/#website\"},\"primaryImageOfPage\":{\"@id\":\"https:\\\/\\\/natuaventura.com\\\/en\\\/typical-dishes-school-trip-cantabria\\\/#primaryimage\"},\"image\":{\"@id\":\"https:\\\/\\\/natuaventura.com\\\/en\\\/typical-dishes-school-trip-cantabria\\\/#primaryimage\"},\"thumbnailUrl\":\"https:\\\/\\\/natuaventura.com\\\/en\\\/wp-content\\\/uploads\\\/2020\\\/07\\\/cocina-cantabria-870x480-1.jpg\",\"datePublished\":\"2020-07-24T10:25:31+00:00\",\"dateModified\":\"2026-04-15T22:54:35+00:00\",\"description\":\"Stews, cheeses, anchovies, seafood... Discover the typical dishes of traditional Cantabrian cuisine on your end-of-year trip. Book NOW!\",\"breadcrumb\":{\"@id\":\"https:\\\/\\\/natuaventura.com\\\/en\\\/typical-dishes-school-trip-cantabria\\\/#breadcrumb\"},\"inLanguage\":\"es\",\"potentialAction\":[{\"@type\":\"ReadAction\",\"target\":[\"https:\\\/\\\/natuaventura.com\\\/en\\\/typical-dishes-school-trip-cantabria\\\/\"]}]},{\"@type\":\"ImageObject\",\"inLanguage\":\"es\",\"@id\":\"https:\\\/\\\/natuaventura.com\\\/en\\\/typical-dishes-school-trip-cantabria\\\/#primaryimage\",\"url\":\"https:\\\/\\\/natuaventura.com\\\/en\\\/wp-content\\\/uploads\\\/2020\\\/07\\\/cocina-cantabria-870x480-1.jpg\",\"contentUrl\":\"https:\\\/\\\/natuaventura.com\\\/en\\\/wp-content\\\/uploads\\\/2020\\\/07\\\/cocina-cantabria-870x480-1.jpg\",\"width\":870,\"height\":480},{\"@type\":\"BreadcrumbList\",\"@id\":\"https:\\\/\\\/natuaventura.com\\\/en\\\/typical-dishes-school-trip-cantabria\\\/#breadcrumb\",\"itemListElement\":[{\"@type\":\"ListItem\",\"position\":1,\"name\":\"Portada\",\"item\":\"https:\\\/\\\/natuaventura.com\\\/en\\\/\"},{\"@type\":\"ListItem\",\"position\":2,\"name\":\"Typical dishes you must try on your school trip to Cantabria\"}]},{\"@type\":\"WebSite\",\"@id\":\"https:\\\/\\\/natuaventura.com\\\/en\\\/#website\",\"url\":\"https:\\\/\\\/natuaventura.com\\\/en\\\/\",\"name\":\"Campamentos de verano y Viajes fin de curso 2025 - Natuaventura\",\"description\":\"Summer Camps in Spain 2026 and School Trips to Spain\",\"publisher\":{\"@id\":\"https:\\\/\\\/natuaventura.com\\\/en\\\/#organization\"},\"potentialAction\":[{\"@type\":\"SearchAction\",\"target\":{\"@type\":\"EntryPoint\",\"urlTemplate\":\"https:\\\/\\\/natuaventura.com\\\/en\\\/?s={search_term_string}\"},\"query-input\":{\"@type\":\"PropertyValueSpecification\",\"valueRequired\":true,\"valueName\":\"search_term_string\"}}],\"inLanguage\":\"es\"},{\"@type\":\"Organization\",\"@id\":\"https:\\\/\\\/natuaventura.com\\\/en\\\/#organization\",\"name\":\"Natuaventura Ocio y Tiempo Libre\",\"url\":\"https:\\\/\\\/natuaventura.com\\\/en\\\/\",\"logo\":{\"@type\":\"ImageObject\",\"inLanguage\":\"es\",\"@id\":\"https:\\\/\\\/natuaventura.com\\\/en\\\/#\\\/schema\\\/logo\\\/image\\\/\",\"url\":\"https:\\\/\\\/natuaventura.com\\\/en\\\/wp-content\\\/uploads\\\/2016\\\/04\\\/propuesta-logo.png\",\"contentUrl\":\"https:\\\/\\\/natuaventura.com\\\/en\\\/wp-content\\\/uploads\\\/2016\\\/04\\\/propuesta-logo.png\",\"width\":604,\"height\":175,\"caption\":\"Natuaventura Ocio y Tiempo Libre\"},\"image\":{\"@id\":\"https:\\\/\\\/natuaventura.com\\\/en\\\/#\\\/schema\\\/logo\\\/image\\\/\"},\"sameAs\":[\"https:\\\/\\\/www.facebook.com\\\/NatuaventuraOcioTiempoLibre\\\/\"]}]}<\/script>\n<!-- \/ Yoast SEO Premium plugin. -->","yoast_head_json":{"title":"Traditional Cantabrian Cuisine | Natuaventura","description":"Stews, cheeses, anchovies, seafood... Discover the typical dishes of traditional Cantabrian cuisine on your end-of-year trip. Book NOW!","robots":{"index":"index","follow":"follow","max-snippet":"max-snippet:-1","max-image-preview":"max-image-preview:large","max-video-preview":"max-video-preview:-1"},"canonical":"https:\/\/natuaventura.com\/en\/typical-dishes-school-trip-cantabria\/","og_locale":"es_ES","og_type":"article","og_title":"Typical dishes you must try on your school trip to Cantabria","og_description":"Stews, cheeses, anchovies, seafood... Discover the typical dishes of traditional Cantabrian cuisine on your end-of-year trip. Book NOW!","og_url":"https:\/\/natuaventura.com\/en\/typical-dishes-school-trip-cantabria\/","og_site_name":"Natuaventura","article_publisher":"https:\/\/www.facebook.com\/NatuaventuraOcioTiempoLibre\/","article_modified_time":"2026-04-15T22:54:35+00:00","og_image":[{"width":870,"height":480,"url":"https:\/\/natuaventura.com\/en\/wp-content\/uploads\/2020\/07\/cocina-cantabria-870x480-1.jpg","type":"image\/jpeg"}],"twitter_card":"summary_large_image","twitter_misc":{"Tiempo de lectura":"5 minutos"},"schema":{"@context":"https:\/\/schema.org","@graph":[{"@type":"WebPage","@id":"https:\/\/natuaventura.com\/en\/typical-dishes-school-trip-cantabria\/","url":"https:\/\/natuaventura.com\/en\/typical-dishes-school-trip-cantabria\/","name":"Traditional Cantabrian Cuisine | Natuaventura","isPartOf":{"@id":"https:\/\/natuaventura.com\/en\/#website"},"primaryImageOfPage":{"@id":"https:\/\/natuaventura.com\/en\/typical-dishes-school-trip-cantabria\/#primaryimage"},"image":{"@id":"https:\/\/natuaventura.com\/en\/typical-dishes-school-trip-cantabria\/#primaryimage"},"thumbnailUrl":"https:\/\/natuaventura.com\/en\/wp-content\/uploads\/2020\/07\/cocina-cantabria-870x480-1.jpg","datePublished":"2020-07-24T10:25:31+00:00","dateModified":"2026-04-15T22:54:35+00:00","description":"Stews, cheeses, anchovies, seafood... Discover the typical dishes of traditional Cantabrian cuisine on your end-of-year trip. Book NOW!","breadcrumb":{"@id":"https:\/\/natuaventura.com\/en\/typical-dishes-school-trip-cantabria\/#breadcrumb"},"inLanguage":"es","potentialAction":[{"@type":"ReadAction","target":["https:\/\/natuaventura.com\/en\/typical-dishes-school-trip-cantabria\/"]}]},{"@type":"ImageObject","inLanguage":"es","@id":"https:\/\/natuaventura.com\/en\/typical-dishes-school-trip-cantabria\/#primaryimage","url":"https:\/\/natuaventura.com\/en\/wp-content\/uploads\/2020\/07\/cocina-cantabria-870x480-1.jpg","contentUrl":"https:\/\/natuaventura.com\/en\/wp-content\/uploads\/2020\/07\/cocina-cantabria-870x480-1.jpg","width":870,"height":480},{"@type":"BreadcrumbList","@id":"https:\/\/natuaventura.com\/en\/typical-dishes-school-trip-cantabria\/#breadcrumb","itemListElement":[{"@type":"ListItem","position":1,"name":"Portada","item":"https:\/\/natuaventura.com\/en\/"},{"@type":"ListItem","position":2,"name":"Typical dishes you must try on your school trip to Cantabria"}]},{"@type":"WebSite","@id":"https:\/\/natuaventura.com\/en\/#website","url":"https:\/\/natuaventura.com\/en\/","name":"Campamentos de verano y Viajes fin de curso 2025 - Natuaventura","description":"Summer Camps in Spain 2026 and School Trips to Spain","publisher":{"@id":"https:\/\/natuaventura.com\/en\/#organization"},"potentialAction":[{"@type":"SearchAction","target":{"@type":"EntryPoint","urlTemplate":"https:\/\/natuaventura.com\/en\/?s={search_term_string}"},"query-input":{"@type":"PropertyValueSpecification","valueRequired":true,"valueName":"search_term_string"}}],"inLanguage":"es"},{"@type":"Organization","@id":"https:\/\/natuaventura.com\/en\/#organization","name":"Natuaventura Ocio y Tiempo Libre","url":"https:\/\/natuaventura.com\/en\/","logo":{"@type":"ImageObject","inLanguage":"es","@id":"https:\/\/natuaventura.com\/en\/#\/schema\/logo\/image\/","url":"https:\/\/natuaventura.com\/en\/wp-content\/uploads\/2016\/04\/propuesta-logo.png","contentUrl":"https:\/\/natuaventura.com\/en\/wp-content\/uploads\/2016\/04\/propuesta-logo.png","width":604,"height":175,"caption":"Natuaventura Ocio y Tiempo Libre"},"image":{"@id":"https:\/\/natuaventura.com\/en\/#\/schema\/logo\/image\/"},"sameAs":["https:\/\/www.facebook.com\/NatuaventuraOcioTiempoLibre\/"]}]}},"_links":{"self":[{"href":"https:\/\/natuaventura.com\/en\/wp-json\/wp\/v2\/pages\/11922","targetHints":{"allow":["GET"]}}],"collection":[{"href":"https:\/\/natuaventura.com\/en\/wp-json\/wp\/v2\/pages"}],"about":[{"href":"https:\/\/natuaventura.com\/en\/wp-json\/wp\/v2\/types\/page"}],"author":[{"embeddable":true,"href":"https:\/\/natuaventura.com\/en\/wp-json\/wp\/v2\/users\/36"}],"replies":[{"embeddable":true,"href":"https:\/\/natuaventura.com\/en\/wp-json\/wp\/v2\/comments?post=11922"}],"version-history":[{"count":6,"href":"https:\/\/natuaventura.com\/en\/wp-json\/wp\/v2\/pages\/11922\/revisions"}],"predecessor-version":[{"id":43215,"href":"https:\/\/natuaventura.com\/en\/wp-json\/wp\/v2\/pages\/11922\/revisions\/43215"}],"wp:featuredmedia":[{"embeddable":true,"href":"https:\/\/natuaventura.com\/en\/wp-json\/wp\/v2\/media\/11924"}],"wp:attachment":[{"href":"https:\/\/natuaventura.com\/en\/wp-json\/wp\/v2\/media?parent=11922"}],"wp:term":[{"taxonomy":"category","embeddable":true,"href":"https:\/\/natuaventura.com\/en\/wp-json\/wp\/v2\/categories?post=11922"},{"taxonomy":"post_tag","embeddable":true,"href":"https:\/\/natuaventura.com\/en\/wp-json\/wp\/v2\/tags?post=11922"}],"curies":[{"name":"wp","href":"https:\/\/api.w.org\/{rel}","templated":true}]}}