{"id":11942,"date":"2020-07-24T10:43:41","date_gmt":"2020-07-24T10:43:41","guid":{"rendered":"http:\/\/natuaventura.com\/?page_id=11942"},"modified":"2026-04-15T22:54:36","modified_gmt":"2026-04-15T22:54:36","slug":"essential-visit-school-trip-cantabria-ii","status":"publish","type":"page","link":"https:\/\/natuaventura.com\/en\/essential-visit-school-trip-cantabria-ii\/","title":{"rendered":"Essential visits on your school trip to Cantabria (II)"},"content":{"rendered":"<p>Here is the second part of the essential visits you must discover on your school trip to Cantabria. We have already introduced you to secret spots such as the Sequoia Forest, charming villages like Santillana del Mar, and a park as representative of Cantabria as Cab\u00e1rceno. We continue to make your end-of-year trip to Cantabria easy to organise. High mountains, wild beaches, hiking routes, themed excursions, unforgettable villages. Do you know yet what to visit on your end-of-year trip to Cantabria?<\/p>\n<p>As always, and unfortunately, time is limited on end-of-year trips. Generally you will have 3, 4 or 5 days to explore an entire region. That is why, if you want to put together a comprehensive tour with all kinds of activities, advance and careful planning will be essential. The key is to know what possibilities exist. We uncover more popular corners of the region for you.<\/p>\n<p><img loading=\"lazy\" decoding=\"async\" class=\"alignnone wp-image-11943\" src=\"https:\/\/natuaventura.com\/en\/wp-content\/uploads\/2020\/07\/naturaleza-cantabria-600x450-1-300x225.jpg\" alt=\"\" width=\"333\" height=\"250\" \/>   <img loading=\"lazy\" decoding=\"async\" class=\"alignnone wp-image-11945\" src=\"https:\/\/natuaventura.com\/en\/wp-content\/uploads\/2020\/07\/soplao-cantabria-600x319-1-300x160.jpg\" alt=\"\" width=\"470\" height=\"250\" srcset=\"https:\/\/natuaventura.com\/en\/wp-content\/uploads\/2020\/07\/soplao-cantabria-600x319-1-300x160.jpg 300w, https:\/\/natuaventura.com\/en\/wp-content\/uploads\/2020\/07\/soplao-cantabria-600x319-1.jpg 600w\" sizes=\"auto, (max-width: 470px) 100vw, 470px\" \/><\/p>\n<h2><strong>Cab\u00e1rceno Nature Park<\/strong><\/h2>\n<p>This Nature Park is well known for the semi-liberty regime of some of its animals. Particularly beyond the rhinoceros enclosure, deer, fallow deer and Barbary macaques can sometimes be seen wandering among visitors&#8217; vehicles. It is also a very educational park as it features botanical routes that allow you to see different types of plants, usually situated next to the most-visited spots. Both young and old will be delighted by the excursion to this semi-liberty zoo!<\/p>\n<h2><strong>Excursion to the Picos de Europa: Potes, Li\u00e9bana and Fuente D\u00e9<\/strong><\/h2>\n<p>The Picos de Europa is just half an hour from the beach, and it is a stunning landscape to explore on a day trip. The Li\u00e9bana Valley is one of the most accessible and beautiful areas. Within it lies the well-known village of Potes, reached via the winding Hermida Gorge. As an added highlight on your school trip, you can ride the Fuente D\u00e9 Cable Car, where spectacular views of the entire mountain range await at 1,823 metres above sea level. This is another of the most important visits on your end-of-year trip to Cantabria.<\/p>\n<h2><strong>Cueva del Soplao<\/strong><\/h2>\n<p>The Cueva del Soplao is one of the most famous show caves in the country. It was discovered in the early twentieth century thanks to the exploitation of the La Florida mines. Inside, a geological treasure awaits, formed by stalactites, stalagmites and, what makes it more special than others, extraordinarily beautiful formations. It has been called the Sistine Chapel of the underground world.<\/p>\n<p>The visit combines a train journey and a one-hour walk on foot. However, if the group is more adventurous, there is also the option of a roughly two-and-a-half-hour walking tour, complete with hard hat and head torch.<\/p>\n<h2><strong>Trying the anchovies of Santo\u00f1a and its other typical dishes<\/strong><\/h2>\n<p>Santo\u00f1a is a seafaring town with one of the most prominent historic ports in Cantabria. Its size and importance were such that in 1774 it became embroiled in a dispute with Santander over which should be the regional capital. Santo\u00f1a is also considered the place where the caravel \u00abSanta Mar\u00eda\u00bb was built, and is furthermore known for its fishing and canning industries. When you visit Santo\u00f1a, you cannot miss the anchovies that are famous throughout the country.<\/p>\n<h2><strong>Comillas and San Vicente de la Barquera<\/strong><\/h2>\n<p>Comillas is a beautiful Cantabrian village known above all for its university: the Pontifical University of Comillas. It is also home to El Capricho de Gaud\u00ed, one of the few works by Gaud\u00ed outside Catalonia. You can also visit the Palacio de Sobrellano, the old town and the cemetery \u2014 all well worth seeing, and a stroll around is always a good idea. To round it off, in its shops selling local produce you can buy Cantabrian cheeses, sobaos or pulses in bulk.<\/p>\n<p>And that is the essential summary of what to visit on your end-of-year trip to Cantabria. Do not miss a single visit!<\/p>\n<h2><strong>Guide to organising your end-of-year trip to Cantabria<\/strong><\/h2>\n<p>We know that teachers bear the greatest burden when it comes to planning and organising the whole trip. Let us help you! Plan your school trip with Natuaventura and you will not regret it. Over 15 years and hundreds of trips and schools throughout the country stand as our track record.<\/p>\n<p>Do not miss the guide we have prepared for you:<\/p>\n<ul>\n<li><a href=\"https:\/\/natuaventura.com\/en\/blog\/organize-end-of-year-trip-cantabria\/\" target=\"_blank\" rel=\"noopener noreferrer\">Organise the end-of-year trip to Cantabria<\/a><\/li>\n<li><a href=\"https:\/\/natuaventura.com\/en\/blog\/essential-visit-school-trip-cantabria-i\/\" target=\"_blank\" rel=\"noopener noreferrer\">Essential visits on your school trip to Cantabria (I)<\/a><\/li>\n<li><a href=\"https:\/\/natuaventura.com\/en\/blog\/essential-visit-school-trip-cantabria-ii\/\" target=\"_blank\" rel=\"noopener noreferrer\">Essential visits on your school trip to Cantabria (II)<\/a><\/li>\n<li><a href=\"https:\/\/natuaventura.com\/en\/blog\/typical-dishes-school-trip-cantabria\/\" target=\"_blank\" rel=\"noopener noreferrer\">Typical dishes you must try on your school trip to Cantabria<\/a><\/li>\n<li><a href=\"https:\/\/natuaventura.com\/en\/blog\/multiadventure-activities-cantabria\/\" target=\"_blank\" rel=\"noopener noreferrer\">Multi-adventure activities on your school trip to Cantabria<\/a><\/li>\n<\/ul>\n<p>For more information about the possibilities for your end-of-year trip to Cantabria, please contact us at <a href=\"mailto:info@natuaventura.com\">info@natuaventura.com<\/a> or by calling 91 714 06 36.<\/p>\n","protected":false},"excerpt":{"rendered":"<p>Here is the second part of the essential visits you must discover on your school trip to Cantabria. We have already introduced you to secret spots such as the Sequoia Forest, charming villages like Santillana del Mar, and a park as representative of Cantabria as Cab\u00e1rceno. We continue to make your end-of-year trip to Cantabria [&#8230;]\n","protected":false},"author":36,"featured_media":11944,"parent":0,"menu_order":0,"comment_status":"closed","ping_status":"closed","template":"page-blank-title-center.php","meta":{"footnotes":""},"categories":[4,38],"tags":[626,634],"class_list":["post-11942","page","type-page","status-publish","has-post-thumbnail","hentry","category-blog","category-viajes-de-fin-de-curso-blog","tag-viaje-escolar-a-cantabria","tag-visitas-imprescindibles-en-tu-viaje-escolar-a-cantabria"],"yoast_head":"<!-- This site is optimized with the Yoast SEO Premium plugin v27.3 (Yoast SEO v27.3) - https:\/\/yoast.com\/product\/yoast-seo-premium-wordpress\/ -->\n<title>\u00bfQu\u00e9 visitar en el viaje de fin de curso a Cantabria? | Natuaventura<\/title>\n<meta name=\"description\" content=\"Te recomendamos los lugares m\u00e1s importantes de la regi\u00f3n para que sepas qu\u00e9 visitar en el viaje de fin de curso a Cantabria. \u00a1Ll\u00e1manos!\" \/>\n<meta name=\"robots\" content=\"index, follow, max-snippet:-1, max-image-preview:large, max-video-preview:-1\" \/>\n<link rel=\"canonical\" href=\"https:\/\/natuaventura.com\/en\/essential-visit-school-trip-cantabria-ii\/\" \/>\n<meta property=\"og:locale\" content=\"es_ES\" \/>\n<meta property=\"og:type\" content=\"article\" \/>\n<meta property=\"og:title\" content=\"Essential visits on your school trip to Cantabria (II)\" \/>\n<meta property=\"og:description\" content=\"Te recomendamos los lugares m\u00e1s importantes de la regi\u00f3n para que sepas qu\u00e9 visitar en el viaje de fin de curso a Cantabria. \u00a1Ll\u00e1manos!\" \/>\n<meta property=\"og:url\" content=\"https:\/\/natuaventura.com\/en\/essential-visit-school-trip-cantabria-ii\/\" \/>\n<meta property=\"og:site_name\" content=\"Campamentos de verano y Viajes fin de curso - Natuaventura\" \/>\n<meta property=\"article:publisher\" content=\"https:\/\/www.facebook.com\/NatuaventuraOcioTiempoLibre\/\" \/>\n<meta property=\"article:modified_time\" content=\"2026-04-15T22:54:36+00:00\" \/>\n<meta property=\"og:image\" content=\"https:\/\/natuaventura.com\/en\/wp-content\/uploads\/2020\/07\/playas-cantabria-870x480-1.jpg\" \/>\n\t<meta property=\"og:image:width\" content=\"870\" \/>\n\t<meta property=\"og:image:height\" content=\"480\" \/>\n\t<meta property=\"og:image:type\" content=\"image\/jpeg\" \/>\n<meta name=\"twitter:card\" content=\"summary_large_image\" \/>\n<meta name=\"twitter:label1\" content=\"Tiempo de lectura\" \/>\n\t<meta name=\"twitter:data1\" content=\"4 minutos\" \/>\n<script type=\"application\/ld+json\" class=\"yoast-schema-graph\">{\"@context\":\"https:\\\/\\\/schema.org\",\"@graph\":[{\"@type\":\"WebPage\",\"@id\":\"https:\\\/\\\/natuaventura.com\\\/en\\\/essential-visit-school-trip-cantabria-ii\\\/\",\"url\":\"https:\\\/\\\/natuaventura.com\\\/en\\\/essential-visit-school-trip-cantabria-ii\\\/\",\"name\":\"\u00bfQu\u00e9 visitar en el viaje de fin de curso a Cantabria? | Natuaventura\",\"isPartOf\":{\"@id\":\"https:\\\/\\\/natuaventura.com\\\/en\\\/#website\"},\"primaryImageOfPage\":{\"@id\":\"https:\\\/\\\/natuaventura.com\\\/en\\\/essential-visit-school-trip-cantabria-ii\\\/#primaryimage\"},\"image\":{\"@id\":\"https:\\\/\\\/natuaventura.com\\\/en\\\/essential-visit-school-trip-cantabria-ii\\\/#primaryimage\"},\"thumbnailUrl\":\"https:\\\/\\\/natuaventura.com\\\/en\\\/wp-content\\\/uploads\\\/2020\\\/07\\\/playas-cantabria-870x480-1.jpg\",\"datePublished\":\"2020-07-24T10:43:41+00:00\",\"dateModified\":\"2026-04-15T22:54:36+00:00\",\"description\":\"Te recomendamos los lugares m\u00e1s importantes de la regi\u00f3n para que sepas qu\u00e9 visitar en el viaje de fin de curso a Cantabria. \u00a1Ll\u00e1manos!\",\"breadcrumb\":{\"@id\":\"https:\\\/\\\/natuaventura.com\\\/en\\\/essential-visit-school-trip-cantabria-ii\\\/#breadcrumb\"},\"inLanguage\":\"es\",\"potentialAction\":[{\"@type\":\"ReadAction\",\"target\":[\"https:\\\/\\\/natuaventura.com\\\/en\\\/essential-visit-school-trip-cantabria-ii\\\/\"]}]},{\"@type\":\"ImageObject\",\"inLanguage\":\"es\",\"@id\":\"https:\\\/\\\/natuaventura.com\\\/en\\\/essential-visit-school-trip-cantabria-ii\\\/#primaryimage\",\"url\":\"https:\\\/\\\/natuaventura.com\\\/en\\\/wp-content\\\/uploads\\\/2020\\\/07\\\/playas-cantabria-870x480-1.jpg\",\"contentUrl\":\"https:\\\/\\\/natuaventura.com\\\/en\\\/wp-content\\\/uploads\\\/2020\\\/07\\\/playas-cantabria-870x480-1.jpg\",\"width\":870,\"height\":480},{\"@type\":\"BreadcrumbList\",\"@id\":\"https:\\\/\\\/natuaventura.com\\\/en\\\/essential-visit-school-trip-cantabria-ii\\\/#breadcrumb\",\"itemListElement\":[{\"@type\":\"ListItem\",\"position\":1,\"name\":\"Portada\",\"item\":\"https:\\\/\\\/natuaventura.com\\\/en\\\/\"},{\"@type\":\"ListItem\",\"position\":2,\"name\":\"Essential visits on your school trip to Cantabria (II)\"}]},{\"@type\":\"WebSite\",\"@id\":\"https:\\\/\\\/natuaventura.com\\\/en\\\/#website\",\"url\":\"https:\\\/\\\/natuaventura.com\\\/en\\\/\",\"name\":\"Campamentos de verano y Viajes fin de curso 2025 - Natuaventura\",\"description\":\"Campamentos de verano y Viajes fin de curso - Natuaventura\",\"publisher\":{\"@id\":\"https:\\\/\\\/natuaventura.com\\\/en\\\/#organization\"},\"potentialAction\":[{\"@type\":\"SearchAction\",\"target\":{\"@type\":\"EntryPoint\",\"urlTemplate\":\"https:\\\/\\\/natuaventura.com\\\/en\\\/?s={search_term_string}\"},\"query-input\":{\"@type\":\"PropertyValueSpecification\",\"valueRequired\":true,\"valueName\":\"search_term_string\"}}],\"inLanguage\":\"es\"},{\"@type\":\"Organization\",\"@id\":\"https:\\\/\\\/natuaventura.com\\\/en\\\/#organization\",\"name\":\"Natuaventura Ocio y Tiempo Libre\",\"url\":\"https:\\\/\\\/natuaventura.com\\\/en\\\/\",\"logo\":{\"@type\":\"ImageObject\",\"inLanguage\":\"es\",\"@id\":\"https:\\\/\\\/natuaventura.com\\\/en\\\/#\\\/schema\\\/logo\\\/image\\\/\",\"url\":\"https:\\\/\\\/natuaventura.com\\\/en\\\/wp-content\\\/uploads\\\/2016\\\/04\\\/propuesta-logo.png\",\"contentUrl\":\"https:\\\/\\\/natuaventura.com\\\/en\\\/wp-content\\\/uploads\\\/2016\\\/04\\\/propuesta-logo.png\",\"width\":604,\"height\":175,\"caption\":\"Natuaventura Ocio y Tiempo Libre\"},\"image\":{\"@id\":\"https:\\\/\\\/natuaventura.com\\\/en\\\/#\\\/schema\\\/logo\\\/image\\\/\"},\"sameAs\":[\"https:\\\/\\\/www.facebook.com\\\/NatuaventuraOcioTiempoLibre\\\/\"]}]}<\/script>\n<!-- \/ Yoast SEO Premium plugin. -->","yoast_head_json":{"title":"\u00bfQu\u00e9 visitar en el viaje de fin de curso a Cantabria? | Natuaventura","description":"Te recomendamos los lugares m\u00e1s importantes de la regi\u00f3n para que sepas qu\u00e9 visitar en el viaje de fin de curso a Cantabria. \u00a1Ll\u00e1manos!","robots":{"index":"index","follow":"follow","max-snippet":"max-snippet:-1","max-image-preview":"max-image-preview:large","max-video-preview":"max-video-preview:-1"},"canonical":"https:\/\/natuaventura.com\/en\/essential-visit-school-trip-cantabria-ii\/","og_locale":"es_ES","og_type":"article","og_title":"Essential visits on your school trip to Cantabria (II)","og_description":"Te recomendamos los lugares m\u00e1s importantes de la regi\u00f3n para que sepas qu\u00e9 visitar en el viaje de fin de curso a Cantabria. \u00a1Ll\u00e1manos!","og_url":"https:\/\/natuaventura.com\/en\/essential-visit-school-trip-cantabria-ii\/","og_site_name":"Campamentos de verano y Viajes fin de curso - Natuaventura","article_publisher":"https:\/\/www.facebook.com\/NatuaventuraOcioTiempoLibre\/","article_modified_time":"2026-04-15T22:54:36+00:00","og_image":[{"width":870,"height":480,"url":"https:\/\/natuaventura.com\/en\/wp-content\/uploads\/2020\/07\/playas-cantabria-870x480-1.jpg","type":"image\/jpeg"}],"twitter_card":"summary_large_image","twitter_misc":{"Tiempo de lectura":"4 minutos"},"schema":{"@context":"https:\/\/schema.org","@graph":[{"@type":"WebPage","@id":"https:\/\/natuaventura.com\/en\/essential-visit-school-trip-cantabria-ii\/","url":"https:\/\/natuaventura.com\/en\/essential-visit-school-trip-cantabria-ii\/","name":"\u00bfQu\u00e9 visitar en el viaje de fin de curso a Cantabria? | Natuaventura","isPartOf":{"@id":"https:\/\/natuaventura.com\/en\/#website"},"primaryImageOfPage":{"@id":"https:\/\/natuaventura.com\/en\/essential-visit-school-trip-cantabria-ii\/#primaryimage"},"image":{"@id":"https:\/\/natuaventura.com\/en\/essential-visit-school-trip-cantabria-ii\/#primaryimage"},"thumbnailUrl":"https:\/\/natuaventura.com\/en\/wp-content\/uploads\/2020\/07\/playas-cantabria-870x480-1.jpg","datePublished":"2020-07-24T10:43:41+00:00","dateModified":"2026-04-15T22:54:36+00:00","description":"Te recomendamos los lugares m\u00e1s importantes de la regi\u00f3n para que sepas qu\u00e9 visitar en el viaje de fin de curso a Cantabria. \u00a1Ll\u00e1manos!","breadcrumb":{"@id":"https:\/\/natuaventura.com\/en\/essential-visit-school-trip-cantabria-ii\/#breadcrumb"},"inLanguage":"es","potentialAction":[{"@type":"ReadAction","target":["https:\/\/natuaventura.com\/en\/essential-visit-school-trip-cantabria-ii\/"]}]},{"@type":"ImageObject","inLanguage":"es","@id":"https:\/\/natuaventura.com\/en\/essential-visit-school-trip-cantabria-ii\/#primaryimage","url":"https:\/\/natuaventura.com\/en\/wp-content\/uploads\/2020\/07\/playas-cantabria-870x480-1.jpg","contentUrl":"https:\/\/natuaventura.com\/en\/wp-content\/uploads\/2020\/07\/playas-cantabria-870x480-1.jpg","width":870,"height":480},{"@type":"BreadcrumbList","@id":"https:\/\/natuaventura.com\/en\/essential-visit-school-trip-cantabria-ii\/#breadcrumb","itemListElement":[{"@type":"ListItem","position":1,"name":"Portada","item":"https:\/\/natuaventura.com\/en\/"},{"@type":"ListItem","position":2,"name":"Essential visits on your school trip to Cantabria (II)"}]},{"@type":"WebSite","@id":"https:\/\/natuaventura.com\/en\/#website","url":"https:\/\/natuaventura.com\/en\/","name":"Campamentos de verano y Viajes fin de curso 2025 - Natuaventura","description":"Campamentos de verano y Viajes fin de curso - Natuaventura","publisher":{"@id":"https:\/\/natuaventura.com\/en\/#organization"},"potentialAction":[{"@type":"SearchAction","target":{"@type":"EntryPoint","urlTemplate":"https:\/\/natuaventura.com\/en\/?s={search_term_string}"},"query-input":{"@type":"PropertyValueSpecification","valueRequired":true,"valueName":"search_term_string"}}],"inLanguage":"es"},{"@type":"Organization","@id":"https:\/\/natuaventura.com\/en\/#organization","name":"Natuaventura Ocio y Tiempo Libre","url":"https:\/\/natuaventura.com\/en\/","logo":{"@type":"ImageObject","inLanguage":"es","@id":"https:\/\/natuaventura.com\/en\/#\/schema\/logo\/image\/","url":"https:\/\/natuaventura.com\/en\/wp-content\/uploads\/2016\/04\/propuesta-logo.png","contentUrl":"https:\/\/natuaventura.com\/en\/wp-content\/uploads\/2016\/04\/propuesta-logo.png","width":604,"height":175,"caption":"Natuaventura Ocio y Tiempo Libre"},"image":{"@id":"https:\/\/natuaventura.com\/en\/#\/schema\/logo\/image\/"},"sameAs":["https:\/\/www.facebook.com\/NatuaventuraOcioTiempoLibre\/"]}]}},"_links":{"self":[{"href":"https:\/\/natuaventura.com\/en\/wp-json\/wp\/v2\/pages\/11942","targetHints":{"allow":["GET"]}}],"collection":[{"href":"https:\/\/natuaventura.com\/en\/wp-json\/wp\/v2\/pages"}],"about":[{"href":"https:\/\/natuaventura.com\/en\/wp-json\/wp\/v2\/types\/page"}],"author":[{"embeddable":true,"href":"https:\/\/natuaventura.com\/en\/wp-json\/wp\/v2\/users\/36"}],"replies":[{"embeddable":true,"href":"https:\/\/natuaventura.com\/en\/wp-json\/wp\/v2\/comments?post=11942"}],"version-history":[{"count":6,"href":"https:\/\/natuaventura.com\/en\/wp-json\/wp\/v2\/pages\/11942\/revisions"}],"predecessor-version":[{"id":43216,"href":"https:\/\/natuaventura.com\/en\/wp-json\/wp\/v2\/pages\/11942\/revisions\/43216"}],"wp:featuredmedia":[{"embeddable":true,"href":"https:\/\/natuaventura.com\/en\/wp-json\/wp\/v2\/media\/11944"}],"wp:attachment":[{"href":"https:\/\/natuaventura.com\/en\/wp-json\/wp\/v2\/media?parent=11942"}],"wp:term":[{"taxonomy":"category","embeddable":true,"href":"https:\/\/natuaventura.com\/en\/wp-json\/wp\/v2\/categories?post=11942"},{"taxonomy":"post_tag","embeddable":true,"href":"https:\/\/natuaventura.com\/en\/wp-json\/wp\/v2\/tags?post=11942"}],"curies":[{"name":"wp","href":"https:\/\/api.w.org\/{rel}","templated":true}]}}