{"id":11947,"date":"2020-07-24T10:47:56","date_gmt":"2020-07-24T10:47:56","guid":{"rendered":"http:\/\/natuaventura.com\/?page_id=11947"},"modified":"2026-04-16T00:07:30","modified_gmt":"2026-04-16T00:07:30","slug":"viajes-de-fin-de-curso-actividades-multiaventura-de-montana-i","status":"publish","type":"page","link":"https:\/\/natuaventura.com\/en\/viajes-de-fin-de-curso-actividades-multiaventura-de-montana-i\/","title":{"rendered":"School Trips: Mountain Multi-Adventure Activities I"},"content":{"rendered":"<p class=\"p2\">When we picture a multi-adventure school trip, we normally imagine a large number of sporting activities in a mountain setting. This is a curious thing, because although multi-adventure activities are not exclusive to or dependent on a mountain landscape, we tend to associate them with one. Perhaps because the mountains do not offer just a single multi-adventure option, but a vast number of possibilities. In fact, many of the multi-adventure activities proposed for this environment are grouped under the unifying name of mountaineering. By this term we tend to mean any physical activity carried out in the mountains, although in a more specific sense it refers to the act of ascending peaks. This \u00abwalk in nature\u00bb represents one of the first multi-adventure activities undertaken by human beings, and the foundation from which all the others have developed.<\/p>\n<p class=\"p2\">A large proportion of the multi-adventure activities offered on school trips revolve around rope-based activities. Climbing is one such activity. This activity and its variants have become one of the main attractions of school trips. Traditional climbing involves traversing faces with a steep gradient, normally with the support of ropes and harnesses. Climbing is an increasingly popular sport that is gaining more and more enthusiasts, and it holds great appeal for young people. The sensation of ascending a natural rock face is unique. It encourages concentration and decision-making, as well as a greater awareness of one&#8217;s own psychomotor skills and increased confidence in them. From climbing, various other multi-adventure activity options have also developed, based on the same principle.<\/p>\n<p><img loading=\"lazy\" decoding=\"async\" class=\"alignnone size-full wp-image-11949\" src=\"https:\/\/natuaventura.com\/en\/wp-content\/uploads\/2020\/07\/Actividadesmultiaventuradefincurso-300x200-1.jpg\" alt=\"\" width=\"300\" height=\"200\" \/>  <img loading=\"lazy\" decoding=\"async\" class=\"alignnone size-full wp-image-11950\" src=\"https:\/\/natuaventura.com\/en\/wp-content\/uploads\/2020\/07\/Actividadesmultiaventurafincurso-300x200-1.jpg\" alt=\"\" width=\"300\" height=\"200\" \/><\/p>\n<h2><b>Multi-Adventure School Trip Activities: Ropes Course<\/b><\/h2>\n<p class=\"p1\">The success of climbing as a multi-adventure activity on school trips has led to the development of various themed parks centred on this activity. One such example is what are known as ropes courses. A ropes course is a themed park in which a variety of multi-adventure and mountain-related activities take place. They are usually situated in natural surroundings, typically in forests or wooded areas, which is why this activity is often referred to as arborism. This is because the trees themselves are integrated into the activity and serve as a base for several similar activities. One of the highlights is the zip line. By means of a system of pulleys, ropes and counterweights, the participant is transported \u2014 secured by a harness attached to a rope \u2014 from one point to another above the ground.<\/p>\n<p class=\"p1\">The zip line is one of the main activities in a ropes course, but by no means the only one. Many others are defined as crossings, and involve moving from one tree to another by means of various rope systems. One such crossing is the bear walk, which features a rope the participant walks along and two higher ropes to hold with their hands. Another is the monkey crossing, in which the participant climbs along ropes as if they were one of those primates. In this way, ropes and climbing become a form of sport and contact with nature that makes a multi-adventure school trip a truly unique experience. Today, ropes courses and adventure parks can be found in almost every region of Spain.<\/p>\n<h2 class=\"p1\"><b>Multi-Adventure School Trip Activities: Canyoning and Rafting<\/b><\/h2>\n<p class=\"p1\">The multi-adventure activities on school trips that take place in a mountain environment do not always have to occur in dry surroundings. The mountain environment also offers a wide range of water-based activity options, making use of reservoirs and rivers. As a result, multi-adventure activities can also be carried out in these watery settings. One of the most popular is canyoning. This sport involves travelling through various watercourses and bodies of water, including jumping into plunge pools and passing through caves and canyons. For this activity, participants must wear a wetsuit and a helmet, ensuring the sport is carried out with maximum safety. These routes, undertaken between water and mountain, are led by expert professional guides who specialise in this sport.<\/p>\n<p class=\"p1\">Another activity with similar characteristics, and a regular feature on multi-adventure school trips, is rafting. This activity also involves descending a river, but in this case in a boat. Given that the route passes through areas of considerable depth or sections with rapids, the vessel is a wide, specially designed craft capable of navigating these zones. Participants, wearing a life jacket, wetsuit and helmet, sit inside the boat. Each person holds a paddle which, under the guidance of the instructor on board, they use to correct the course. In this way, rafting is an activity in which participants practise and see how their own effort is rewarded and put to the service of achieving a shared goal.<\/p>\n<h2><b>Multi-Adventure School Trips<\/b><\/h2>\n<p class=\"p1\">You can find all the information about how our multi-adventure school trips work on the following pages:<\/p>\n<ul class=\"ul1\">\n<li class=\"li1\"><a href=\"https:\/\/natuaventura.com\/en\/viajes-de-fin-de-curso-multiaventura-y-turismo-activo\/\"><strong>School trips: multi-adventure and active tourism<\/strong><\/a><\/li>\n<li class=\"li1\"><a href=\"https:\/\/natuaventura.com\/en\/viajes-de-fin-de-curso-actividades-multiaventura-de-montana-i\/\"><strong>School trips: mountain multi-adventure activities I<\/strong><\/a><\/li>\n<li class=\"li1\"><a href=\"https:\/\/natuaventura.com\/en\/viajes-de-fin-de-curso-actividades-multiaventura-de-montana-ii\/\"><strong>School trips: mountain multi-adventure activities II<\/strong><\/a><\/li>\n<li class=\"li1\"><a href=\"https:\/\/natuaventura.com\/en\/blog\/benefits-end-of-year-multiadventure-trip\/\"><strong>Benefits of multi-adventure school trips<\/strong><\/a><\/li>\n<li class=\"li1\"><a href=\"https:\/\/natuaventura.com\/en\/blog\/best-destination-for-end-of-year-trips\/\"><strong>Destinations for multi-adventure school trips<\/strong><\/a><\/li>\n<\/ul>\n","protected":false},"excerpt":{"rendered":"<p>When we picture a multi-adventure school trip, we normally imagine a large number of sporting activities in a mountain setting. This is a curious thing, because although multi-adventure activities are not exclusive to or dependent on a mountain landscape, we tend to associate them with one. Perhaps because the mountains do not offer just a [&#8230;]\n","protected":false},"author":36,"featured_media":11948,"parent":0,"menu_order":0,"comment_status":"closed","ping_status":"closed","template":"page-blank-title-center.php","meta":{"footnotes":""},"categories":[4,38],"tags":[635,554],"class_list":["post-11947","page","type-page","status-publish","has-post-thumbnail","hentry","category-blog","category-viajes-de-fin-de-curso-blog","tag-actividades-multiaventura-de-montana","tag-viajes-de-fin-de-curso"],"yoast_head":"<!-- This site is optimized with the Yoast SEO Premium plugin v27.3 (Yoast SEO v27.3) - https:\/\/yoast.com\/product\/yoast-seo-premium-wordpress\/ -->\n<title>Viajes de fin de curso: Actividades Multiaventura de monta\u00f1a<\/title>\n<meta name=\"description\" content=\"Viajes de fin de curso: Actividades Multiaventura de monta\u00f1a . Gran parte de las actividades que se realizan, escalada, jardin de curdas y mucho m\u00e1s\" \/>\n<meta name=\"robots\" content=\"index, follow, max-snippet:-1, max-image-preview:large, max-video-preview:-1\" \/>\n<link rel=\"canonical\" href=\"https:\/\/natuaventura.com\/en\/viajes-de-fin-de-curso-actividades-multiaventura-de-montana-i\/\" \/>\n<meta property=\"og:locale\" content=\"es_ES\" \/>\n<meta property=\"og:type\" content=\"article\" \/>\n<meta property=\"og:title\" content=\"School Trips: Mountain Multi-Adventure Activities I\" \/>\n<meta property=\"og:description\" content=\"Viajes de fin de curso: Actividades Multiaventura de monta\u00f1a . Gran parte de las actividades que se realizan, escalada, jardin de curdas y mucho m\u00e1s\" \/>\n<meta property=\"og:url\" content=\"https:\/\/natuaventura.com\/en\/viajes-de-fin-de-curso-actividades-multiaventura-de-montana-i\/\" \/>\n<meta property=\"og:site_name\" content=\"Campamentos de verano y Viajes fin de curso - Natuaventura\" \/>\n<meta property=\"article:publisher\" content=\"https:\/\/www.facebook.com\/NatuaventuraOcioTiempoLibre\/\" \/>\n<meta property=\"article:modified_time\" content=\"2026-04-16T00:07:30+00:00\" \/>\n<meta property=\"og:image\" content=\"https:\/\/natuaventura.com\/en\/wp-content\/uploads\/2020\/07\/Actividadesmultiaventura-799x480-1.jpg\" \/>\n\t<meta property=\"og:image:width\" content=\"799\" \/>\n\t<meta property=\"og:image:height\" content=\"480\" \/>\n\t<meta property=\"og:image:type\" content=\"image\/jpeg\" \/>\n<meta name=\"twitter:card\" content=\"summary_large_image\" \/>\n<meta name=\"twitter:label1\" content=\"Tiempo de lectura\" \/>\n\t<meta name=\"twitter:data1\" content=\"4 minutos\" \/>\n<script type=\"application\/ld+json\" class=\"yoast-schema-graph\">{\"@context\":\"https:\\\/\\\/schema.org\",\"@graph\":[{\"@type\":\"WebPage\",\"@id\":\"https:\\\/\\\/natuaventura.com\\\/en\\\/viajes-de-fin-de-curso-actividades-multiaventura-de-montana-i\\\/\",\"url\":\"https:\\\/\\\/natuaventura.com\\\/en\\\/viajes-de-fin-de-curso-actividades-multiaventura-de-montana-i\\\/\",\"name\":\"Viajes de fin de curso: Actividades Multiaventura de monta\u00f1a\",\"isPartOf\":{\"@id\":\"https:\\\/\\\/natuaventura.com\\\/en\\\/#website\"},\"primaryImageOfPage\":{\"@id\":\"https:\\\/\\\/natuaventura.com\\\/en\\\/viajes-de-fin-de-curso-actividades-multiaventura-de-montana-i\\\/#primaryimage\"},\"image\":{\"@id\":\"https:\\\/\\\/natuaventura.com\\\/en\\\/viajes-de-fin-de-curso-actividades-multiaventura-de-montana-i\\\/#primaryimage\"},\"thumbnailUrl\":\"https:\\\/\\\/natuaventura.com\\\/en\\\/wp-content\\\/uploads\\\/2020\\\/07\\\/Actividadesmultiaventura-799x480-1.jpg\",\"datePublished\":\"2020-07-24T10:47:56+00:00\",\"dateModified\":\"2026-04-16T00:07:30+00:00\",\"description\":\"Viajes de fin de curso: Actividades Multiaventura de monta\u00f1a . Gran parte de las actividades que se realizan, escalada, jardin de curdas y mucho m\u00e1s\",\"breadcrumb\":{\"@id\":\"https:\\\/\\\/natuaventura.com\\\/en\\\/viajes-de-fin-de-curso-actividades-multiaventura-de-montana-i\\\/#breadcrumb\"},\"inLanguage\":\"es\",\"potentialAction\":[{\"@type\":\"ReadAction\",\"target\":[\"https:\\\/\\\/natuaventura.com\\\/en\\\/viajes-de-fin-de-curso-actividades-multiaventura-de-montana-i\\\/\"]}]},{\"@type\":\"ImageObject\",\"inLanguage\":\"es\",\"@id\":\"https:\\\/\\\/natuaventura.com\\\/en\\\/viajes-de-fin-de-curso-actividades-multiaventura-de-montana-i\\\/#primaryimage\",\"url\":\"https:\\\/\\\/natuaventura.com\\\/en\\\/wp-content\\\/uploads\\\/2020\\\/07\\\/Actividadesmultiaventura-799x480-1.jpg\",\"contentUrl\":\"https:\\\/\\\/natuaventura.com\\\/en\\\/wp-content\\\/uploads\\\/2020\\\/07\\\/Actividadesmultiaventura-799x480-1.jpg\",\"width\":799,\"height\":480},{\"@type\":\"BreadcrumbList\",\"@id\":\"https:\\\/\\\/natuaventura.com\\\/en\\\/viajes-de-fin-de-curso-actividades-multiaventura-de-montana-i\\\/#breadcrumb\",\"itemListElement\":[{\"@type\":\"ListItem\",\"position\":1,\"name\":\"Portada\",\"item\":\"https:\\\/\\\/natuaventura.com\\\/en\\\/\"},{\"@type\":\"ListItem\",\"position\":2,\"name\":\"School Trips: Mountain Multi-Adventure Activities I\"}]},{\"@type\":\"WebSite\",\"@id\":\"https:\\\/\\\/natuaventura.com\\\/en\\\/#website\",\"url\":\"https:\\\/\\\/natuaventura.com\\\/en\\\/\",\"name\":\"Campamentos de verano y Viajes fin de curso 2025 - Natuaventura\",\"description\":\"Campamentos de verano y Viajes fin de curso - Natuaventura\",\"publisher\":{\"@id\":\"https:\\\/\\\/natuaventura.com\\\/en\\\/#organization\"},\"potentialAction\":[{\"@type\":\"SearchAction\",\"target\":{\"@type\":\"EntryPoint\",\"urlTemplate\":\"https:\\\/\\\/natuaventura.com\\\/en\\\/?s={search_term_string}\"},\"query-input\":{\"@type\":\"PropertyValueSpecification\",\"valueRequired\":true,\"valueName\":\"search_term_string\"}}],\"inLanguage\":\"es\"},{\"@type\":\"Organization\",\"@id\":\"https:\\\/\\\/natuaventura.com\\\/en\\\/#organization\",\"name\":\"Natuaventura Ocio y Tiempo Libre\",\"url\":\"https:\\\/\\\/natuaventura.com\\\/en\\\/\",\"logo\":{\"@type\":\"ImageObject\",\"inLanguage\":\"es\",\"@id\":\"https:\\\/\\\/natuaventura.com\\\/en\\\/#\\\/schema\\\/logo\\\/image\\\/\",\"url\":\"https:\\\/\\\/natuaventura.com\\\/en\\\/wp-content\\\/uploads\\\/2016\\\/04\\\/propuesta-logo.png\",\"contentUrl\":\"https:\\\/\\\/natuaventura.com\\\/en\\\/wp-content\\\/uploads\\\/2016\\\/04\\\/propuesta-logo.png\",\"width\":604,\"height\":175,\"caption\":\"Natuaventura Ocio y Tiempo Libre\"},\"image\":{\"@id\":\"https:\\\/\\\/natuaventura.com\\\/en\\\/#\\\/schema\\\/logo\\\/image\\\/\"},\"sameAs\":[\"https:\\\/\\\/www.facebook.com\\\/NatuaventuraOcioTiempoLibre\\\/\"]}]}<\/script>\n<!-- \/ Yoast SEO Premium plugin. -->","yoast_head_json":{"title":"Viajes de fin de curso: Actividades Multiaventura de monta\u00f1a","description":"Viajes de fin de curso: Actividades Multiaventura de monta\u00f1a . Gran parte de las actividades que se realizan, escalada, jardin de curdas y mucho m\u00e1s","robots":{"index":"index","follow":"follow","max-snippet":"max-snippet:-1","max-image-preview":"max-image-preview:large","max-video-preview":"max-video-preview:-1"},"canonical":"https:\/\/natuaventura.com\/en\/viajes-de-fin-de-curso-actividades-multiaventura-de-montana-i\/","og_locale":"es_ES","og_type":"article","og_title":"School Trips: Mountain Multi-Adventure Activities I","og_description":"Viajes de fin de curso: Actividades Multiaventura de monta\u00f1a . Gran parte de las actividades que se realizan, escalada, jardin de curdas y mucho m\u00e1s","og_url":"https:\/\/natuaventura.com\/en\/viajes-de-fin-de-curso-actividades-multiaventura-de-montana-i\/","og_site_name":"Campamentos de verano y Viajes fin de curso - Natuaventura","article_publisher":"https:\/\/www.facebook.com\/NatuaventuraOcioTiempoLibre\/","article_modified_time":"2026-04-16T00:07:30+00:00","og_image":[{"width":799,"height":480,"url":"https:\/\/natuaventura.com\/en\/wp-content\/uploads\/2020\/07\/Actividadesmultiaventura-799x480-1.jpg","type":"image\/jpeg"}],"twitter_card":"summary_large_image","twitter_misc":{"Tiempo de lectura":"4 minutos"},"schema":{"@context":"https:\/\/schema.org","@graph":[{"@type":"WebPage","@id":"https:\/\/natuaventura.com\/en\/viajes-de-fin-de-curso-actividades-multiaventura-de-montana-i\/","url":"https:\/\/natuaventura.com\/en\/viajes-de-fin-de-curso-actividades-multiaventura-de-montana-i\/","name":"Viajes de fin de curso: Actividades Multiaventura de monta\u00f1a","isPartOf":{"@id":"https:\/\/natuaventura.com\/en\/#website"},"primaryImageOfPage":{"@id":"https:\/\/natuaventura.com\/en\/viajes-de-fin-de-curso-actividades-multiaventura-de-montana-i\/#primaryimage"},"image":{"@id":"https:\/\/natuaventura.com\/en\/viajes-de-fin-de-curso-actividades-multiaventura-de-montana-i\/#primaryimage"},"thumbnailUrl":"https:\/\/natuaventura.com\/en\/wp-content\/uploads\/2020\/07\/Actividadesmultiaventura-799x480-1.jpg","datePublished":"2020-07-24T10:47:56+00:00","dateModified":"2026-04-16T00:07:30+00:00","description":"Viajes de fin de curso: Actividades Multiaventura de monta\u00f1a . Gran parte de las actividades que se realizan, escalada, jardin de curdas y mucho m\u00e1s","breadcrumb":{"@id":"https:\/\/natuaventura.com\/en\/viajes-de-fin-de-curso-actividades-multiaventura-de-montana-i\/#breadcrumb"},"inLanguage":"es","potentialAction":[{"@type":"ReadAction","target":["https:\/\/natuaventura.com\/en\/viajes-de-fin-de-curso-actividades-multiaventura-de-montana-i\/"]}]},{"@type":"ImageObject","inLanguage":"es","@id":"https:\/\/natuaventura.com\/en\/viajes-de-fin-de-curso-actividades-multiaventura-de-montana-i\/#primaryimage","url":"https:\/\/natuaventura.com\/en\/wp-content\/uploads\/2020\/07\/Actividadesmultiaventura-799x480-1.jpg","contentUrl":"https:\/\/natuaventura.com\/en\/wp-content\/uploads\/2020\/07\/Actividadesmultiaventura-799x480-1.jpg","width":799,"height":480},{"@type":"BreadcrumbList","@id":"https:\/\/natuaventura.com\/en\/viajes-de-fin-de-curso-actividades-multiaventura-de-montana-i\/#breadcrumb","itemListElement":[{"@type":"ListItem","position":1,"name":"Portada","item":"https:\/\/natuaventura.com\/en\/"},{"@type":"ListItem","position":2,"name":"School Trips: Mountain Multi-Adventure Activities I"}]},{"@type":"WebSite","@id":"https:\/\/natuaventura.com\/en\/#website","url":"https:\/\/natuaventura.com\/en\/","name":"Campamentos de verano y Viajes fin de curso 2025 - Natuaventura","description":"Campamentos de verano y Viajes fin de curso - Natuaventura","publisher":{"@id":"https:\/\/natuaventura.com\/en\/#organization"},"potentialAction":[{"@type":"SearchAction","target":{"@type":"EntryPoint","urlTemplate":"https:\/\/natuaventura.com\/en\/?s={search_term_string}"},"query-input":{"@type":"PropertyValueSpecification","valueRequired":true,"valueName":"search_term_string"}}],"inLanguage":"es"},{"@type":"Organization","@id":"https:\/\/natuaventura.com\/en\/#organization","name":"Natuaventura Ocio y Tiempo Libre","url":"https:\/\/natuaventura.com\/en\/","logo":{"@type":"ImageObject","inLanguage":"es","@id":"https:\/\/natuaventura.com\/en\/#\/schema\/logo\/image\/","url":"https:\/\/natuaventura.com\/en\/wp-content\/uploads\/2016\/04\/propuesta-logo.png","contentUrl":"https:\/\/natuaventura.com\/en\/wp-content\/uploads\/2016\/04\/propuesta-logo.png","width":604,"height":175,"caption":"Natuaventura Ocio y Tiempo Libre"},"image":{"@id":"https:\/\/natuaventura.com\/en\/#\/schema\/logo\/image\/"},"sameAs":["https:\/\/www.facebook.com\/NatuaventuraOcioTiempoLibre\/"]}]}},"_links":{"self":[{"href":"https:\/\/natuaventura.com\/en\/wp-json\/wp\/v2\/pages\/11947","targetHints":{"allow":["GET"]}}],"collection":[{"href":"https:\/\/natuaventura.com\/en\/wp-json\/wp\/v2\/pages"}],"about":[{"href":"https:\/\/natuaventura.com\/en\/wp-json\/wp\/v2\/types\/page"}],"author":[{"embeddable":true,"href":"https:\/\/natuaventura.com\/en\/wp-json\/wp\/v2\/users\/36"}],"replies":[{"embeddable":true,"href":"https:\/\/natuaventura.com\/en\/wp-json\/wp\/v2\/comments?post=11947"}],"version-history":[{"count":4,"href":"https:\/\/natuaventura.com\/en\/wp-json\/wp\/v2\/pages\/11947\/revisions"}],"predecessor-version":[{"id":43311,"href":"https:\/\/natuaventura.com\/en\/wp-json\/wp\/v2\/pages\/11947\/revisions\/43311"}],"wp:featuredmedia":[{"embeddable":true,"href":"https:\/\/natuaventura.com\/en\/wp-json\/wp\/v2\/media\/11948"}],"wp:attachment":[{"href":"https:\/\/natuaventura.com\/en\/wp-json\/wp\/v2\/media?parent=11947"}],"wp:term":[{"taxonomy":"category","embeddable":true,"href":"https:\/\/natuaventura.com\/en\/wp-json\/wp\/v2\/categories?post=11947"},{"taxonomy":"post_tag","embeddable":true,"href":"https:\/\/natuaventura.com\/en\/wp-json\/wp\/v2\/tags?post=11947"}],"curies":[{"name":"wp","href":"https:\/\/api.w.org\/{rel}","templated":true}]}}