{"id":11988,"date":"2020-07-24T11:23:41","date_gmt":"2020-07-24T11:23:41","guid":{"rendered":"http:\/\/natuaventura.com\/?page_id=11988"},"modified":"2026-04-15T22:40:10","modified_gmt":"2026-04-15T22:40:10","slug":"viajes-de-fin-de-curso-culturales-y-urbanos-los-mejores-destinos","status":"publish","type":"page","link":"https:\/\/natuaventura.com\/en\/viajes-de-fin-de-curso-culturales-y-urbanos-los-mejores-destinos\/","title":{"rendered":"Cultural and Urban School Trips: The Best Destinations"},"content":{"rendered":"<p class=\"p1\">Spain is one of the world&#8217;s leading countries in the field of tourism. This is made possible by the unique combination found within our country. Its size and geographical variety have given rise to numerous very different regions, all of them rich in natural landscapes and cultural and tourist resources worth exploring. This means that school trips \u2014 even when they revolve around a particular type of experience (multiadventure, cultural, urban) \u2014 can in practice combine all of these elements to create a full and varied itinerary. Many destinations in our country therefore fulfil the desire to be the best settings for school trips. Focusing on the cultural and urban school trips we are exploring in these posts, we will concentrate on the best options of this kind.<\/p>\n<p class=\"p1\">For urban school trips, Spain&#8217;s major cities stand out. In this respect, Madrid, Barcelona, Valencia and Seville attract the most groups seeking this type of trip. The activities on offer are a broad combination of cultural activities, tourist visits, sports and multiadventure that make up the most dynamic itineraries of this kind. The variety of activities allows for different types of accommodation at these destinations, to be chosen according to whichever best suits the itinerary. In this way, even though most of the trip takes place in one of these cities, it is sometimes more convenient for the accommodation to be outside the city itself \u2014 somewhere on the outskirts or nearby \u2014 so that the group can stay in a setting closer to nature and more peaceful.<\/p>\n<p><img loading=\"lazy\" decoding=\"async\" class=\"alignnone size-full wp-image-11989\" src=\"https:\/\/natuaventura.com\/en\/wp-content\/uploads\/2020\/07\/findecursosMadrid-300x225-1.jpg\" alt=\"\" width=\"300\" height=\"225\" \/>    <img loading=\"lazy\" decoding=\"async\" class=\"alignnone size-full wp-image-11990\" src=\"https:\/\/natuaventura.com\/en\/wp-content\/uploads\/2020\/07\/Valenciafindecurso-300x225-1.jpg\" alt=\"\" width=\"300\" height=\"225\" \/><\/p>\n<h2><b>Urban School Trips: Madrid and Barcelona<\/b><\/h2>\n<p class=\"p2\">When considering urban destinations for school trips, the two most popular options at present are Madrid and Barcelona. Both are Spain&#8217;s main cities and also prominent tourist destinations for domestic and international visitors. As the capital, Madrid has a great deal to offer school trips. One of its attractions is Madrid&#8217;s very location at the centre of the Iberian Peninsula, which means other cities of great tourist interest can also be visited nearby, such as Segovia or Toledo. Another draw is the vast cultural offering of the capital, with highlights including the Paseo del Prado, the Gran V\u00eda, the Madrid of the Habsburgs and El Retiro park. Madrid also stands out for the natural surroundings of its region. Aranjuez, the Sierra de Guadarrama or the beech forest of Montejo are just a few examples close by.<\/p>\n<p class=\"p2\">Barcelona, for its part, stands out as a city for its connection between Europe and Spain. It is one of the preferred destinations for school groups both nationally and internationally. On the shores of the Mediterranean, it offers an extremely interesting combination of cultural and sporting activities. Its access to the sea and its proximity to natural surroundings allow for the creation of complete itineraries. Among the cultural highlights are tours of Gaud\u00ed&#8217;s architectural wonders, such as Park G\u00fcell or the Sagrada Fam\u00edlia. For activities in nature, the Barceloneta beach is close at hand, as is the mountain setting of Montseny. Near Barcelona there is also the theme park of PortAventura, which delights younger pupils and adds an extra dose of adventure and excitement to any cultural school trip.<\/p>\n<h2><b>Urban School Trips: Valencia and Seville<\/b><\/h2>\n<p class=\"p1\">In addition to the two major Spanish cities, there are other urban destinations for school trips that stand out on the national scene \u2014 namely Valencia and Seville. Both are less populous than Madrid or Barcelona, but every bit as rich in cultural resources. They are also the centres of tourist activity in their respective regions. In Seville, culture and history are firmly embedded in the very fabric of the city. It is home to architectural wonders such as the Real Alc\u00e1zar, the Giralda and the Plaza de Espa\u00f1a. A tourist tour for a school trip through these sites also has the added appeal that many of these locations have served as settings for well-known films and television series. You can enjoy the gastronomic offer by strolling through the Juder\u00eda, and take in the Andalusian natural environment on an excursion along the Guadalquivir.<\/p>\n<p class=\"p1\">Valencia is the jewel of the Mediterranean. Capital of the Valencian Community, its development as a leading cultural city in recent years has made it one of the preferred destinations for school trips. The City of Arts and Sciences stands out both for its impressive architecture and for the content of its museums. The Oceanogr\u00e0fic fascinates children and adults alike by opening a window onto the wonders that inhabit the world&#8217;s oceans. The Science Museum makes it possible to share and reinforce formal learning from an enjoyable, participatory perspective. Valencia also offers a wide range of natural settings to visit, such as L&#8217;Albufera and the beaches of the Levante coast, where numerous water sports activities can also be enjoyed to complement the perfect school trip itinerary.<\/p>\n<h2 class=\"p1\"><b>Cultural and Urban School Trips<\/b><\/h2>\n<p class=\"p1\">You can find all the information about our cultural and urban school trips in the following posts:<\/p>\n<ul class=\"ul1\">\n<li class=\"li1\"><strong><a href=\"https:\/\/natuaventura.com\/en\/viajes-de-fin-de-curso-culturales\/\">Cultural School Trips<\/a><\/strong><\/li>\n<li class=\"li1\"><a href=\"https:\/\/natuaventura.com\/en\/viajes-de-fin-de-curso-urbanos\/\"><strong>Urban School Trips<\/strong><\/a><\/li>\n<li class=\"li1\"><a href=\"https:\/\/natuaventura.com\/en\/blog\/cultural-and-urban-end-of-year-trip-activities\/\"><strong>Cultural and Urban School Trip Activities<\/strong><\/a><\/li>\n<li class=\"li1\"><strong><a href=\"https:\/\/natuaventura.com\/en\/viajes-de-fin-de-curso-culturales-y-urbanos-los-mejores-destinos\/\">Cultural and Urban School Trips: The Best Destinations<\/a><\/strong><\/li>\n<\/ul>\n","protected":false},"excerpt":{"rendered":"<p>Spain is one of the world&#8217;s leading countries in the field of tourism. This is made possible by the unique combination found within our country. Its size and geographical variety have given rise to numerous very different regions, all of them rich in natural landscapes and cultural and tourist resources worth exploring. This means that [&#8230;]\n","protected":false},"author":36,"featured_media":11991,"parent":0,"menu_order":0,"comment_status":"closed","ping_status":"closed","template":"page-blank-title-center.php","meta":{"footnotes":""},"categories":[4,38],"tags":[647,646,648],"class_list":["post-11988","page","type-page","status-publish","has-post-thumbnail","hentry","category-blog","category-viajes-de-fin-de-curso-blog","tag-viajes-de-fin-de-curso-culturales","tag-viajes-de-fin-de-curso-culturales-y-urbanos","tag-viajes-de-fin-de-curso-urbanos"],"yoast_head":"<!-- This site is optimized with the Yoast SEO Premium plugin v27.3 (Yoast SEO v27.3) - https:\/\/yoast.com\/product\/yoast-seo-premium-wordpress\/ -->\n<title>Destinos cualturales y urbanos para un viaje de fin de curso | Natuaventura<\/title>\n<meta name=\"description\" content=\"Viajes de fin de curso culturales y urbanos: Los mejores destinos Madrid, Barcelona, Valencia y Sevilla destinos para grupos que buscan este tipo de viajes.\" \/>\n<meta name=\"robots\" content=\"index, follow, max-snippet:-1, max-image-preview:large, max-video-preview:-1\" \/>\n<link rel=\"canonical\" href=\"https:\/\/natuaventura.com\/en\/viajes-de-fin-de-curso-culturales-y-urbanos-los-mejores-destinos\/\" \/>\n<meta property=\"og:locale\" content=\"en_GB\" \/>\n<meta property=\"og:type\" content=\"article\" \/>\n<meta property=\"og:title\" content=\"Cultural and Urban School Trips: The Best Destinations\" \/>\n<meta property=\"og:description\" content=\"Viajes de fin de curso culturales y urbanos: Los mejores destinos Madrid, Barcelona, Valencia y Sevilla destinos para grupos que buscan este tipo de viajes.\" \/>\n<meta property=\"og:url\" content=\"https:\/\/natuaventura.com\/en\/viajes-de-fin-de-curso-culturales-y-urbanos-los-mejores-destinos\/\" \/>\n<meta property=\"og:site_name\" content=\"Natuaventura\" \/>\n<meta property=\"article:publisher\" content=\"https:\/\/www.facebook.com\/NatuaventuraOcioTiempoLibre\/\" \/>\n<meta property=\"article:modified_time\" content=\"2026-04-15T22:40:10+00:00\" \/>\n<meta property=\"og:image\" content=\"https:\/\/natuaventura.com\/en\/wp-content\/uploads\/2020\/07\/viajefindecursobarcelosna-800x480-1.jpg\" \/>\n\t<meta property=\"og:image:width\" content=\"800\" \/>\n\t<meta property=\"og:image:height\" content=\"480\" \/>\n\t<meta property=\"og:image:type\" content=\"image\/jpeg\" \/>\n<meta name=\"twitter:card\" content=\"summary_large_image\" \/>\n<meta name=\"twitter:label1\" content=\"Est. reading time\" \/>\n\t<meta name=\"twitter:data1\" content=\"4 minutes\" \/>\n<script type=\"application\/ld+json\" class=\"yoast-schema-graph\">{\"@context\":\"https:\\\/\\\/schema.org\",\"@graph\":[{\"@type\":\"WebPage\",\"@id\":\"https:\\\/\\\/natuaventura.com\\\/en\\\/viajes-de-fin-de-curso-culturales-y-urbanos-los-mejores-destinos\\\/\",\"url\":\"https:\\\/\\\/natuaventura.com\\\/en\\\/viajes-de-fin-de-curso-culturales-y-urbanos-los-mejores-destinos\\\/\",\"name\":\"Destinos cualturales y urbanos para un viaje de fin de curso | Natuaventura\",\"isPartOf\":{\"@id\":\"https:\\\/\\\/natuaventura.com\\\/en\\\/#website\"},\"primaryImageOfPage\":{\"@id\":\"https:\\\/\\\/natuaventura.com\\\/en\\\/viajes-de-fin-de-curso-culturales-y-urbanos-los-mejores-destinos\\\/#primaryimage\"},\"image\":{\"@id\":\"https:\\\/\\\/natuaventura.com\\\/en\\\/viajes-de-fin-de-curso-culturales-y-urbanos-los-mejores-destinos\\\/#primaryimage\"},\"thumbnailUrl\":\"https:\\\/\\\/natuaventura.com\\\/en\\\/wp-content\\\/uploads\\\/2020\\\/07\\\/viajefindecursobarcelosna-800x480-1.jpg\",\"datePublished\":\"2020-07-24T11:23:41+00:00\",\"dateModified\":\"2026-04-15T22:40:10+00:00\",\"description\":\"Viajes de fin de curso culturales y urbanos: Los mejores destinos Madrid, Barcelona, Valencia y Sevilla destinos para grupos que buscan este tipo de viajes.\",\"breadcrumb\":{\"@id\":\"https:\\\/\\\/natuaventura.com\\\/en\\\/viajes-de-fin-de-curso-culturales-y-urbanos-los-mejores-destinos\\\/#breadcrumb\"},\"inLanguage\":\"en-GB\",\"potentialAction\":[{\"@type\":\"ReadAction\",\"target\":[\"https:\\\/\\\/natuaventura.com\\\/en\\\/viajes-de-fin-de-curso-culturales-y-urbanos-los-mejores-destinos\\\/\"]}]},{\"@type\":\"ImageObject\",\"inLanguage\":\"en-GB\",\"@id\":\"https:\\\/\\\/natuaventura.com\\\/en\\\/viajes-de-fin-de-curso-culturales-y-urbanos-los-mejores-destinos\\\/#primaryimage\",\"url\":\"https:\\\/\\\/natuaventura.com\\\/en\\\/wp-content\\\/uploads\\\/2020\\\/07\\\/viajefindecursobarcelosna-800x480-1.jpg\",\"contentUrl\":\"https:\\\/\\\/natuaventura.com\\\/en\\\/wp-content\\\/uploads\\\/2020\\\/07\\\/viajefindecursobarcelosna-800x480-1.jpg\",\"width\":800,\"height\":480},{\"@type\":\"BreadcrumbList\",\"@id\":\"https:\\\/\\\/natuaventura.com\\\/en\\\/viajes-de-fin-de-curso-culturales-y-urbanos-los-mejores-destinos\\\/#breadcrumb\",\"itemListElement\":[{\"@type\":\"ListItem\",\"position\":1,\"name\":\"Portada\",\"item\":\"https:\\\/\\\/natuaventura.com\\\/en\\\/\"},{\"@type\":\"ListItem\",\"position\":2,\"name\":\"Cultural and Urban School Trips: The Best Destinations\"}]},{\"@type\":\"WebSite\",\"@id\":\"https:\\\/\\\/natuaventura.com\\\/en\\\/#website\",\"url\":\"https:\\\/\\\/natuaventura.com\\\/en\\\/\",\"name\":\"Campamentos de verano y Viajes fin de curso 2025 - Natuaventura\",\"description\":\"Summer Camps in Spain 2026 and School Trips to Spain\",\"publisher\":{\"@id\":\"https:\\\/\\\/natuaventura.com\\\/en\\\/#organization\"},\"potentialAction\":[{\"@type\":\"SearchAction\",\"target\":{\"@type\":\"EntryPoint\",\"urlTemplate\":\"https:\\\/\\\/natuaventura.com\\\/en\\\/?s={search_term_string}\"},\"query-input\":{\"@type\":\"PropertyValueSpecification\",\"valueRequired\":true,\"valueName\":\"search_term_string\"}}],\"inLanguage\":\"en-GB\"},{\"@type\":\"Organization\",\"@id\":\"https:\\\/\\\/natuaventura.com\\\/en\\\/#organization\",\"name\":\"Natuaventura Ocio y Tiempo Libre\",\"url\":\"https:\\\/\\\/natuaventura.com\\\/en\\\/\",\"logo\":{\"@type\":\"ImageObject\",\"inLanguage\":\"en-GB\",\"@id\":\"https:\\\/\\\/natuaventura.com\\\/en\\\/#\\\/schema\\\/logo\\\/image\\\/\",\"url\":\"https:\\\/\\\/natuaventura.com\\\/en\\\/wp-content\\\/uploads\\\/2016\\\/04\\\/propuesta-logo.png\",\"contentUrl\":\"https:\\\/\\\/natuaventura.com\\\/en\\\/wp-content\\\/uploads\\\/2016\\\/04\\\/propuesta-logo.png\",\"width\":604,\"height\":175,\"caption\":\"Natuaventura Ocio y Tiempo Libre\"},\"image\":{\"@id\":\"https:\\\/\\\/natuaventura.com\\\/en\\\/#\\\/schema\\\/logo\\\/image\\\/\"},\"sameAs\":[\"https:\\\/\\\/www.facebook.com\\\/NatuaventuraOcioTiempoLibre\\\/\"]}]}<\/script>\n<!-- \/ Yoast SEO Premium plugin. -->","yoast_head_json":{"title":"Destinos cualturales y urbanos para un viaje de fin de curso | Natuaventura","description":"Viajes de fin de curso culturales y urbanos: Los mejores destinos Madrid, Barcelona, Valencia y Sevilla destinos para grupos que buscan este tipo de viajes.","robots":{"index":"index","follow":"follow","max-snippet":"max-snippet:-1","max-image-preview":"max-image-preview:large","max-video-preview":"max-video-preview:-1"},"canonical":"https:\/\/natuaventura.com\/en\/viajes-de-fin-de-curso-culturales-y-urbanos-los-mejores-destinos\/","og_locale":"en_GB","og_type":"article","og_title":"Cultural and Urban School Trips: The Best Destinations","og_description":"Viajes de fin de curso culturales y urbanos: Los mejores destinos Madrid, Barcelona, Valencia y Sevilla destinos para grupos que buscan este tipo de viajes.","og_url":"https:\/\/natuaventura.com\/en\/viajes-de-fin-de-curso-culturales-y-urbanos-los-mejores-destinos\/","og_site_name":"Natuaventura","article_publisher":"https:\/\/www.facebook.com\/NatuaventuraOcioTiempoLibre\/","article_modified_time":"2026-04-15T22:40:10+00:00","og_image":[{"width":800,"height":480,"url":"https:\/\/natuaventura.com\/en\/wp-content\/uploads\/2020\/07\/viajefindecursobarcelosna-800x480-1.jpg","type":"image\/jpeg"}],"twitter_card":"summary_large_image","twitter_misc":{"Est. reading time":"4 minutes"},"schema":{"@context":"https:\/\/schema.org","@graph":[{"@type":"WebPage","@id":"https:\/\/natuaventura.com\/en\/viajes-de-fin-de-curso-culturales-y-urbanos-los-mejores-destinos\/","url":"https:\/\/natuaventura.com\/en\/viajes-de-fin-de-curso-culturales-y-urbanos-los-mejores-destinos\/","name":"Destinos cualturales y urbanos para un viaje de fin de curso | Natuaventura","isPartOf":{"@id":"https:\/\/natuaventura.com\/en\/#website"},"primaryImageOfPage":{"@id":"https:\/\/natuaventura.com\/en\/viajes-de-fin-de-curso-culturales-y-urbanos-los-mejores-destinos\/#primaryimage"},"image":{"@id":"https:\/\/natuaventura.com\/en\/viajes-de-fin-de-curso-culturales-y-urbanos-los-mejores-destinos\/#primaryimage"},"thumbnailUrl":"https:\/\/natuaventura.com\/en\/wp-content\/uploads\/2020\/07\/viajefindecursobarcelosna-800x480-1.jpg","datePublished":"2020-07-24T11:23:41+00:00","dateModified":"2026-04-15T22:40:10+00:00","description":"Viajes de fin de curso culturales y urbanos: Los mejores destinos Madrid, Barcelona, Valencia y Sevilla destinos para grupos que buscan este tipo de viajes.","breadcrumb":{"@id":"https:\/\/natuaventura.com\/en\/viajes-de-fin-de-curso-culturales-y-urbanos-los-mejores-destinos\/#breadcrumb"},"inLanguage":"en-GB","potentialAction":[{"@type":"ReadAction","target":["https:\/\/natuaventura.com\/en\/viajes-de-fin-de-curso-culturales-y-urbanos-los-mejores-destinos\/"]}]},{"@type":"ImageObject","inLanguage":"en-GB","@id":"https:\/\/natuaventura.com\/en\/viajes-de-fin-de-curso-culturales-y-urbanos-los-mejores-destinos\/#primaryimage","url":"https:\/\/natuaventura.com\/en\/wp-content\/uploads\/2020\/07\/viajefindecursobarcelosna-800x480-1.jpg","contentUrl":"https:\/\/natuaventura.com\/en\/wp-content\/uploads\/2020\/07\/viajefindecursobarcelosna-800x480-1.jpg","width":800,"height":480},{"@type":"BreadcrumbList","@id":"https:\/\/natuaventura.com\/en\/viajes-de-fin-de-curso-culturales-y-urbanos-los-mejores-destinos\/#breadcrumb","itemListElement":[{"@type":"ListItem","position":1,"name":"Portada","item":"https:\/\/natuaventura.com\/en\/"},{"@type":"ListItem","position":2,"name":"Cultural and Urban School Trips: The Best Destinations"}]},{"@type":"WebSite","@id":"https:\/\/natuaventura.com\/en\/#website","url":"https:\/\/natuaventura.com\/en\/","name":"Campamentos de verano y Viajes fin de curso 2025 - Natuaventura","description":"Summer Camps in Spain 2026 and School Trips to Spain","publisher":{"@id":"https:\/\/natuaventura.com\/en\/#organization"},"potentialAction":[{"@type":"SearchAction","target":{"@type":"EntryPoint","urlTemplate":"https:\/\/natuaventura.com\/en\/?s={search_term_string}"},"query-input":{"@type":"PropertyValueSpecification","valueRequired":true,"valueName":"search_term_string"}}],"inLanguage":"en-GB"},{"@type":"Organization","@id":"https:\/\/natuaventura.com\/en\/#organization","name":"Natuaventura Ocio y Tiempo Libre","url":"https:\/\/natuaventura.com\/en\/","logo":{"@type":"ImageObject","inLanguage":"en-GB","@id":"https:\/\/natuaventura.com\/en\/#\/schema\/logo\/image\/","url":"https:\/\/natuaventura.com\/en\/wp-content\/uploads\/2016\/04\/propuesta-logo.png","contentUrl":"https:\/\/natuaventura.com\/en\/wp-content\/uploads\/2016\/04\/propuesta-logo.png","width":604,"height":175,"caption":"Natuaventura Ocio y Tiempo Libre"},"image":{"@id":"https:\/\/natuaventura.com\/en\/#\/schema\/logo\/image\/"},"sameAs":["https:\/\/www.facebook.com\/NatuaventuraOcioTiempoLibre\/"]}]}},"_links":{"self":[{"href":"https:\/\/natuaventura.com\/en\/wp-json\/wp\/v2\/pages\/11988","targetHints":{"allow":["GET"]}}],"collection":[{"href":"https:\/\/natuaventura.com\/en\/wp-json\/wp\/v2\/pages"}],"about":[{"href":"https:\/\/natuaventura.com\/en\/wp-json\/wp\/v2\/types\/page"}],"author":[{"embeddable":true,"href":"https:\/\/natuaventura.com\/en\/wp-json\/wp\/v2\/users\/36"}],"replies":[{"embeddable":true,"href":"https:\/\/natuaventura.com\/en\/wp-json\/wp\/v2\/comments?post=11988"}],"version-history":[{"count":2,"href":"https:\/\/natuaventura.com\/en\/wp-json\/wp\/v2\/pages\/11988\/revisions"}],"predecessor-version":[{"id":43095,"href":"https:\/\/natuaventura.com\/en\/wp-json\/wp\/v2\/pages\/11988\/revisions\/43095"}],"wp:featuredmedia":[{"embeddable":true,"href":"https:\/\/natuaventura.com\/en\/wp-json\/wp\/v2\/media\/11991"}],"wp:attachment":[{"href":"https:\/\/natuaventura.com\/en\/wp-json\/wp\/v2\/media?parent=11988"}],"wp:term":[{"taxonomy":"category","embeddable":true,"href":"https:\/\/natuaventura.com\/en\/wp-json\/wp\/v2\/categories?post=11988"},{"taxonomy":"post_tag","embeddable":true,"href":"https:\/\/natuaventura.com\/en\/wp-json\/wp\/v2\/tags?post=11988"}],"curies":[{"name":"wp","href":"https:\/\/api.w.org\/{rel}","templated":true}]}}