{"id":11998,"date":"2020-07-24T11:37:54","date_gmt":"2020-07-24T11:37:54","guid":{"rendered":"http:\/\/natuaventura.com\/?page_id=11998"},"modified":"2026-04-15T22:54:50","modified_gmt":"2026-04-15T22:54:50","slug":"neiborhoods-lisbon","status":"publish","type":"page","link":"https:\/\/natuaventura.com\/en\/neiborhoods-lisbon\/","title":{"rendered":"What Are the Most Important Neighbourhoods in Lisbon?"},"content":{"rendered":"<p>There is nothing quite like getting to know a city through its neighbourhoods. This is especially true of Lisbon, as each neighbourhood characterises a different facet of the city, reflecting its diversity. Wandering through the streets, resting in the squares, browsing the shops and window displays, and having a coffee are the kinds of things that allow you to truly get to know and experience a city. The Portuguese capital is home to some of the most important neighbourhoods in the entire country. Would you like to discover them all?<\/p>\n<p>On your school trip, you cannot miss a visit to the most beautiful neighbourhoods of Lisbon. With Natuaventura, we will take you to discover every last corner \u2014 both well-known and hidden \u2014 with professional monitors who will bring the excursions to life, turning the typical sightseeing tour into an unforgettable experience.<\/p>\n<p><img loading=\"lazy\" decoding=\"async\" class=\"alignnone wp-image-12000\" src=\"https:\/\/natuaventura.com\/en\/wp-content\/uploads\/2020\/07\/alojamiento-lisboa-300x200-1.jpg\" alt=\"\" width=\"338\" height=\"225\" \/>   <img loading=\"lazy\" decoding=\"async\" class=\"alignnone wp-image-12001\" src=\"https:\/\/natuaventura.com\/en\/wp-content\/uploads\/2020\/07\/viaje-lisboa-300x200-1.jpg\" alt=\"\" width=\"338\" height=\"225\" \/><\/p>\n<h2><strong>Alfama<\/strong><\/h2>\n<p>Alfama, which began as a fishermen&#8217;s neighbourhood, has grown up the slopes of S\u00e3o Jorge Castle. It is one of the most popular neighbourhoods in the city and the one where you can most keenly feel the soul and essence of Lisbon. Alfama is also the birthplace of fado. Strolling through its streets, taking in its peeling fa\u00e7ades, its iconic tram number 28 \u2014 we promise it is well worth the visit. What can you see on your visit to the Alfama neighbourhood?:<\/p>\n<ul>\n<li>Feira da Ladra<\/li>\n<li>Jardim Botto Machado<\/li>\n<li>Santa Luzia Viewpoint<\/li>\n<li>Fado Museum<\/li>\n<li>S\u00e9 (Lisbon Cathedral)<\/li>\n<li>S\u00e3o Jorge Castle<\/li>\n<li>Casa dos Bicos<\/li>\n<li>National Pantheon<\/li>\n<li>Portas do Sol Viewpoint<\/li>\n<\/ul>\n<h2><strong>Bairro Alto<\/strong><\/h2>\n<p>The vibrant Bairro Alto is one of the most beautiful neighbourhoods in Lisbon and the best known for its nightlife. The city&#8217;s finest restaurants for sampling Portuguese cuisine, numerous bars, jazz clubs, and live music venues (where you can listen to the famous fados) are the ingredients of an ever-growing neighbourhood that attracts increasing numbers of international visitors. Its streets are lined with fashion boutiques alongside stylishly decorated restaurants. Here is what you can see in the area:<\/p>\n<ul>\n<li>Elevador da Bica<\/li>\n<li>Santa Catarina Viewpoint<\/li>\n<li>S\u00e3o Pedro de Alc\u00e2ntara Viewpoint<\/li>\n<li>Pavilh\u00e3o Chin\u00eas<\/li>\n<li>Ascensor da Gl\u00f3ria<\/li>\n<li>Pr\u00edncipe Real Market<\/li>\n<\/ul>\n<h2><strong>Chiado<\/strong><\/h2>\n<p>Between the Baixa and Bairro Alto lies Lisbon&#8217;s most bohemian neighbourhood, Chiado. This neighbourhood is closely linked to intellectual life, as it is home to several museums, exhibition spaces, and other places of cultural interest:<\/p>\n<ul>\n<li>Convento do Carmo<\/li>\n<li>Chiado Museum<\/li>\n<li>Santa Justa Lift<\/li>\n<li>Caf\u00e9 A Brasileira<\/li>\n<\/ul>\n<h2><strong>Bel\u00e9m<\/strong><\/h2>\n<p>At the mouth of the Tagus lies the neighbourhood of Bel\u00e9m, one of the most beautiful neighbourhoods in Lisbon and a reminder of the golden Age of Discoveries. It is a must-visit if you are in Lisbon, as it is home to some of the most interesting museums and several UNESCO World Heritage monuments, such as the impressive Jer\u00f3nimos Monastery and the Tower of Bel\u00e9m, the city&#8217;s most recognisable symbol. It is also home to the Antiga Confeitaria de Bel\u00e9m, where you can try the famous past\u00e9is de Bel\u00e9m made to the original recipe. These are the places of tourist interest you can visit:<\/p>\n<ul>\n<li>Jer\u00f3nimos Monastery<\/li>\n<li>Tower of Bel\u00e9m<\/li>\n<li>Monument to the Discoveries<\/li>\n<li>Antiga Confeitaria de Bel\u00e9m<\/li>\n<li>25 de Abril Bridge<\/li>\n<li>MAAT (Museum of Art, Architecture and Technology)<\/li>\n<\/ul>\n<h2><strong>Baixa<\/strong><\/h2>\n<p>In the lower part of Lisbon, separating Alfama from Bairro Alto, lies the Baixa Pombalina, so named in honour of the Marquis of Pombal, who oversaw its reconstruction following the earthquake of 1755. This neighbourhood is home to some of the most important tourist monuments:<\/p>\n<ul>\n<li>Rossio Square<\/li>\n<li>Church of S\u00e3o Domingos<\/li>\n<li>Rua Augusta Arch Viewpoint<\/li>\n<li>Commerce Square<\/li>\n<li>Santa Justa Lift<\/li>\n<li>S\u00e3o Jorge Castle Lift<\/li>\n<li>Restauradores Square<\/li>\n<li>Roman Catacombs<\/li>\n<\/ul>\n<h2><strong>Parque das Na\u00e7\u00f5es<\/strong><\/h2>\n<p>This former industrial suburb has today become Lisbon&#8217;s neighbourhood of ultra-modern buildings, with a distinctly futuristic feel. The Parque das Na\u00e7\u00f5es stands clearly apart from the rest of Lisbon&#8217;s neighbourhoods and represents the clearest demonstration of the city&#8217;s capacity to reinvent itself; indeed, in 1998, it was the setting for the World Exposition.<\/p>\n<ul>\n<li>Lisbon Oceanarium<\/li>\n<li>Vasco da Gama Tower<\/li>\n<li>Pavilh\u00e3o do Conhecimento<\/li>\n<li>Cable Car<\/li>\n<li>Gare do Oriente Station<\/li>\n<\/ul>\n<h2>Guide to organising your school trip to Lisbon<\/h2>\n<p>If you are thinking of organising your end-of-year trip to Lisbon, you have come to the right place, because in this guide we bring you all the information you need before and during the trip: accommodation, gastronomy, transport, possible itineraries, excursions&#8230;<\/p>\n<p>Plan your school trip to Lisbon with Natuaventura \u2014 we offer as many possibilities as you can imagine, and a team of monitors with over 15 years of experience in end-of-year trips. Don&#8217;t miss a thing!<\/p>\n<ul>\n<li><a href=\"https:\/\/natuaventura.com\/en\/organize-trip-lisbon\/\" target=\"_blank\" rel=\"noopener noreferrer\">Organising your end-of-year trip to Lisbon<\/a><\/li>\n<li><a href=\"https:\/\/natuaventura.com\/en\/what-visit-school-trip-lisbon\/\" target=\"_blank\" rel=\"noopener noreferrer\">What to visit on your school trip to Lisbon<\/a><\/li>\n<li><a href=\"https:\/\/natuaventura.com\/en\/neiborhoods-lisbon\/\" target=\"_blank\" rel=\"noopener noreferrer\">What are the most important neighbourhoods in Lisbon?<\/a><\/li>\n<li><a href=\"https:\/\/natuaventura.com\/en\/what-eat-lisbon\/\" target=\"_blank\" rel=\"noopener noreferrer\">Portuguese cuisine: what to eat in Lisbon?<\/a><\/li>\n<li><a href=\"https:\/\/natuaventura.com\/en\/stay-end-of-year-trip-lisbon\/\" target=\"_blank\" rel=\"noopener noreferrer\">Where to stay on your end-of-year trip to Lisbon<\/a><\/li>\n<li><a href=\"https:\/\/natuaventura.com\/en\/three-days-through-lisbon\/\" target=\"_blank\" rel=\"noopener noreferrer\">A 3-day itinerary in Lisbon<\/a><\/li>\n<\/ul>\n<p>For more information about the options for your end-of-year trip to Lisbon, you can contact us at <a href=\"mailto:info@natuaventura.com\">info@natuaventura.com<\/a> or by calling 91 714 06 36.<\/p>\n","protected":false},"excerpt":{"rendered":"<p>There is nothing quite like getting to know a city through its neighbourhoods. This is especially true of Lisbon, as each neighbourhood characterises a different facet of the city, reflecting its diversity. Wandering through the streets, resting in the squares, browsing the shops and window displays, and having a coffee are the kinds of things [&#8230;]\n","protected":false},"author":36,"featured_media":11999,"parent":0,"menu_order":0,"comment_status":"closed","ping_status":"closed","template":"page-blank-title-center.php","meta":{"footnotes":""},"categories":[4,38],"tags":[],"class_list":["post-11998","page","type-page","status-publish","has-post-thumbnail","hentry","category-blog","category-school-trips"],"yoast_head":"<!-- This site is optimized with the Yoast SEO Premium plugin v27.3 (Yoast SEO v27.3) - https:\/\/yoast.com\/product\/yoast-seo-premium-wordpress\/ -->\n<title>The 6 Most Beautiful Neighbourhoods to Discover on Your School Trip to Lisbon<\/title>\n<meta name=\"description\" content=\"Alfama, Bairro Alto, Chiado... Discover the most important neighbourhoods of Lisbon on your end-of-year trip! Book your place NOW with Natuaventura.\" \/>\n<meta name=\"robots\" content=\"index, follow, max-snippet:-1, max-image-preview:large, max-video-preview:-1\" \/>\n<link rel=\"canonical\" href=\"https:\/\/natuaventura.com\/en\/neiborhoods-lisbon\/\" \/>\n<meta property=\"og:locale\" content=\"es_ES\" \/>\n<meta property=\"og:type\" content=\"article\" \/>\n<meta property=\"og:title\" content=\"What Are the Most Important Neighbourhoods in Lisbon?\" \/>\n<meta property=\"og:description\" content=\"Alfama, Bairro Alto, Chiado... Discover the most important neighbourhoods of Lisbon on your end-of-year trip! Book your place NOW with Natuaventura.\" \/>\n<meta property=\"og:url\" content=\"https:\/\/natuaventura.com\/en\/neiborhoods-lisbon\/\" \/>\n<meta property=\"og:site_name\" content=\"Natuaventura\" \/>\n<meta property=\"article:publisher\" content=\"https:\/\/www.facebook.com\/NatuaventuraOcioTiempoLibre\/\" \/>\n<meta property=\"article:modified_time\" content=\"2026-04-15T22:54:50+00:00\" \/>\n<meta property=\"og:image\" content=\"https:\/\/natuaventura.com\/en\/wp-content\/uploads\/2020\/07\/alfama-lisboa-870x480-1.jpg\" \/>\n\t<meta property=\"og:image:width\" content=\"870\" \/>\n\t<meta property=\"og:image:height\" content=\"480\" \/>\n\t<meta property=\"og:image:type\" content=\"image\/jpeg\" \/>\n<meta name=\"twitter:card\" content=\"summary_large_image\" \/>\n<meta name=\"twitter:label1\" content=\"Tiempo de lectura\" \/>\n\t<meta name=\"twitter:data1\" content=\"4 minutos\" \/>\n<script type=\"application\/ld+json\" class=\"yoast-schema-graph\">{\"@context\":\"https:\\\/\\\/schema.org\",\"@graph\":[{\"@type\":\"WebPage\",\"@id\":\"https:\\\/\\\/natuaventura.com\\\/en\\\/neiborhoods-lisbon\\\/\",\"url\":\"https:\\\/\\\/natuaventura.com\\\/en\\\/neiborhoods-lisbon\\\/\",\"name\":\"The 6 Most Beautiful Neighbourhoods to Discover on Your School Trip to Lisbon\",\"isPartOf\":{\"@id\":\"https:\\\/\\\/natuaventura.com\\\/en\\\/#website\"},\"primaryImageOfPage\":{\"@id\":\"https:\\\/\\\/natuaventura.com\\\/en\\\/neiborhoods-lisbon\\\/#primaryimage\"},\"image\":{\"@id\":\"https:\\\/\\\/natuaventura.com\\\/en\\\/neiborhoods-lisbon\\\/#primaryimage\"},\"thumbnailUrl\":\"https:\\\/\\\/natuaventura.com\\\/en\\\/wp-content\\\/uploads\\\/2020\\\/07\\\/alfama-lisboa-870x480-1.jpg\",\"datePublished\":\"2020-07-24T11:37:54+00:00\",\"dateModified\":\"2026-04-15T22:54:50+00:00\",\"description\":\"Alfama, Bairro Alto, Chiado... Discover the most important neighbourhoods of Lisbon on your end-of-year trip! Book your place NOW with Natuaventura.\",\"breadcrumb\":{\"@id\":\"https:\\\/\\\/natuaventura.com\\\/en\\\/neiborhoods-lisbon\\\/#breadcrumb\"},\"inLanguage\":\"es\",\"potentialAction\":[{\"@type\":\"ReadAction\",\"target\":[\"https:\\\/\\\/natuaventura.com\\\/en\\\/neiborhoods-lisbon\\\/\"]}]},{\"@type\":\"ImageObject\",\"inLanguage\":\"es\",\"@id\":\"https:\\\/\\\/natuaventura.com\\\/en\\\/neiborhoods-lisbon\\\/#primaryimage\",\"url\":\"https:\\\/\\\/natuaventura.com\\\/en\\\/wp-content\\\/uploads\\\/2020\\\/07\\\/alfama-lisboa-870x480-1.jpg\",\"contentUrl\":\"https:\\\/\\\/natuaventura.com\\\/en\\\/wp-content\\\/uploads\\\/2020\\\/07\\\/alfama-lisboa-870x480-1.jpg\",\"width\":870,\"height\":480},{\"@type\":\"BreadcrumbList\",\"@id\":\"https:\\\/\\\/natuaventura.com\\\/en\\\/neiborhoods-lisbon\\\/#breadcrumb\",\"itemListElement\":[{\"@type\":\"ListItem\",\"position\":1,\"name\":\"Portada\",\"item\":\"https:\\\/\\\/natuaventura.com\\\/en\\\/\"},{\"@type\":\"ListItem\",\"position\":2,\"name\":\"What Are the Most Important Neighbourhoods in Lisbon?\"}]},{\"@type\":\"WebSite\",\"@id\":\"https:\\\/\\\/natuaventura.com\\\/en\\\/#website\",\"url\":\"https:\\\/\\\/natuaventura.com\\\/en\\\/\",\"name\":\"Campamentos de verano y Viajes fin de curso 2025 - Natuaventura\",\"description\":\"Summer Camps in Spain 2026 and School Trips to Spain\",\"publisher\":{\"@id\":\"https:\\\/\\\/natuaventura.com\\\/en\\\/#organization\"},\"potentialAction\":[{\"@type\":\"SearchAction\",\"target\":{\"@type\":\"EntryPoint\",\"urlTemplate\":\"https:\\\/\\\/natuaventura.com\\\/en\\\/?s={search_term_string}\"},\"query-input\":{\"@type\":\"PropertyValueSpecification\",\"valueRequired\":true,\"valueName\":\"search_term_string\"}}],\"inLanguage\":\"es\"},{\"@type\":\"Organization\",\"@id\":\"https:\\\/\\\/natuaventura.com\\\/en\\\/#organization\",\"name\":\"Natuaventura Ocio y Tiempo Libre\",\"url\":\"https:\\\/\\\/natuaventura.com\\\/en\\\/\",\"logo\":{\"@type\":\"ImageObject\",\"inLanguage\":\"es\",\"@id\":\"https:\\\/\\\/natuaventura.com\\\/en\\\/#\\\/schema\\\/logo\\\/image\\\/\",\"url\":\"https:\\\/\\\/natuaventura.com\\\/en\\\/wp-content\\\/uploads\\\/2016\\\/04\\\/propuesta-logo.png\",\"contentUrl\":\"https:\\\/\\\/natuaventura.com\\\/en\\\/wp-content\\\/uploads\\\/2016\\\/04\\\/propuesta-logo.png\",\"width\":604,\"height\":175,\"caption\":\"Natuaventura Ocio y Tiempo Libre\"},\"image\":{\"@id\":\"https:\\\/\\\/natuaventura.com\\\/en\\\/#\\\/schema\\\/logo\\\/image\\\/\"},\"sameAs\":[\"https:\\\/\\\/www.facebook.com\\\/NatuaventuraOcioTiempoLibre\\\/\"]}]}<\/script>\n<!-- \/ Yoast SEO Premium plugin. -->","yoast_head_json":{"title":"The 6 Most Beautiful Neighbourhoods to Discover on Your School Trip to Lisbon","description":"Alfama, Bairro Alto, Chiado... Discover the most important neighbourhoods of Lisbon on your end-of-year trip! Book your place NOW with Natuaventura.","robots":{"index":"index","follow":"follow","max-snippet":"max-snippet:-1","max-image-preview":"max-image-preview:large","max-video-preview":"max-video-preview:-1"},"canonical":"https:\/\/natuaventura.com\/en\/neiborhoods-lisbon\/","og_locale":"es_ES","og_type":"article","og_title":"What Are the Most Important Neighbourhoods in Lisbon?","og_description":"Alfama, Bairro Alto, Chiado... Discover the most important neighbourhoods of Lisbon on your end-of-year trip! Book your place NOW with Natuaventura.","og_url":"https:\/\/natuaventura.com\/en\/neiborhoods-lisbon\/","og_site_name":"Natuaventura","article_publisher":"https:\/\/www.facebook.com\/NatuaventuraOcioTiempoLibre\/","article_modified_time":"2026-04-15T22:54:50+00:00","og_image":[{"width":870,"height":480,"url":"https:\/\/natuaventura.com\/en\/wp-content\/uploads\/2020\/07\/alfama-lisboa-870x480-1.jpg","type":"image\/jpeg"}],"twitter_card":"summary_large_image","twitter_misc":{"Tiempo de lectura":"4 minutos"},"schema":{"@context":"https:\/\/schema.org","@graph":[{"@type":"WebPage","@id":"https:\/\/natuaventura.com\/en\/neiborhoods-lisbon\/","url":"https:\/\/natuaventura.com\/en\/neiborhoods-lisbon\/","name":"The 6 Most Beautiful Neighbourhoods to Discover on Your School Trip to Lisbon","isPartOf":{"@id":"https:\/\/natuaventura.com\/en\/#website"},"primaryImageOfPage":{"@id":"https:\/\/natuaventura.com\/en\/neiborhoods-lisbon\/#primaryimage"},"image":{"@id":"https:\/\/natuaventura.com\/en\/neiborhoods-lisbon\/#primaryimage"},"thumbnailUrl":"https:\/\/natuaventura.com\/en\/wp-content\/uploads\/2020\/07\/alfama-lisboa-870x480-1.jpg","datePublished":"2020-07-24T11:37:54+00:00","dateModified":"2026-04-15T22:54:50+00:00","description":"Alfama, Bairro Alto, Chiado... Discover the most important neighbourhoods of Lisbon on your end-of-year trip! Book your place NOW with Natuaventura.","breadcrumb":{"@id":"https:\/\/natuaventura.com\/en\/neiborhoods-lisbon\/#breadcrumb"},"inLanguage":"es","potentialAction":[{"@type":"ReadAction","target":["https:\/\/natuaventura.com\/en\/neiborhoods-lisbon\/"]}]},{"@type":"ImageObject","inLanguage":"es","@id":"https:\/\/natuaventura.com\/en\/neiborhoods-lisbon\/#primaryimage","url":"https:\/\/natuaventura.com\/en\/wp-content\/uploads\/2020\/07\/alfama-lisboa-870x480-1.jpg","contentUrl":"https:\/\/natuaventura.com\/en\/wp-content\/uploads\/2020\/07\/alfama-lisboa-870x480-1.jpg","width":870,"height":480},{"@type":"BreadcrumbList","@id":"https:\/\/natuaventura.com\/en\/neiborhoods-lisbon\/#breadcrumb","itemListElement":[{"@type":"ListItem","position":1,"name":"Portada","item":"https:\/\/natuaventura.com\/en\/"},{"@type":"ListItem","position":2,"name":"What Are the Most Important Neighbourhoods in Lisbon?"}]},{"@type":"WebSite","@id":"https:\/\/natuaventura.com\/en\/#website","url":"https:\/\/natuaventura.com\/en\/","name":"Campamentos de verano y Viajes fin de curso 2025 - Natuaventura","description":"Summer Camps in Spain 2026 and School Trips to Spain","publisher":{"@id":"https:\/\/natuaventura.com\/en\/#organization"},"potentialAction":[{"@type":"SearchAction","target":{"@type":"EntryPoint","urlTemplate":"https:\/\/natuaventura.com\/en\/?s={search_term_string}"},"query-input":{"@type":"PropertyValueSpecification","valueRequired":true,"valueName":"search_term_string"}}],"inLanguage":"es"},{"@type":"Organization","@id":"https:\/\/natuaventura.com\/en\/#organization","name":"Natuaventura Ocio y Tiempo Libre","url":"https:\/\/natuaventura.com\/en\/","logo":{"@type":"ImageObject","inLanguage":"es","@id":"https:\/\/natuaventura.com\/en\/#\/schema\/logo\/image\/","url":"https:\/\/natuaventura.com\/en\/wp-content\/uploads\/2016\/04\/propuesta-logo.png","contentUrl":"https:\/\/natuaventura.com\/en\/wp-content\/uploads\/2016\/04\/propuesta-logo.png","width":604,"height":175,"caption":"Natuaventura Ocio y Tiempo Libre"},"image":{"@id":"https:\/\/natuaventura.com\/en\/#\/schema\/logo\/image\/"},"sameAs":["https:\/\/www.facebook.com\/NatuaventuraOcioTiempoLibre\/"]}]}},"_links":{"self":[{"href":"https:\/\/natuaventura.com\/en\/wp-json\/wp\/v2\/pages\/11998","targetHints":{"allow":["GET"]}}],"collection":[{"href":"https:\/\/natuaventura.com\/en\/wp-json\/wp\/v2\/pages"}],"about":[{"href":"https:\/\/natuaventura.com\/en\/wp-json\/wp\/v2\/types\/page"}],"author":[{"embeddable":true,"href":"https:\/\/natuaventura.com\/en\/wp-json\/wp\/v2\/users\/36"}],"replies":[{"embeddable":true,"href":"https:\/\/natuaventura.com\/en\/wp-json\/wp\/v2\/comments?post=11998"}],"version-history":[{"count":7,"href":"https:\/\/natuaventura.com\/en\/wp-json\/wp\/v2\/pages\/11998\/revisions"}],"predecessor-version":[{"id":43227,"href":"https:\/\/natuaventura.com\/en\/wp-json\/wp\/v2\/pages\/11998\/revisions\/43227"}],"wp:featuredmedia":[{"embeddable":true,"href":"https:\/\/natuaventura.com\/en\/wp-json\/wp\/v2\/media\/11999"}],"wp:attachment":[{"href":"https:\/\/natuaventura.com\/en\/wp-json\/wp\/v2\/media?parent=11998"}],"wp:term":[{"taxonomy":"category","embeddable":true,"href":"https:\/\/natuaventura.com\/en\/wp-json\/wp\/v2\/categories?post=11998"},{"taxonomy":"post_tag","embeddable":true,"href":"https:\/\/natuaventura.com\/en\/wp-json\/wp\/v2\/tags?post=11998"}],"curies":[{"name":"wp","href":"https:\/\/api.w.org\/{rel}","templated":true}]}}