{"id":12043,"date":"2020-07-24T12:59:02","date_gmt":"2020-07-24T12:59:02","guid":{"rendered":"http:\/\/natuaventura.com\/?page_id=12043"},"modified":"2026-04-15T22:43:45","modified_gmt":"2026-04-15T22:43:45","slug":"neighborhoods-visit-granada","status":"publish","type":"page","link":"https:\/\/natuaventura.com\/en\/neighborhoods-visit-granada\/","title":{"rendered":"Neighbourhoods to Visit on Your School Trip to Granada"},"content":{"rendered":"<p>Granada is defined by its neighbourhoods. Picturesque, with Mozarabic influences, medieval architecture, lively and full of life, street markets and music around every corner. You cannot truly know a city through its monuments alone \u2014 you also need its streets, its typical dishes, its people, its viewpoints, its squares, its shops\u2026 In short, its culture, its gastronomy and its natural charm. In this article we tell you everything you need to know about the neighbourhoods to visit on your school trip to Granada.<\/p>\n<p>That said, be prepared to climb some very steep hills, because the Albaic\u00edn and the Sacromonte will give you no respite. The most interesting thing about visiting all the areas of Granada is seeing its neighbourhoods as a whole, in order to appreciate all the contrasts left to us by the multicultural legacy and <strong> <\/strong>the history of this magnificent city.<\/p>\n<p><img loading=\"lazy\" decoding=\"async\" class=\"alignnone wp-image-12044\" src=\"https:\/\/natuaventura.com\/en\/wp-content\/uploads\/2020\/07\/albaicin-granada-600x399-1-300x200.jpg\" alt=\"\" width=\"338\" height=\"225\" srcset=\"https:\/\/natuaventura.com\/en\/wp-content\/uploads\/2020\/07\/albaicin-granada-600x399-1-300x200.jpg 300w, https:\/\/natuaventura.com\/en\/wp-content\/uploads\/2020\/07\/albaicin-granada-600x399-1.jpg 600w\" sizes=\"auto, (max-width: 338px) 100vw, 338px\" \/>    <img loading=\"lazy\" decoding=\"async\" class=\"alignnone wp-image-12045\" src=\"https:\/\/natuaventura.com\/en\/wp-content\/uploads\/2020\/07\/ambiente-granada-600x400-1-300x200.jpg\" alt=\"\" width=\"338\" height=\"225\" srcset=\"https:\/\/natuaventura.com\/en\/wp-content\/uploads\/2020\/07\/ambiente-granada-600x400-1-300x200.jpg 300w, https:\/\/natuaventura.com\/en\/wp-content\/uploads\/2020\/07\/ambiente-granada-600x400-1.jpg 600w\" sizes=\"auto, (max-width: 338px) 100vw, 338px\" \/><\/p>\n<h2><strong>Albaic\u00edn<\/strong><\/h2>\n<p>There is no doubt that the Albaic\u00edn is the most famous and most beautiful neighbourhood in Granada. The Albaic\u00edn quarter was built by the Arabs before their expulsion, and numerous Renaissance monuments remain within it, such as the Ziri Wall, the Arch of the Weights, the Alhacaba Towers, the Church of El Salvador (formerly known as the Great Mosque), the former mosques of San Crist\u00f3bal, San Miguel Bajo, San Jos\u00e9, San Gregorio, San Ildefonso and San Juan de los Reyes, the Dar-Alhorra Palace, the House of the Mascarones, the House of Yanguas, among others. To visit this neighbourhood you will absolutely need to wear comfortable footwear, as its streets are steep, narrow and winding. It is the perfect neighbourhood in which to get lost down alleyways, discover hidden squares and viewpoints, wander through its street markets\u2026 and, in short, experience Granada in all its glory. These are the unmissable places to discover the Albaic\u00edn:<\/p>\n<ul>\n<li>Casa del Chapiz<\/li>\n<li>Palacio de los C\u00f3rdova<\/li>\n<li>Carmen de la Victoria<\/li>\n<li>Mirador de San Nicol\u00e1s<\/li>\n<li>La Plaza Larga<\/li>\n<li>Mirador de San Crist\u00f3bal<\/li>\n<li>Palacio de Dar-al-Horra<\/li>\n<li>Calle Calderer\u00eda Nueva (where you will find all kinds of souvenir stalls and numerous tea houses)<\/li>\n<\/ul>\n<h2><strong>Sacromonte<\/strong><\/h2>\n<p>Another neighbourhood you must visit on your school trip to Granada is the Sacromonte. The Sacromonte is known as the Gypsy neighbourhood and is located to the east of the Granadan capital, in the Valpara\u00edso Valley and facing the famous Alhambra. The neighbourhood is very picturesque and is the ideal place to enjoy flamenco, tablaos and the whole of Gypsy culture in general. Of course, if you visit this neighbourhood you will need to learn all about the Sacromonte Caves and their museum, and make your way up to the Sacromonte Abbey. You also cannot miss the viewpoint at the Hermitage of San Miguel Alto to watch a magical sunset with the whole city of Granada at your feet. Get your legs ready for lots of hills and staircases!<\/p>\n<ul>\n<li>El Carmen de la Victoria<\/li>\n<li>The Chorrojumo Statue<\/li>\n<li>Museo Cuevas del Sacromonte<\/li>\n<li>La Abad\u00eda del Sacromonte<\/li>\n<li>Flamenco Caves<\/li>\n<li>El Barranco de los Negros<\/li>\n<li>Mirador de la Ermita de San Miguel Alto<\/li>\n<\/ul>\n<h2><strong>Realejo-San Mat\u00edas<\/strong><\/h2>\n<p>The Realejo is one of the liveliest neighbourhoods in Granada, belonging to the Centro district. Countless murals adorn the facades and walls of some buildings, carefully decorating and celebrating Granadan culture with colourful drawings representing typically Andalusian scenes and figures. This neighbourhood is home to a multitude of cultures, reflecting what Granada was in another era and what it continues to be today, despite the differences among its inhabitants. The Realejo is a neighbourhood of Jewish origin that underwent a major urban transformation following the departure of its community, during which its structure was significantly altered. Yet what it has not left behind is its essence as a former Jewish quarter: steep, narrow streets, some of them even stepped.<\/p>\n<ul>\n<li>Campo del Pr\u00edncipe<\/li>\n<li>Corral del Carb\u00f3n<\/li>\n<li>Torres Bermejas<\/li>\n<li>Iglesia de Santo Domingo<\/li>\n<li>Cuarto Real de Santo Domingo<\/li>\n<\/ul>\n<h2><strong>Centro<\/strong><\/h2>\n<p>Want to know which other neighbourhoods to visit on your school trip to Granada? In the central district of Granada we will discover the monuments that faithfully reflect the Spain of the Catholic Monarchs. With less Arab or Jewish influence than the other neighbourhoods, the city centre has a decidedly more Catholic appearance. Some of the most characteristic places in the city are found in this neighbourhood, such as the Alhambra de Granada, the Royal Chapel (where the Catholic Monarchs rest), the Cathedral, the Town Hall, the Plaza de las Pasiegas, the Plaza Bib-Rambla, etc. In the Centro you will find all kinds of shops and stores spread along the streets of Mesones, Recogidas, Puentezuelas, Gran V\u00eda de Col\u00f3n, Acera del Darro and Reyes Cat\u00f3licos. The places you must not miss are:<\/p>\n<ul>\n<li>Plaza de Bib-Rambla<\/li>\n<li>La Madraza, the former Arab university<\/li>\n<li>Monasterio San Jer\u00f3nimo<\/li>\n<li>La Capilla Real: tomb of the Catholic Monarchs<\/li>\n<li>Botanical Garden of the University of Granada<\/li>\n<li>Granada Cathedral<\/li>\n<\/ul>\n<h2><strong>Practical Guide to Organising Your End-of-Year Trip to Granada<\/strong><\/h2>\n<p>If you want to keep discovering details about your end-of-year trip to Granada, do not miss a single article in our comprehensive guide. The best bars in Granada, the most popular neighbourhoods, unmissable places, accommodation, activities\u2026 Find out all the details and book your end-of-year trip with Natuaventura Ocio y Tiempo Libre!<\/p>\n<ul>\n<li><a href=\"https:\/\/natuaventura.com\/en\/blog\/organize-end-of-year-trip-granada\/\" target=\"_blank\" rel=\"noopener noreferrer\"><strong>How to Organise the End-of-Year Trip to Granada?<\/strong><\/a><\/li>\n<li><a href=\"https:\/\/natuaventura.com\/en\/blog\/where-eat-tapas-granada\/\" target=\"_blank\" rel=\"noopener noreferrer\"><strong>Where to Eat Tapas on Your End-of-Year Trip to Granada?<\/strong><\/a><\/li>\n<li><a href=\"https:\/\/natuaventura.com\/en\/blog\/neighborhoods-visit-granada\/\" target=\"_blank\" rel=\"noopener noreferrer\"><strong>Neighbourhoods to Visit on Your School Trip to Granada<\/strong><\/a><\/li>\n<li><a href=\"https:\/\/natuaventura.com\/en\/blog\/what-to-do-in-granada\/\" target=\"_blank\" rel=\"noopener noreferrer\"><strong>What to Do on Your School Trip to Granada?<\/strong><\/a><\/li>\n<li><a href=\"https:\/\/natuaventura.com\/en\/blog\/multiadventure-activities-granada\/\" target=\"_blank\" rel=\"noopener noreferrer\"><strong>Multiadventure Activities on Your School Trip to Granada<\/strong><\/a><\/li>\n<\/ul>\n<p>For more information about the possibilities for your end-of-year trip to Granada, you can contact us at <a href=\"mailto:info@natuaventura.com\">info@natuaventura.com<\/a> or by calling 91 714 06 36.<\/p>\n","protected":false},"excerpt":{"rendered":"<p>Granada is defined by its neighbourhoods. Picturesque, with Mozarabic influences, medieval architecture, lively and full of life, street markets and music around every corner. You cannot truly know a city through its monuments alone \u2014 you also need its streets, its typical dishes, its people, its viewpoints, its squares, its shops\u2026 In short, its culture, [&#8230;]\n","protected":false},"author":36,"featured_media":12046,"parent":0,"menu_order":0,"comment_status":"closed","ping_status":"closed","template":"page-blank-title-center.php","meta":{"footnotes":""},"categories":[4,38],"tags":[670,671,645],"class_list":["post-12043","page","type-page","status-publish","has-post-thumbnail","hentry","category-blog","category-viajes-de-fin-de-curso-blog","tag-barrios-que-debes-visitar-en-tu-viaje-escolar-a-granada","tag-viaje-de-fin-de-curso-a-granada","tag-viaje-escolar-a-granada"],"yoast_head":"<!-- This site is optimized with the Yoast SEO Premium plugin v27.3 (Yoast SEO v27.3) - https:\/\/yoast.com\/product\/yoast-seo-premium-wordpress\/ -->\n<title>\u00bfQu\u00e9 barrios visitar en el viaje escolar a Granada? | Natuaventura<\/title>\n<meta name=\"description\" content=\"Descubre qu\u00e9 barrios visitar en el viaje escolar a Granada para conocer la ciudad con todo detalle: Sacromonte, Albaic\u00edn, Centro, Realejo... \u00a1Reserva YA!\" \/>\n<meta name=\"robots\" content=\"index, follow, max-snippet:-1, max-image-preview:large, max-video-preview:-1\" \/>\n<link rel=\"canonical\" href=\"https:\/\/natuaventura.com\/en\/neighborhoods-visit-granada\/\" \/>\n<meta property=\"og:locale\" content=\"es_ES\" \/>\n<meta property=\"og:type\" content=\"article\" \/>\n<meta property=\"og:title\" content=\"Neighbourhoods to Visit on Your School Trip to Granada\" \/>\n<meta property=\"og:description\" content=\"Descubre qu\u00e9 barrios visitar en el viaje escolar a Granada para conocer la ciudad con todo detalle: Sacromonte, Albaic\u00edn, Centro, Realejo... \u00a1Reserva YA!\" \/>\n<meta property=\"og:url\" content=\"https:\/\/natuaventura.com\/en\/neighborhoods-visit-granada\/\" \/>\n<meta property=\"og:site_name\" content=\"Campamentos de verano y Viajes fin de curso - Natuaventura\" \/>\n<meta property=\"article:publisher\" content=\"https:\/\/www.facebook.com\/NatuaventuraOcioTiempoLibre\/\" \/>\n<meta property=\"article:modified_time\" content=\"2026-04-15T22:43:45+00:00\" \/>\n<meta property=\"og:image\" content=\"https:\/\/natuaventura.com\/en\/wp-content\/uploads\/2020\/07\/visita-granada-870x480-1.jpg\" \/>\n\t<meta property=\"og:image:width\" content=\"870\" \/>\n\t<meta property=\"og:image:height\" content=\"480\" \/>\n\t<meta property=\"og:image:type\" content=\"image\/jpeg\" \/>\n<meta name=\"twitter:card\" content=\"summary_large_image\" \/>\n<meta name=\"twitter:label1\" content=\"Tiempo de lectura\" \/>\n\t<meta name=\"twitter:data1\" content=\"5 minutos\" \/>\n<script type=\"application\/ld+json\" class=\"yoast-schema-graph\">{\"@context\":\"https:\\\/\\\/schema.org\",\"@graph\":[{\"@type\":\"WebPage\",\"@id\":\"https:\\\/\\\/natuaventura.com\\\/en\\\/neighborhoods-visit-granada\\\/\",\"url\":\"https:\\\/\\\/natuaventura.com\\\/en\\\/neighborhoods-visit-granada\\\/\",\"name\":\"\u00bfQu\u00e9 barrios visitar en el viaje escolar a Granada? | Natuaventura\",\"isPartOf\":{\"@id\":\"https:\\\/\\\/natuaventura.com\\\/en\\\/#website\"},\"primaryImageOfPage\":{\"@id\":\"https:\\\/\\\/natuaventura.com\\\/en\\\/neighborhoods-visit-granada\\\/#primaryimage\"},\"image\":{\"@id\":\"https:\\\/\\\/natuaventura.com\\\/en\\\/neighborhoods-visit-granada\\\/#primaryimage\"},\"thumbnailUrl\":\"https:\\\/\\\/natuaventura.com\\\/en\\\/wp-content\\\/uploads\\\/2020\\\/07\\\/visita-granada-870x480-1.jpg\",\"datePublished\":\"2020-07-24T12:59:02+00:00\",\"dateModified\":\"2026-04-15T22:43:45+00:00\",\"description\":\"Descubre qu\u00e9 barrios visitar en el viaje escolar a Granada para conocer la ciudad con todo detalle: Sacromonte, Albaic\u00edn, Centro, Realejo... \u00a1Reserva YA!\",\"breadcrumb\":{\"@id\":\"https:\\\/\\\/natuaventura.com\\\/en\\\/neighborhoods-visit-granada\\\/#breadcrumb\"},\"inLanguage\":\"es\",\"potentialAction\":[{\"@type\":\"ReadAction\",\"target\":[\"https:\\\/\\\/natuaventura.com\\\/en\\\/neighborhoods-visit-granada\\\/\"]}]},{\"@type\":\"ImageObject\",\"inLanguage\":\"es\",\"@id\":\"https:\\\/\\\/natuaventura.com\\\/en\\\/neighborhoods-visit-granada\\\/#primaryimage\",\"url\":\"https:\\\/\\\/natuaventura.com\\\/en\\\/wp-content\\\/uploads\\\/2020\\\/07\\\/visita-granada-870x480-1.jpg\",\"contentUrl\":\"https:\\\/\\\/natuaventura.com\\\/en\\\/wp-content\\\/uploads\\\/2020\\\/07\\\/visita-granada-870x480-1.jpg\",\"width\":870,\"height\":480},{\"@type\":\"BreadcrumbList\",\"@id\":\"https:\\\/\\\/natuaventura.com\\\/en\\\/neighborhoods-visit-granada\\\/#breadcrumb\",\"itemListElement\":[{\"@type\":\"ListItem\",\"position\":1,\"name\":\"Portada\",\"item\":\"https:\\\/\\\/natuaventura.com\\\/en\\\/\"},{\"@type\":\"ListItem\",\"position\":2,\"name\":\"Neighbourhoods to Visit on Your School Trip to Granada\"}]},{\"@type\":\"WebSite\",\"@id\":\"https:\\\/\\\/natuaventura.com\\\/en\\\/#website\",\"url\":\"https:\\\/\\\/natuaventura.com\\\/en\\\/\",\"name\":\"Campamentos de verano y Viajes fin de curso 2025 - Natuaventura\",\"description\":\"Campamentos de verano y Viajes fin de curso - Natuaventura\",\"publisher\":{\"@id\":\"https:\\\/\\\/natuaventura.com\\\/en\\\/#organization\"},\"potentialAction\":[{\"@type\":\"SearchAction\",\"target\":{\"@type\":\"EntryPoint\",\"urlTemplate\":\"https:\\\/\\\/natuaventura.com\\\/en\\\/?s={search_term_string}\"},\"query-input\":{\"@type\":\"PropertyValueSpecification\",\"valueRequired\":true,\"valueName\":\"search_term_string\"}}],\"inLanguage\":\"es\"},{\"@type\":\"Organization\",\"@id\":\"https:\\\/\\\/natuaventura.com\\\/en\\\/#organization\",\"name\":\"Natuaventura Ocio y Tiempo Libre\",\"url\":\"https:\\\/\\\/natuaventura.com\\\/en\\\/\",\"logo\":{\"@type\":\"ImageObject\",\"inLanguage\":\"es\",\"@id\":\"https:\\\/\\\/natuaventura.com\\\/en\\\/#\\\/schema\\\/logo\\\/image\\\/\",\"url\":\"https:\\\/\\\/natuaventura.com\\\/en\\\/wp-content\\\/uploads\\\/2016\\\/04\\\/propuesta-logo.png\",\"contentUrl\":\"https:\\\/\\\/natuaventura.com\\\/en\\\/wp-content\\\/uploads\\\/2016\\\/04\\\/propuesta-logo.png\",\"width\":604,\"height\":175,\"caption\":\"Natuaventura Ocio y Tiempo Libre\"},\"image\":{\"@id\":\"https:\\\/\\\/natuaventura.com\\\/en\\\/#\\\/schema\\\/logo\\\/image\\\/\"},\"sameAs\":[\"https:\\\/\\\/www.facebook.com\\\/NatuaventuraOcioTiempoLibre\\\/\"]}]}<\/script>\n<!-- \/ Yoast SEO Premium plugin. -->","yoast_head_json":{"title":"\u00bfQu\u00e9 barrios visitar en el viaje escolar a Granada? | Natuaventura","description":"Descubre qu\u00e9 barrios visitar en el viaje escolar a Granada para conocer la ciudad con todo detalle: Sacromonte, Albaic\u00edn, Centro, Realejo... \u00a1Reserva YA!","robots":{"index":"index","follow":"follow","max-snippet":"max-snippet:-1","max-image-preview":"max-image-preview:large","max-video-preview":"max-video-preview:-1"},"canonical":"https:\/\/natuaventura.com\/en\/neighborhoods-visit-granada\/","og_locale":"es_ES","og_type":"article","og_title":"Neighbourhoods to Visit on Your School Trip to Granada","og_description":"Descubre qu\u00e9 barrios visitar en el viaje escolar a Granada para conocer la ciudad con todo detalle: Sacromonte, Albaic\u00edn, Centro, Realejo... \u00a1Reserva YA!","og_url":"https:\/\/natuaventura.com\/en\/neighborhoods-visit-granada\/","og_site_name":"Campamentos de verano y Viajes fin de curso - Natuaventura","article_publisher":"https:\/\/www.facebook.com\/NatuaventuraOcioTiempoLibre\/","article_modified_time":"2026-04-15T22:43:45+00:00","og_image":[{"width":870,"height":480,"url":"https:\/\/natuaventura.com\/en\/wp-content\/uploads\/2020\/07\/visita-granada-870x480-1.jpg","type":"image\/jpeg"}],"twitter_card":"summary_large_image","twitter_misc":{"Tiempo de lectura":"5 minutos"},"schema":{"@context":"https:\/\/schema.org","@graph":[{"@type":"WebPage","@id":"https:\/\/natuaventura.com\/en\/neighborhoods-visit-granada\/","url":"https:\/\/natuaventura.com\/en\/neighborhoods-visit-granada\/","name":"\u00bfQu\u00e9 barrios visitar en el viaje escolar a Granada? | Natuaventura","isPartOf":{"@id":"https:\/\/natuaventura.com\/en\/#website"},"primaryImageOfPage":{"@id":"https:\/\/natuaventura.com\/en\/neighborhoods-visit-granada\/#primaryimage"},"image":{"@id":"https:\/\/natuaventura.com\/en\/neighborhoods-visit-granada\/#primaryimage"},"thumbnailUrl":"https:\/\/natuaventura.com\/en\/wp-content\/uploads\/2020\/07\/visita-granada-870x480-1.jpg","datePublished":"2020-07-24T12:59:02+00:00","dateModified":"2026-04-15T22:43:45+00:00","description":"Descubre qu\u00e9 barrios visitar en el viaje escolar a Granada para conocer la ciudad con todo detalle: Sacromonte, Albaic\u00edn, Centro, Realejo... \u00a1Reserva YA!","breadcrumb":{"@id":"https:\/\/natuaventura.com\/en\/neighborhoods-visit-granada\/#breadcrumb"},"inLanguage":"es","potentialAction":[{"@type":"ReadAction","target":["https:\/\/natuaventura.com\/en\/neighborhoods-visit-granada\/"]}]},{"@type":"ImageObject","inLanguage":"es","@id":"https:\/\/natuaventura.com\/en\/neighborhoods-visit-granada\/#primaryimage","url":"https:\/\/natuaventura.com\/en\/wp-content\/uploads\/2020\/07\/visita-granada-870x480-1.jpg","contentUrl":"https:\/\/natuaventura.com\/en\/wp-content\/uploads\/2020\/07\/visita-granada-870x480-1.jpg","width":870,"height":480},{"@type":"BreadcrumbList","@id":"https:\/\/natuaventura.com\/en\/neighborhoods-visit-granada\/#breadcrumb","itemListElement":[{"@type":"ListItem","position":1,"name":"Portada","item":"https:\/\/natuaventura.com\/en\/"},{"@type":"ListItem","position":2,"name":"Neighbourhoods to Visit on Your School Trip to Granada"}]},{"@type":"WebSite","@id":"https:\/\/natuaventura.com\/en\/#website","url":"https:\/\/natuaventura.com\/en\/","name":"Campamentos de verano y Viajes fin de curso 2025 - Natuaventura","description":"Campamentos de verano y Viajes fin de curso - Natuaventura","publisher":{"@id":"https:\/\/natuaventura.com\/en\/#organization"},"potentialAction":[{"@type":"SearchAction","target":{"@type":"EntryPoint","urlTemplate":"https:\/\/natuaventura.com\/en\/?s={search_term_string}"},"query-input":{"@type":"PropertyValueSpecification","valueRequired":true,"valueName":"search_term_string"}}],"inLanguage":"es"},{"@type":"Organization","@id":"https:\/\/natuaventura.com\/en\/#organization","name":"Natuaventura Ocio y Tiempo Libre","url":"https:\/\/natuaventura.com\/en\/","logo":{"@type":"ImageObject","inLanguage":"es","@id":"https:\/\/natuaventura.com\/en\/#\/schema\/logo\/image\/","url":"https:\/\/natuaventura.com\/en\/wp-content\/uploads\/2016\/04\/propuesta-logo.png","contentUrl":"https:\/\/natuaventura.com\/en\/wp-content\/uploads\/2016\/04\/propuesta-logo.png","width":604,"height":175,"caption":"Natuaventura Ocio y Tiempo Libre"},"image":{"@id":"https:\/\/natuaventura.com\/en\/#\/schema\/logo\/image\/"},"sameAs":["https:\/\/www.facebook.com\/NatuaventuraOcioTiempoLibre\/"]}]}},"_links":{"self":[{"href":"https:\/\/natuaventura.com\/en\/wp-json\/wp\/v2\/pages\/12043","targetHints":{"allow":["GET"]}}],"collection":[{"href":"https:\/\/natuaventura.com\/en\/wp-json\/wp\/v2\/pages"}],"about":[{"href":"https:\/\/natuaventura.com\/en\/wp-json\/wp\/v2\/types\/page"}],"author":[{"embeddable":true,"href":"https:\/\/natuaventura.com\/en\/wp-json\/wp\/v2\/users\/36"}],"replies":[{"embeddable":true,"href":"https:\/\/natuaventura.com\/en\/wp-json\/wp\/v2\/comments?post=12043"}],"version-history":[{"count":6,"href":"https:\/\/natuaventura.com\/en\/wp-json\/wp\/v2\/pages\/12043\/revisions"}],"predecessor-version":[{"id":43108,"href":"https:\/\/natuaventura.com\/en\/wp-json\/wp\/v2\/pages\/12043\/revisions\/43108"}],"wp:featuredmedia":[{"embeddable":true,"href":"https:\/\/natuaventura.com\/en\/wp-json\/wp\/v2\/media\/12046"}],"wp:attachment":[{"href":"https:\/\/natuaventura.com\/en\/wp-json\/wp\/v2\/media?parent=12043"}],"wp:term":[{"taxonomy":"category","embeddable":true,"href":"https:\/\/natuaventura.com\/en\/wp-json\/wp\/v2\/categories?post=12043"},{"taxonomy":"post_tag","embeddable":true,"href":"https:\/\/natuaventura.com\/en\/wp-json\/wp\/v2\/tags?post=12043"}],"curies":[{"name":"wp","href":"https:\/\/api.w.org\/{rel}","templated":true}]}}