{"id":12110,"date":"2020-07-24T15:13:00","date_gmt":"2020-07-24T15:13:00","guid":{"rendered":"http:\/\/natuaventura.com\/?page_id=12110"},"modified":"2026-04-15T21:05:34","modified_gmt":"2026-04-15T21:05:34","slug":"accommodation-groups-madrid","status":"publish","type":"page","link":"https:\/\/natuaventura.com\/en\/accommodation-groups-madrid\/","title":{"rendered":"Alojamiento en Madrid para grupos escolares"},"content":{"rendered":"<p>\u00bfAlojarse en el centro o a las afueras? Esa es la gran pregunta que los profesores y profesoras suelen hacerse a la hora de organizar el alojamiento para grupos numerosos. \u00bfCu\u00e1l es la mejor opci\u00f3n? Tanto una u otra cuentan con ventajas y desventajas; la clave es analizar y saber las necesidades de nuestro grupo concreto y el plan que organizaremos durante el viaje escolar. Encuentra el mejor alojamiento en Madrid para grupos de escolares en este art\u00edculo.<\/p>\n<p>Nuestra recomendaci\u00f3n si os aloj\u00e1is en las afueras es que contrat\u00e9is un autocar privado para que os traslade al centro y a las excursiones; ser\u00e1 m\u00e1s barato y r\u00e1pido para mover a un grupo grande. Si os decid\u00eds por la sierra de Madrid, \u00e9sta cuenta con numerosos albergues donde podr\u00e9is organizar veladas, contratar actividades multiaventura y fomentar una convivencia m\u00e1s intensa del grupo. Si, en cambio, decid\u00eds alojaros en el centro de Madrid, ser\u00e1 mejor que os mov\u00e1is en transporte p\u00fablico o a pie. Existen hoteles y hostales econ\u00f3micos donde podr\u00e9is meter a todo el grupo.<\/p>\n<p><img loading=\"lazy\" decoding=\"async\" class=\"alignnone wp-image-12113\" src=\"https:\/\/natuaventura.com\/en\/wp-content\/uploads\/2020\/07\/parque-madrid-300x200-1.jpg\" alt=\"\" width=\"338\" height=\"225\" \/>\u00a0 \u00a0<img loading=\"lazy\" decoding=\"async\" class=\"alignnone wp-image-12112\" src=\"https:\/\/natuaventura.com\/en\/wp-content\/uploads\/2020\/07\/atardecer-madrid-300x200-1.jpg\" alt=\"\" width=\"338\" height=\"225\" \/><\/p>\n<h2>Albergues en la sierra de Madrid<\/h2>\n<p>Los albergues son una de las mejores opciones si tu viaje est\u00e1 orientado hacia la multiaventura, si prefieres huir del bullicio del centro de la ciudad o si eres un grupo muy numeroso. Todos los albergues que recomendamos a continuaci\u00f3n tienen un enclave perfecto. Si prefieres la tranquilidad, puedes alojarte en la sierra de Madrid, un lugar lleno de naturaleza, fauna y flora, que los estudiantes disfrutar\u00e1n much\u00edsimo:<\/p>\n<ul>\n<li>Situado en la Sierra Norte de Madrid, m\u00e1s concretamente en la localidad de Manjir\u00f3n, en un entorno rodeado de embalses y monta\u00f1as, encontramos el Albergue Sierra Norte, con 146 plazas en albergue y 126 plazas en caba\u00f1as de madera.<\/li>\n<li>En Cercedilla, tambi\u00e9n en un entorno de monta\u00f1a, se encuentra el albergue juvenil de Villa Castora, en plena sierra de Guadarrama.<\/li>\n<li>Albergues el Colladito, ubicado tambi\u00e9n en la sierra de Guadarrama de Madrid, cuenta con albergues tanto en Los Molinos, Cercedilla os Miraflores de la Sierra.<\/li>\n<li>El albergue del Valle de los Abedules, situado en la sierra de Guadarrama, en la carretera de Miraflores. Adem\u00e1s las instalaciones cuentan con piscina durante el verano.<\/li>\n<li>Por \u00faltimo, el albergue de Berzosa, tambi\u00e9n conocido como Albergue Rural Calumet, se encuentra en Berzosa de Lozoya, en la Sierra Norte, donde cuenta tambi\u00e9n con un entorno muy tranquilo y de gran belleza paisaj\u00edstica.<\/li>\n<\/ul>\n<h2>Hoteles en el centro de Madrid<\/h2>\n<p>Sin embargo, si lo vuestro es el entorno urbano y quer\u00e9is un viaje con un enfoque m\u00e1s cultural y de ocio, os proponemos aqu\u00ed una lista de hoteles de todas las categor\u00edas para poder alojaros en el centro de la capital, y acceder as\u00ed f\u00e1cilmente a visitar sus principales monumentos y barrios:<\/p>\n<ul>\n<li>Hostal Gala (1 estrella)<\/li>\n<li>Excelsior (2 estrellas)<\/li>\n<li>La posada de Huertas (2 estrellas)<\/li>\n<li>Cats Hostel Lavapi\u00e9s (2 estrellas)<\/li>\n<li>Anaco (3 estrellas)<\/li>\n<li>Hotel Regente (3 estrellas)<\/li>\n<li>Hotel Rex (3 estrellas)<\/li>\n<li>Hotel Preciados (4 estrellas)<\/li>\n<li>Hotel Mayorazgo (4 estrellas)<\/li>\n<\/ul>\n<h2>Gu\u00eda para organizar tu viaje escolar a Madrid<\/h2>\n<p>Conoce m\u00e1s en esta gu\u00eda especial de viaje que hemos preparado para que los y las profesoras pod\u00e1is decidir y organizar c\u00f3modamente vuestro viaje de fin de curso. Cu\u00e9ntanos tus necesidades y preferencias y adaptaremos el viaje a tu medida. Todo sobre tu viaje en grupo a Madrid:<\/p>\n<ul>\n<li><a href=\"https:\/\/natuaventura.com\/en\/blog\/organize-trip-students-madrid\/\" target=\"_blank\" rel=\"noopener noreferrer\">Organiza tu viaje a Madrid con estudiantes<\/a><\/li>\n<li><a href=\"https:\/\/natuaventura.com\/en\/blog\/eat-groups-madrid\/\" target=\"_blank\" rel=\"noopener noreferrer\">\u00bfD\u00f3nde comer en Madrid con grupos escolares?<\/a><\/li>\n<li><a href=\"https:\/\/natuaventura.com\/en\/blog\/accommodation-groups-madrid\/\" target=\"_blank\" rel=\"noopener noreferrer\">Alojamiento en Madrid para grupos<\/a><\/li>\n<li><a href=\"https:\/\/natuaventura.com\/en\/blog\/multiadventure-activities-madrid\/\" target=\"_blank\" rel=\"noopener noreferrer\">Actividades de multiaventura para grupos<\/a><\/li>\n<li><a href=\"https:\/\/natuaventura.com\/en\/madrid-dos-dias\/\" target=\"_blank\" rel=\"noopener noreferrer\">Visita Madrid en 2 d\u00edas<\/a><\/li>\n<li><a href=\"https:\/\/natuaventura.com\/en\/blog\/shopping-madrid\/\" target=\"_blank\" rel=\"noopener noreferrer\">D\u00eda de compras por Madrid<\/a><\/li>\n<\/ul>\n","protected":false},"excerpt":{"rendered":"<p>\u00bfAlojarse en el centro o a las afueras? Esa es la gran pregunta que los profesores y profesoras suelen hacerse a la hora de organizar el alojamiento para grupos numerosos. \u00bfCu\u00e1l es la mejor opci\u00f3n? Tanto una u otra cuentan con ventajas y desventajas; la clave es analizar y saber las necesidades de nuestro grupo [&#8230;]\n","protected":false},"author":36,"featured_media":12111,"parent":0,"menu_order":0,"comment_status":"closed","ping_status":"closed","template":"page-blank-title-center.php","meta":{"footnotes":""},"categories":[4,38],"tags":[706,705,707],"class_list":["post-12110","page","type-page","status-publish","has-post-thumbnail","hentry","category-blog","category-viajes-de-fin-de-curso-blog","tag-alojamiento-en-madrid-grupos-escolares","tag-alojamiento-en-madrid-para-grupos-escolares","tag-alojamiento-para-grupos-escolares-en-madrid"],"yoast_head":"<!-- This site is optimized with the Yoast SEO Premium plugin v27.3 (Yoast SEO v27.3) - https:\/\/yoast.com\/product\/yoast-seo-premium-wordpress\/ -->\n<title>Alojamiento en Madrid para grupos escolares | Natuaventura<\/title>\n<meta name=\"description\" content=\"Alojamiento para grupos en Madrid. Encuentra los mejores albergues. Encuentra tus hostels y hoteles en el centro de Madrid. \u00a1Inf\u00f3rmate YA!\" \/>\n<meta name=\"robots\" content=\"index, follow, max-snippet:-1, max-image-preview:large, max-video-preview:-1\" \/>\n<link rel=\"canonical\" href=\"https:\/\/natuaventura.com\/en\/accommodation-groups-madrid\/\" \/>\n<meta property=\"og:locale\" content=\"es_ES\" \/>\n<meta property=\"og:type\" content=\"article\" \/>\n<meta property=\"og:title\" content=\"Alojamiento en Madrid para grupos escolares\" \/>\n<meta property=\"og:description\" content=\"Alojamiento para grupos en Madrid. Encuentra los mejores albergues. Encuentra tus hostels y hoteles en el centro de Madrid. \u00a1Inf\u00f3rmate YA!\" \/>\n<meta property=\"og:url\" content=\"https:\/\/natuaventura.com\/en\/accommodation-groups-madrid\/\" \/>\n<meta property=\"og:site_name\" content=\"Campamentos de verano y Viajes fin de curso - Natuaventura\" \/>\n<meta property=\"article:publisher\" content=\"https:\/\/www.facebook.com\/NatuaventuraOcioTiempoLibre\/\" \/>\n<meta property=\"article:modified_time\" content=\"2026-04-15T21:05:34+00:00\" \/>\n<meta property=\"og:image\" content=\"https:\/\/natuaventura.com\/en\/wp-content\/uploads\/2020\/07\/alojarse-madrid-800x480-1.jpg\" \/>\n\t<meta property=\"og:image:width\" content=\"800\" \/>\n\t<meta property=\"og:image:height\" content=\"480\" \/>\n\t<meta property=\"og:image:type\" content=\"image\/jpeg\" \/>\n<meta name=\"twitter:card\" content=\"summary_large_image\" \/>\n<meta name=\"twitter:label1\" content=\"Tiempo de lectura\" \/>\n\t<meta name=\"twitter:data1\" content=\"3 minutos\" \/>\n<script type=\"application\/ld+json\" class=\"yoast-schema-graph\">{\"@context\":\"https:\\\/\\\/schema.org\",\"@graph\":[{\"@type\":\"WebPage\",\"@id\":\"https:\\\/\\\/natuaventura.com\\\/en\\\/accommodation-groups-madrid\\\/\",\"url\":\"https:\\\/\\\/natuaventura.com\\\/en\\\/accommodation-groups-madrid\\\/\",\"name\":\"Alojamiento en Madrid para grupos escolares | Natuaventura\",\"isPartOf\":{\"@id\":\"https:\\\/\\\/natuaventura.com\\\/en\\\/#website\"},\"primaryImageOfPage\":{\"@id\":\"https:\\\/\\\/natuaventura.com\\\/en\\\/accommodation-groups-madrid\\\/#primaryimage\"},\"image\":{\"@id\":\"https:\\\/\\\/natuaventura.com\\\/en\\\/accommodation-groups-madrid\\\/#primaryimage\"},\"thumbnailUrl\":\"https:\\\/\\\/natuaventura.com\\\/en\\\/wp-content\\\/uploads\\\/2020\\\/07\\\/alojarse-madrid-800x480-1.jpg\",\"datePublished\":\"2020-07-24T15:13:00+00:00\",\"dateModified\":\"2026-04-15T21:05:34+00:00\",\"description\":\"Alojamiento para grupos en Madrid. Encuentra los mejores albergues. Encuentra tus hostels y hoteles en el centro de Madrid. \u00a1Inf\u00f3rmate YA!\",\"breadcrumb\":{\"@id\":\"https:\\\/\\\/natuaventura.com\\\/en\\\/accommodation-groups-madrid\\\/#breadcrumb\"},\"inLanguage\":\"es\",\"potentialAction\":[{\"@type\":\"ReadAction\",\"target\":[\"https:\\\/\\\/natuaventura.com\\\/en\\\/accommodation-groups-madrid\\\/\"]}]},{\"@type\":\"ImageObject\",\"inLanguage\":\"es\",\"@id\":\"https:\\\/\\\/natuaventura.com\\\/en\\\/accommodation-groups-madrid\\\/#primaryimage\",\"url\":\"https:\\\/\\\/natuaventura.com\\\/en\\\/wp-content\\\/uploads\\\/2020\\\/07\\\/alojarse-madrid-800x480-1.jpg\",\"contentUrl\":\"https:\\\/\\\/natuaventura.com\\\/en\\\/wp-content\\\/uploads\\\/2020\\\/07\\\/alojarse-madrid-800x480-1.jpg\",\"width\":800,\"height\":480},{\"@type\":\"BreadcrumbList\",\"@id\":\"https:\\\/\\\/natuaventura.com\\\/en\\\/accommodation-groups-madrid\\\/#breadcrumb\",\"itemListElement\":[{\"@type\":\"ListItem\",\"position\":1,\"name\":\"Portada\",\"item\":\"https:\\\/\\\/natuaventura.com\\\/en\\\/\"},{\"@type\":\"ListItem\",\"position\":2,\"name\":\"Alojamiento en Madrid para grupos escolares\"}]},{\"@type\":\"WebSite\",\"@id\":\"https:\\\/\\\/natuaventura.com\\\/en\\\/#website\",\"url\":\"https:\\\/\\\/natuaventura.com\\\/en\\\/\",\"name\":\"Campamentos de verano y Viajes fin de curso 2025 - Natuaventura\",\"description\":\"Campamentos de verano y Viajes fin de curso - Natuaventura\",\"publisher\":{\"@id\":\"https:\\\/\\\/natuaventura.com\\\/en\\\/#organization\"},\"potentialAction\":[{\"@type\":\"SearchAction\",\"target\":{\"@type\":\"EntryPoint\",\"urlTemplate\":\"https:\\\/\\\/natuaventura.com\\\/en\\\/?s={search_term_string}\"},\"query-input\":{\"@type\":\"PropertyValueSpecification\",\"valueRequired\":true,\"valueName\":\"search_term_string\"}}],\"inLanguage\":\"es\"},{\"@type\":\"Organization\",\"@id\":\"https:\\\/\\\/natuaventura.com\\\/en\\\/#organization\",\"name\":\"Natuaventura Ocio y Tiempo Libre\",\"url\":\"https:\\\/\\\/natuaventura.com\\\/en\\\/\",\"logo\":{\"@type\":\"ImageObject\",\"inLanguage\":\"es\",\"@id\":\"https:\\\/\\\/natuaventura.com\\\/en\\\/#\\\/schema\\\/logo\\\/image\\\/\",\"url\":\"https:\\\/\\\/natuaventura.com\\\/en\\\/wp-content\\\/uploads\\\/2016\\\/04\\\/propuesta-logo.png\",\"contentUrl\":\"https:\\\/\\\/natuaventura.com\\\/en\\\/wp-content\\\/uploads\\\/2016\\\/04\\\/propuesta-logo.png\",\"width\":604,\"height\":175,\"caption\":\"Natuaventura Ocio y Tiempo Libre\"},\"image\":{\"@id\":\"https:\\\/\\\/natuaventura.com\\\/en\\\/#\\\/schema\\\/logo\\\/image\\\/\"},\"sameAs\":[\"https:\\\/\\\/www.facebook.com\\\/NatuaventuraOcioTiempoLibre\\\/\"]}]}<\/script>\n<!-- \/ Yoast SEO Premium plugin. -->","yoast_head_json":{"title":"Alojamiento en Madrid para grupos escolares | Natuaventura","description":"Alojamiento para grupos en Madrid. Encuentra los mejores albergues. Encuentra tus hostels y hoteles en el centro de Madrid. \u00a1Inf\u00f3rmate YA!","robots":{"index":"index","follow":"follow","max-snippet":"max-snippet:-1","max-image-preview":"max-image-preview:large","max-video-preview":"max-video-preview:-1"},"canonical":"https:\/\/natuaventura.com\/en\/accommodation-groups-madrid\/","og_locale":"es_ES","og_type":"article","og_title":"Alojamiento en Madrid para grupos escolares","og_description":"Alojamiento para grupos en Madrid. Encuentra los mejores albergues. Encuentra tus hostels y hoteles en el centro de Madrid. \u00a1Inf\u00f3rmate YA!","og_url":"https:\/\/natuaventura.com\/en\/accommodation-groups-madrid\/","og_site_name":"Campamentos de verano y Viajes fin de curso - Natuaventura","article_publisher":"https:\/\/www.facebook.com\/NatuaventuraOcioTiempoLibre\/","article_modified_time":"2026-04-15T21:05:34+00:00","og_image":[{"width":800,"height":480,"url":"https:\/\/natuaventura.com\/en\/wp-content\/uploads\/2020\/07\/alojarse-madrid-800x480-1.jpg","type":"image\/jpeg"}],"twitter_card":"summary_large_image","twitter_misc":{"Tiempo de lectura":"3 minutos"},"schema":{"@context":"https:\/\/schema.org","@graph":[{"@type":"WebPage","@id":"https:\/\/natuaventura.com\/en\/accommodation-groups-madrid\/","url":"https:\/\/natuaventura.com\/en\/accommodation-groups-madrid\/","name":"Alojamiento en Madrid para grupos escolares | Natuaventura","isPartOf":{"@id":"https:\/\/natuaventura.com\/en\/#website"},"primaryImageOfPage":{"@id":"https:\/\/natuaventura.com\/en\/accommodation-groups-madrid\/#primaryimage"},"image":{"@id":"https:\/\/natuaventura.com\/en\/accommodation-groups-madrid\/#primaryimage"},"thumbnailUrl":"https:\/\/natuaventura.com\/en\/wp-content\/uploads\/2020\/07\/alojarse-madrid-800x480-1.jpg","datePublished":"2020-07-24T15:13:00+00:00","dateModified":"2026-04-15T21:05:34+00:00","description":"Alojamiento para grupos en Madrid. Encuentra los mejores albergues. Encuentra tus hostels y hoteles en el centro de Madrid. \u00a1Inf\u00f3rmate YA!","breadcrumb":{"@id":"https:\/\/natuaventura.com\/en\/accommodation-groups-madrid\/#breadcrumb"},"inLanguage":"es","potentialAction":[{"@type":"ReadAction","target":["https:\/\/natuaventura.com\/en\/accommodation-groups-madrid\/"]}]},{"@type":"ImageObject","inLanguage":"es","@id":"https:\/\/natuaventura.com\/en\/accommodation-groups-madrid\/#primaryimage","url":"https:\/\/natuaventura.com\/en\/wp-content\/uploads\/2020\/07\/alojarse-madrid-800x480-1.jpg","contentUrl":"https:\/\/natuaventura.com\/en\/wp-content\/uploads\/2020\/07\/alojarse-madrid-800x480-1.jpg","width":800,"height":480},{"@type":"BreadcrumbList","@id":"https:\/\/natuaventura.com\/en\/accommodation-groups-madrid\/#breadcrumb","itemListElement":[{"@type":"ListItem","position":1,"name":"Portada","item":"https:\/\/natuaventura.com\/en\/"},{"@type":"ListItem","position":2,"name":"Alojamiento en Madrid para grupos escolares"}]},{"@type":"WebSite","@id":"https:\/\/natuaventura.com\/en\/#website","url":"https:\/\/natuaventura.com\/en\/","name":"Campamentos de verano y Viajes fin de curso 2025 - Natuaventura","description":"Campamentos de verano y Viajes fin de curso - Natuaventura","publisher":{"@id":"https:\/\/natuaventura.com\/en\/#organization"},"potentialAction":[{"@type":"SearchAction","target":{"@type":"EntryPoint","urlTemplate":"https:\/\/natuaventura.com\/en\/?s={search_term_string}"},"query-input":{"@type":"PropertyValueSpecification","valueRequired":true,"valueName":"search_term_string"}}],"inLanguage":"es"},{"@type":"Organization","@id":"https:\/\/natuaventura.com\/en\/#organization","name":"Natuaventura Ocio y Tiempo Libre","url":"https:\/\/natuaventura.com\/en\/","logo":{"@type":"ImageObject","inLanguage":"es","@id":"https:\/\/natuaventura.com\/en\/#\/schema\/logo\/image\/","url":"https:\/\/natuaventura.com\/en\/wp-content\/uploads\/2016\/04\/propuesta-logo.png","contentUrl":"https:\/\/natuaventura.com\/en\/wp-content\/uploads\/2016\/04\/propuesta-logo.png","width":604,"height":175,"caption":"Natuaventura Ocio y Tiempo Libre"},"image":{"@id":"https:\/\/natuaventura.com\/en\/#\/schema\/logo\/image\/"},"sameAs":["https:\/\/www.facebook.com\/NatuaventuraOcioTiempoLibre\/"]}]}},"_links":{"self":[{"href":"https:\/\/natuaventura.com\/en\/wp-json\/wp\/v2\/pages\/12110","targetHints":{"allow":["GET"]}}],"collection":[{"href":"https:\/\/natuaventura.com\/en\/wp-json\/wp\/v2\/pages"}],"about":[{"href":"https:\/\/natuaventura.com\/en\/wp-json\/wp\/v2\/types\/page"}],"author":[{"embeddable":true,"href":"https:\/\/natuaventura.com\/en\/wp-json\/wp\/v2\/users\/36"}],"replies":[{"embeddable":true,"href":"https:\/\/natuaventura.com\/en\/wp-json\/wp\/v2\/comments?post=12110"}],"version-history":[{"count":6,"href":"https:\/\/natuaventura.com\/en\/wp-json\/wp\/v2\/pages\/12110\/revisions"}],"predecessor-version":[{"id":42848,"href":"https:\/\/natuaventura.com\/en\/wp-json\/wp\/v2\/pages\/12110\/revisions\/42848"}],"wp:featuredmedia":[{"embeddable":true,"href":"https:\/\/natuaventura.com\/en\/wp-json\/wp\/v2\/media\/12111"}],"wp:attachment":[{"href":"https:\/\/natuaventura.com\/en\/wp-json\/wp\/v2\/media?parent=12110"}],"wp:term":[{"taxonomy":"category","embeddable":true,"href":"https:\/\/natuaventura.com\/en\/wp-json\/wp\/v2\/categories?post=12110"},{"taxonomy":"post_tag","embeddable":true,"href":"https:\/\/natuaventura.com\/en\/wp-json\/wp\/v2\/tags?post=12110"}],"curies":[{"name":"wp","href":"https:\/\/api.w.org\/{rel}","templated":true}]}}