{"id":12262,"date":"2020-07-24T20:40:07","date_gmt":"2020-07-24T20:40:07","guid":{"rendered":"http:\/\/natuaventura.com\/?page_id=12262"},"modified":"2026-04-15T22:52:40","modified_gmt":"2026-04-15T22:52:40","slug":"end-of-year-trip-in-donana-3-days","status":"publish","type":"page","link":"https:\/\/natuaventura.com\/en\/end-of-year-trip-in-donana-3-days\/","title":{"rendered":"School leaving trip to Do\u00f1ana in 3 days"},"content":{"rendered":"<p>Do\u00f1ana is a protected area of more than 120,000 hectares divided between the National Park and the Natural Park. These lands constitute the most important wetland in Europe. Its richness and ecological value have led to the Do\u00f1ana National Park being recognised as a UNESCO World Heritage Site and Biosphere Reserve. Discover here a possible 3-day itinerary \u2014 complete and packed with all kinds of activities \u2014 for your school leaving trip to Do\u00f1ana. It will take you not only through this imposing park, but also to all the important spots located in the surrounding area.<\/p>\n<p>Over these days you will discover the marshes, spot migratory birds, explore the mobile dunes of Do\u00f1ana, its rich fauna and flora, the most iconic villages in the area, the Columbian Sites essential for understanding the Discovery of the Americas, and the stunning beaches of the Atlantic coastline. Immerse yourself in Andalusian culture, its gastronomy, traditions and landscapes on this 3-day route for your school leaving trip to Do\u00f1ana.<\/p>\n<p><img loading=\"lazy\" decoding=\"async\" class=\"alignnone wp-image-12259\" src=\"https:\/\/natuaventura.com\/en\/wp-content\/uploads\/2020\/07\/playa-donana-600x400-1-300x200.jpg\" alt=\"\" width=\"338\" height=\"225\" srcset=\"https:\/\/natuaventura.com\/en\/wp-content\/uploads\/2020\/07\/playa-donana-600x400-1-300x200.jpg 300w, https:\/\/natuaventura.com\/en\/wp-content\/uploads\/2020\/07\/playa-donana-600x400-1.jpg 600w\" sizes=\"auto, (max-width: 338px) 100vw, 338px\" \/>    <img loading=\"lazy\" decoding=\"async\" class=\"alignnone wp-image-12260\" src=\"https:\/\/natuaventura.com\/en\/wp-content\/uploads\/2020\/07\/viaje-escolar-huelva-600x400-1-300x200.jpg\" alt=\"\" width=\"338\" height=\"225\" srcset=\"https:\/\/natuaventura.com\/en\/wp-content\/uploads\/2020\/07\/viaje-escolar-huelva-600x400-1-300x200.jpg 300w, https:\/\/natuaventura.com\/en\/wp-content\/uploads\/2020\/07\/viaje-escolar-huelva-600x400-1.jpg 600w\" sizes=\"auto, (max-width: 338px) 100vw, 338px\" \/><\/p>\n<h2><strong>Day 1. Visit to Do\u00f1ana National Park and the village of El Roc\u00edo<\/strong><\/h2>\n<p>We begin the itinerary in Matalasca\u00f1as, with a 4\u00d74 route that takes us into the park. The dunes appear almost immediately, and the vehicle can bounce along for quite a stretch. The famous mobile dunes of Do\u00f1ana can reach up to 30 metres in height. Here you will be able to spot all manner of wildlife, guided by your tour guide, and will learn how the dunes are formed and the importance of this great Nature Reserve, unique in Spain. You will be able to walk through the designated areas and admire the beauty of its landscapes and the sense of peace that pervades this protected environment. And if you are very lucky, you might even spot an Iberian lynx \u2014 so keep your eyes peeled!<\/p>\n<p>Later, once the guided tour of Do\u00f1ana is complete, we head towards the famous village of El Roc\u00edo. Unpaved streets that surrender to the Virgin of El Roc\u00edo, whose enormous pilgrimage is known the world over. But El Roc\u00edo is more than a pilgrimage, and it is best visited in spring, ideally on a Sunday, when the locals take their horses out for a ride through the village. A walk along the edge of the marshes while watching hundreds of flamingos and other waterbirds is also a must.<\/p>\n<h2><strong>Day 2. Visit to the Columbian Sites<\/strong><\/h2>\n<p>This visit is a magnificent opportunity for an open-air History lesson, discovering at first hand the place from which Christopher Columbus&#8217;s three caravels set sail. Arriving in Palos de la Frontera, the seafaring and conquering atmosphere is immediately apparent, with large wooden ships filling its impressive harbour. It is a visit declared a Site of Historic and Artistic Interest that spans the municipalities of Moguer and Palos de la Frontera. The most interesting places to visit in this area are:<\/p>\n<ul>\n<li>\n<h3><strong>Muelle de las Carabelas (Caravels Quay)<\/strong><\/h3>\n<\/li>\n<\/ul>\n<p>Here we can see the replicas of the caravels \u2014 the Pinta, the Ni\u00f1a and the Santa Mar\u00eda \u2014 built in 1992 to mark the 500th anniversary of the Discovery of the Americas. Along this promenade we will also find a recreation of a harbour district of the period, and a settlement like the one the Spanish sailors found upon their arrival in the New World.<\/p>\n<ul>\n<li>\n<h3><strong>Monasterio de La R\u00e1bida<\/strong><\/h3>\n<\/li>\n<\/ul>\n<p>The Monastery of Santa Mar\u00eda de La R\u00e1bida was of vital importance in the history of the Discovery of the Americas, as it was there, sheltered by the Franciscan friars, that Christopher Columbus planned his voyage before setting sail on the caravels.<\/p>\n<ul>\n<li>\n<h3><strong>Parque Bot\u00e1nico Jos\u00e9 Celestino Mutis<\/strong><\/h3>\n<\/li>\n<\/ul>\n<p>Opened in 1993 to commemorate the 500th anniversary of the return to Palos de la Frontera of the expedition that carried out the Discovery of the Americas. On our walk through the park we discover an extraordinarily wide variety of flora from every continent.<\/p>\n<ul>\n<li>\n<h3><strong>Monumento a la Fe Descubridora<\/strong><\/h3>\n<\/li>\n<\/ul>\n<p>A colossal statue standing some 37 metres tall, donated by the United States, literally \u00abas an expression of friendship to the Nation\u00bb.<\/p>\n<h2><strong>Day 3. A day at the beach and water sports at Isla Canela<\/strong><\/h2>\n<p>We round off this 3-day itinerary for your school leaving trip to Do\u00f1ana by reserving the final day for pure enjoyment and rest at the beach and nearby villages. Continuing through Huelva, we recommend visiting Isla Canela beach, where you can try all kinds of water sports: kayaking, sailing, kitesurfing, windsurfing\u2026 you can even try a SUP Yoga class (Stand Up Paddleboarding) and test your balance on the board! The seafront promenade runs from the Punta del Moral jetty to Isla Canela and features a cycle lane so you can bring out the cyclist in you.<\/p>\n<p>Very close by is Isla Cristina, where we can attend the fascinating fish auction at the fish market (this time, the open-air lesson is in Geography) and see first-hand everything that entails and the daily routine involved in supplying the product to different points across the peninsula. Today Isla Cristina&#8217;s fishing port is the number one in Spain alongside Vigo&#8217;s, so watching the produce arrive by boat right through to its sale can make for a very interesting activity on the school leaving trip.<\/p>\n<p>Finally, in Punta Umbr\u00eda we find 12 kilometres of beach and a seafaring village with wide avenues and a charming, well-kept old town offering a wide range of bars and shops. Here we will have the chance to sample Huelva&#8217;s typical tapas, with fish and seafood always the star of the show.<\/p>\n<h2><strong>Guide to organising your school leaving trip to Do\u00f1ana<\/strong><\/h2>\n<p>If you are thinking of organising your school leaving trip to Do\u00f1ana, you have come to the right place, because this guide brings you all the information you need before and during the trip: accommodation, gastronomy, transport, possible itineraries, excursions\u2026<\/p>\n<p>Plan your school trip to Do\u00f1ana with Natuaventura \u2014 we offer you as many possibilities as you can imagine, and a team of activity leaders with more than 15 years of experience in school leaving trips. Do not miss a single detail!<\/p>\n<ul>\n<li><a href=\"https:\/\/natuaventura.com\/en\/organize-your-end-of-year-trip-donana\/\" target=\"_blank\" rel=\"noopener noreferrer\">How to organise your school leaving trip to Do\u00f1ana<\/a><\/li>\n<li><a href=\"https:\/\/natuaventura.com\/en\/multiadventure-activities-to-do-end-of-year-trip-donana\/\" target=\"_blank\" rel=\"noopener noreferrer\">Multi-adventure activities in Do\u00f1ana<\/a><\/li>\n<li><a href=\"https:\/\/natuaventura.com\/en\/end-of-year-trip-in-donana-3-days\/\" target=\"_blank\" rel=\"noopener noreferrer\">School leaving trip to Do\u00f1ana in 3 days<\/a><\/li>\n<li><a href=\"https:\/\/natuaventura.com\/en\/where-to-stay-end-of-year-trip-donana\/\" target=\"_blank\" rel=\"noopener noreferrer\">Where to stay on your school leaving trip to Do\u00f1ana<\/a><\/li>\n<li><a href=\"https:\/\/natuaventura.com\/en\/things-to-do-on-your-end-of-year-trip-donana\/\" target=\"_blank\" rel=\"noopener noreferrer\">10 places to visit on your school leaving trip to Do\u00f1ana<\/a><\/li>\n<\/ul>\n<p>For more information about the possibilities for your school leaving trip to Do\u00f1ana, or any other destination, you can contact us at <a href=\"mailto:info@natuaventura.com\">info@natuaventura.com<\/a> or by calling 91 714 06 36.<\/p>\n","protected":false},"excerpt":{"rendered":"<p>Do\u00f1ana is a protected area of more than 120,000 hectares divided between the National Park and the Natural Park. These lands constitute the most important wetland in Europe. Its richness and ecological value have led to the Do\u00f1ana National Park being recognised as a UNESCO World Heritage Site and Biosphere Reserve. Discover here a possible [&#8230;]\n","protected":false},"author":36,"featured_media":12258,"parent":0,"menu_order":0,"comment_status":"closed","ping_status":"closed","template":"page-blank-title-center.php","meta":{"footnotes":""},"categories":[4,38],"tags":[554],"class_list":["post-12262","page","type-page","status-publish","has-post-thumbnail","hentry","category-blog","category-school-trips","tag-school-trips"],"yoast_head":"<!-- This site is optimized with the Yoast SEO Premium plugin v27.3 (Yoast SEO v27.3) - https:\/\/yoast.com\/product\/yoast-seo-premium-wordpress\/ -->\n<title>3-Day Itinerary for Your End-of-Year Trip to Do\u00f1ana | Natuaventura<\/title>\n<meta name=\"description\" content=\"We recommend this 3-day itinerary to make your end-of-year trip to Do\u00f1ana National Park unforgettable. Call us for more information!\" \/>\n<meta name=\"robots\" content=\"index, follow, max-snippet:-1, max-image-preview:large, max-video-preview:-1\" \/>\n<link rel=\"canonical\" href=\"https:\/\/natuaventura.com\/en\/end-of-year-trip-in-donana-3-days\/\" \/>\n<meta property=\"og:locale\" content=\"es_ES\" \/>\n<meta property=\"og:type\" content=\"article\" \/>\n<meta property=\"og:title\" content=\"School leaving trip to Do\u00f1ana in 3 days\" \/>\n<meta property=\"og:description\" content=\"We recommend this 3-day itinerary to make your end-of-year trip to Do\u00f1ana National Park unforgettable. Call us for more information!\" \/>\n<meta property=\"og:url\" content=\"https:\/\/natuaventura.com\/en\/end-of-year-trip-in-donana-3-days\/\" \/>\n<meta property=\"og:site_name\" content=\"Natuaventura\" \/>\n<meta property=\"article:publisher\" content=\"https:\/\/www.facebook.com\/NatuaventuraOcioTiempoLibre\/\" \/>\n<meta property=\"article:modified_time\" content=\"2026-04-15T22:52:40+00:00\" \/>\n<meta property=\"og:image\" content=\"https:\/\/natuaventura.com\/en\/wp-content\/uploads\/2020\/07\/paseo-maritimo-donana-870x480-1.jpg\" \/>\n\t<meta property=\"og:image:width\" content=\"870\" \/>\n\t<meta property=\"og:image:height\" content=\"480\" \/>\n\t<meta property=\"og:image:type\" content=\"image\/jpeg\" \/>\n<meta name=\"twitter:card\" content=\"summary_large_image\" \/>\n<meta name=\"twitter:label1\" content=\"Tiempo de lectura\" \/>\n\t<meta name=\"twitter:data1\" content=\"5 minutos\" \/>\n<script type=\"application\/ld+json\" class=\"yoast-schema-graph\">{\"@context\":\"https:\\\/\\\/schema.org\",\"@graph\":[{\"@type\":\"WebPage\",\"@id\":\"https:\\\/\\\/natuaventura.com\\\/en\\\/end-of-year-trip-in-donana-3-days\\\/\",\"url\":\"https:\\\/\\\/natuaventura.com\\\/en\\\/end-of-year-trip-in-donana-3-days\\\/\",\"name\":\"3-Day Itinerary for Your End-of-Year Trip to Do\u00f1ana | Natuaventura\",\"isPartOf\":{\"@id\":\"https:\\\/\\\/natuaventura.com\\\/en\\\/#website\"},\"primaryImageOfPage\":{\"@id\":\"https:\\\/\\\/natuaventura.com\\\/en\\\/end-of-year-trip-in-donana-3-days\\\/#primaryimage\"},\"image\":{\"@id\":\"https:\\\/\\\/natuaventura.com\\\/en\\\/end-of-year-trip-in-donana-3-days\\\/#primaryimage\"},\"thumbnailUrl\":\"https:\\\/\\\/natuaventura.com\\\/en\\\/wp-content\\\/uploads\\\/2020\\\/07\\\/paseo-maritimo-donana-870x480-1.jpg\",\"datePublished\":\"2020-07-24T20:40:07+00:00\",\"dateModified\":\"2026-04-15T22:52:40+00:00\",\"description\":\"We recommend this 3-day itinerary to make your end-of-year trip to Do\u00f1ana National Park unforgettable. Call us for more information!\",\"breadcrumb\":{\"@id\":\"https:\\\/\\\/natuaventura.com\\\/en\\\/end-of-year-trip-in-donana-3-days\\\/#breadcrumb\"},\"inLanguage\":\"es\",\"potentialAction\":[{\"@type\":\"ReadAction\",\"target\":[\"https:\\\/\\\/natuaventura.com\\\/en\\\/end-of-year-trip-in-donana-3-days\\\/\"]}]},{\"@type\":\"ImageObject\",\"inLanguage\":\"es\",\"@id\":\"https:\\\/\\\/natuaventura.com\\\/en\\\/end-of-year-trip-in-donana-3-days\\\/#primaryimage\",\"url\":\"https:\\\/\\\/natuaventura.com\\\/en\\\/wp-content\\\/uploads\\\/2020\\\/07\\\/paseo-maritimo-donana-870x480-1.jpg\",\"contentUrl\":\"https:\\\/\\\/natuaventura.com\\\/en\\\/wp-content\\\/uploads\\\/2020\\\/07\\\/paseo-maritimo-donana-870x480-1.jpg\",\"width\":870,\"height\":480},{\"@type\":\"BreadcrumbList\",\"@id\":\"https:\\\/\\\/natuaventura.com\\\/en\\\/end-of-year-trip-in-donana-3-days\\\/#breadcrumb\",\"itemListElement\":[{\"@type\":\"ListItem\",\"position\":1,\"name\":\"Portada\",\"item\":\"https:\\\/\\\/natuaventura.com\\\/en\\\/\"},{\"@type\":\"ListItem\",\"position\":2,\"name\":\"School leaving trip to Do\u00f1ana in 3 days\"}]},{\"@type\":\"WebSite\",\"@id\":\"https:\\\/\\\/natuaventura.com\\\/en\\\/#website\",\"url\":\"https:\\\/\\\/natuaventura.com\\\/en\\\/\",\"name\":\"Campamentos de verano y Viajes fin de curso 2025 - Natuaventura\",\"description\":\"Summer Camps in Spain 2026 and School Trips to Spain\",\"publisher\":{\"@id\":\"https:\\\/\\\/natuaventura.com\\\/en\\\/#organization\"},\"potentialAction\":[{\"@type\":\"SearchAction\",\"target\":{\"@type\":\"EntryPoint\",\"urlTemplate\":\"https:\\\/\\\/natuaventura.com\\\/en\\\/?s={search_term_string}\"},\"query-input\":{\"@type\":\"PropertyValueSpecification\",\"valueRequired\":true,\"valueName\":\"search_term_string\"}}],\"inLanguage\":\"es\"},{\"@type\":\"Organization\",\"@id\":\"https:\\\/\\\/natuaventura.com\\\/en\\\/#organization\",\"name\":\"Natuaventura Ocio y Tiempo Libre\",\"url\":\"https:\\\/\\\/natuaventura.com\\\/en\\\/\",\"logo\":{\"@type\":\"ImageObject\",\"inLanguage\":\"es\",\"@id\":\"https:\\\/\\\/natuaventura.com\\\/en\\\/#\\\/schema\\\/logo\\\/image\\\/\",\"url\":\"https:\\\/\\\/natuaventura.com\\\/en\\\/wp-content\\\/uploads\\\/2016\\\/04\\\/propuesta-logo.png\",\"contentUrl\":\"https:\\\/\\\/natuaventura.com\\\/en\\\/wp-content\\\/uploads\\\/2016\\\/04\\\/propuesta-logo.png\",\"width\":604,\"height\":175,\"caption\":\"Natuaventura Ocio y Tiempo Libre\"},\"image\":{\"@id\":\"https:\\\/\\\/natuaventura.com\\\/en\\\/#\\\/schema\\\/logo\\\/image\\\/\"},\"sameAs\":[\"https:\\\/\\\/www.facebook.com\\\/NatuaventuraOcioTiempoLibre\\\/\"]}]}<\/script>\n<!-- \/ Yoast SEO Premium plugin. -->","yoast_head_json":{"title":"3-Day Itinerary for Your End-of-Year Trip to Do\u00f1ana | Natuaventura","description":"We recommend this 3-day itinerary to make your end-of-year trip to Do\u00f1ana National Park unforgettable. Call us for more information!","robots":{"index":"index","follow":"follow","max-snippet":"max-snippet:-1","max-image-preview":"max-image-preview:large","max-video-preview":"max-video-preview:-1"},"canonical":"https:\/\/natuaventura.com\/en\/end-of-year-trip-in-donana-3-days\/","og_locale":"es_ES","og_type":"article","og_title":"School leaving trip to Do\u00f1ana in 3 days","og_description":"We recommend this 3-day itinerary to make your end-of-year trip to Do\u00f1ana National Park unforgettable. Call us for more information!","og_url":"https:\/\/natuaventura.com\/en\/end-of-year-trip-in-donana-3-days\/","og_site_name":"Natuaventura","article_publisher":"https:\/\/www.facebook.com\/NatuaventuraOcioTiempoLibre\/","article_modified_time":"2026-04-15T22:52:40+00:00","og_image":[{"width":870,"height":480,"url":"https:\/\/natuaventura.com\/en\/wp-content\/uploads\/2020\/07\/paseo-maritimo-donana-870x480-1.jpg","type":"image\/jpeg"}],"twitter_card":"summary_large_image","twitter_misc":{"Tiempo de lectura":"5 minutos"},"schema":{"@context":"https:\/\/schema.org","@graph":[{"@type":"WebPage","@id":"https:\/\/natuaventura.com\/en\/end-of-year-trip-in-donana-3-days\/","url":"https:\/\/natuaventura.com\/en\/end-of-year-trip-in-donana-3-days\/","name":"3-Day Itinerary for Your End-of-Year Trip to Do\u00f1ana | Natuaventura","isPartOf":{"@id":"https:\/\/natuaventura.com\/en\/#website"},"primaryImageOfPage":{"@id":"https:\/\/natuaventura.com\/en\/end-of-year-trip-in-donana-3-days\/#primaryimage"},"image":{"@id":"https:\/\/natuaventura.com\/en\/end-of-year-trip-in-donana-3-days\/#primaryimage"},"thumbnailUrl":"https:\/\/natuaventura.com\/en\/wp-content\/uploads\/2020\/07\/paseo-maritimo-donana-870x480-1.jpg","datePublished":"2020-07-24T20:40:07+00:00","dateModified":"2026-04-15T22:52:40+00:00","description":"We recommend this 3-day itinerary to make your end-of-year trip to Do\u00f1ana National Park unforgettable. Call us for more information!","breadcrumb":{"@id":"https:\/\/natuaventura.com\/en\/end-of-year-trip-in-donana-3-days\/#breadcrumb"},"inLanguage":"es","potentialAction":[{"@type":"ReadAction","target":["https:\/\/natuaventura.com\/en\/end-of-year-trip-in-donana-3-days\/"]}]},{"@type":"ImageObject","inLanguage":"es","@id":"https:\/\/natuaventura.com\/en\/end-of-year-trip-in-donana-3-days\/#primaryimage","url":"https:\/\/natuaventura.com\/en\/wp-content\/uploads\/2020\/07\/paseo-maritimo-donana-870x480-1.jpg","contentUrl":"https:\/\/natuaventura.com\/en\/wp-content\/uploads\/2020\/07\/paseo-maritimo-donana-870x480-1.jpg","width":870,"height":480},{"@type":"BreadcrumbList","@id":"https:\/\/natuaventura.com\/en\/end-of-year-trip-in-donana-3-days\/#breadcrumb","itemListElement":[{"@type":"ListItem","position":1,"name":"Portada","item":"https:\/\/natuaventura.com\/en\/"},{"@type":"ListItem","position":2,"name":"School leaving trip to Do\u00f1ana in 3 days"}]},{"@type":"WebSite","@id":"https:\/\/natuaventura.com\/en\/#website","url":"https:\/\/natuaventura.com\/en\/","name":"Campamentos de verano y Viajes fin de curso 2025 - Natuaventura","description":"Summer Camps in Spain 2026 and School Trips to Spain","publisher":{"@id":"https:\/\/natuaventura.com\/en\/#organization"},"potentialAction":[{"@type":"SearchAction","target":{"@type":"EntryPoint","urlTemplate":"https:\/\/natuaventura.com\/en\/?s={search_term_string}"},"query-input":{"@type":"PropertyValueSpecification","valueRequired":true,"valueName":"search_term_string"}}],"inLanguage":"es"},{"@type":"Organization","@id":"https:\/\/natuaventura.com\/en\/#organization","name":"Natuaventura Ocio y Tiempo Libre","url":"https:\/\/natuaventura.com\/en\/","logo":{"@type":"ImageObject","inLanguage":"es","@id":"https:\/\/natuaventura.com\/en\/#\/schema\/logo\/image\/","url":"https:\/\/natuaventura.com\/en\/wp-content\/uploads\/2016\/04\/propuesta-logo.png","contentUrl":"https:\/\/natuaventura.com\/en\/wp-content\/uploads\/2016\/04\/propuesta-logo.png","width":604,"height":175,"caption":"Natuaventura Ocio y Tiempo Libre"},"image":{"@id":"https:\/\/natuaventura.com\/en\/#\/schema\/logo\/image\/"},"sameAs":["https:\/\/www.facebook.com\/NatuaventuraOcioTiempoLibre\/"]}]}},"_links":{"self":[{"href":"https:\/\/natuaventura.com\/en\/wp-json\/wp\/v2\/pages\/12262","targetHints":{"allow":["GET"]}}],"collection":[{"href":"https:\/\/natuaventura.com\/en\/wp-json\/wp\/v2\/pages"}],"about":[{"href":"https:\/\/natuaventura.com\/en\/wp-json\/wp\/v2\/types\/page"}],"author":[{"embeddable":true,"href":"https:\/\/natuaventura.com\/en\/wp-json\/wp\/v2\/users\/36"}],"replies":[{"embeddable":true,"href":"https:\/\/natuaventura.com\/en\/wp-json\/wp\/v2\/comments?post=12262"}],"version-history":[{"count":6,"href":"https:\/\/natuaventura.com\/en\/wp-json\/wp\/v2\/pages\/12262\/revisions"}],"predecessor-version":[{"id":43156,"href":"https:\/\/natuaventura.com\/en\/wp-json\/wp\/v2\/pages\/12262\/revisions\/43156"}],"wp:featuredmedia":[{"embeddable":true,"href":"https:\/\/natuaventura.com\/en\/wp-json\/wp\/v2\/media\/12258"}],"wp:attachment":[{"href":"https:\/\/natuaventura.com\/en\/wp-json\/wp\/v2\/media?parent=12262"}],"wp:term":[{"taxonomy":"category","embeddable":true,"href":"https:\/\/natuaventura.com\/en\/wp-json\/wp\/v2\/categories?post=12262"},{"taxonomy":"post_tag","embeddable":true,"href":"https:\/\/natuaventura.com\/en\/wp-json\/wp\/v2\/tags?post=12262"}],"curies":[{"name":"wp","href":"https:\/\/api.w.org\/{rel}","templated":true}]}}