{"id":12299,"date":"2020-07-24T21:45:40","date_gmt":"2020-07-24T21:45:40","guid":{"rendered":"http:\/\/natuaventura.com\/?page_id=12299"},"modified":"2026-04-15T22:36:06","modified_gmt":"2026-04-15T22:36:06","slug":"organize-your-end-of-year-trip-donana","status":"publish","type":"page","link":"https:\/\/natuaventura.com\/en\/organize-your-end-of-year-trip-donana\/","title":{"rendered":"Organise Your School Trip to Do\u00f1ana"},"content":{"rendered":"<p>The school trip is the best opportunity to teach in a completely different way. A shared-living experience that no pupil should miss. On these school trips, pupils step out of the classroom routine to live together, get to know each other better, and have new experiences they will always share. Multiadventure activities, hiking routes, cultural visits, different excursions\u2026 a school trip has all the ingredients to round off a year full of emotions and memories. Would you like to know how to organise your school trip to Do\u00f1ana? Here is the definitive guide.<\/p>\n<p>School trips and extracurricular activities add real value to the knowledge gained in the classroom, enriching every experience that pupils share together. The school trip to Do\u00f1ana offers everything you could ask for in a perfect school trip: stunning natural landscapes, eye-catching and novel excursions, educational routes and cultural visits, dream beaches, water sports to get the adrenaline flowing, games, and evening activities to close out unforgettable days. Do not think twice!<\/p>\n<p><img loading=\"lazy\" decoding=\"async\" class=\"alignnone wp-image-12302\" src=\"https:\/\/natuaventura.com\/en\/wp-content\/uploads\/2020\/07\/flamenco-cadiz-300x200-1.jpg\" alt=\"\" width=\"338\" height=\"225\" \/>     <img loading=\"lazy\" decoding=\"async\" class=\"alignnone wp-image-12300\" src=\"https:\/\/natuaventura.com\/en\/wp-content\/uploads\/2020\/07\/4x4-donana-300x200-1.jpg\" alt=\"\" width=\"338\" height=\"225\" \/><\/p>\n<p><strong><a href=\"https:\/\/natuaventura.com\/en\/school-trips-in-spain\/donana\/\">Browse our school trips to Do\u00f1ana<\/a>,<\/strong> which include all activities, accommodation, meals, transport, and excursions. And, of course, monitors on duty 24 hours a day so that parents and teachers can rest easy. Our team has more than 15 years of experience organising and coordinating school trips, leading and supervising every activity, and making every tailor-made trip you ask of us a reality.<\/p>\n<h2><strong>Why choose Do\u00f1ana for a school trip?<\/strong><\/h2>\n<p>The most important decision when organising a school trip is the destination. When travelling as a group, it will be necessary to discuss and agree on what kind of trip everyone wants. There is something for every taste: countryside, adventure, active, beach, urban, rural, and much more. Generally the best option is to choose a destination that combines everything: culture and fun, sport and nature, history and attractions, and so on. Do\u00f1ana has all of this and more.<\/p>\n<p>On your tour of the region, you will not only visit this vast, protected natural park \u2014 unique in Spain \u2014 but you will also have time to discover all the wonders of the surrounding area. The beaches of Huelva, such as Isla Canela, where a wide range of water sports can be enjoyed; the beautiful city of C\u00e1diz, still unknown to many; the popular village of El Roc\u00edo and its Hermitage; the Columbus Sites (Lugares Colombinos)\u2026 and much more! You will also be able to sample the regional cuisine, above all the fried fish and seafood dishes it is famous for. Do you need any more reasons to visit Do\u00f1ana on your school trip?<\/p>\n<h2><strong>Essential visits on your school trip to Do\u00f1ana<\/strong><\/h2>\n<p>If you decide on Do\u00f1ana as your school trip destination, we recommend you do not miss any of the secrets the region has to offer. Here is a list of the most popular places in the area:<\/p>\n<ul>\n<li>The village of El Roc\u00edo and its popular Hermitage.<\/li>\n<li>A walk through the nearby marshlands.<\/li>\n<li>The Do\u00f1ana dunes by 4&#215;4.<\/li>\n<li>The Acebr\u00f3n Palace.<\/li>\n<li>The beaches of C\u00e1diz province.<\/li>\n<li>The city of C\u00e1diz and the nearby villages.<\/li>\n<li>Sanl\u00facar de Barrameda.<\/li>\n<li>El Puerto de Santa Mar\u00eda.<\/li>\n<li>The beaches of Huelva: Isla Canela, Isla Cristina, and Matalasca\u00f1as.<\/li>\n<li>The Columbus Sites: Palos de la Frontera and La R\u00e1bida.<\/li>\n<\/ul>\n<h2><strong>Guide to organising your school trip to Do\u00f1ana<\/strong><\/h2>\n<p>If you are thinking about organising your school trip to Do\u00f1ana, you have come to the right place \u2014 this guide contains all the information you need before and during the trip: accommodation, cuisine, transport, possible itineraries, excursions\u2026<\/p>\n<p>Plan your school trip to Do\u00f1ana with Natuaventura. We offer as many possibilities as you can imagine, and a team of monitors with more than 15 years of experience in school trips. Do not miss a detail!<\/p>\n<ul>\n<li><a href=\"https:\/\/natuaventura.com\/en\/blog\/organize-your-end-of-year-trip-donana\/\" target=\"_blank\" rel=\"noopener noreferrer\">How to organise your school trip to Do\u00f1ana<\/a><\/li>\n<li><a href=\"https:\/\/natuaventura.com\/en\/blog\/multiadventure-activities-to-do-end-of-year-trip-donana\/\" target=\"_blank\" rel=\"noopener noreferrer\">Multiadventure activities in Do\u00f1ana<\/a><\/li>\n<li><a href=\"https:\/\/natuaventura.com\/en\/blog\/end-of-year-trip-in-donana-3-days\/\" target=\"_blank\" rel=\"noopener noreferrer\">School trip to Do\u00f1ana in 3 days<\/a><\/li>\n<li><a href=\"https:\/\/natuaventura.com\/en\/blog\/where-to-stay-end-of-year-trip-donana\/\" target=\"_blank\" rel=\"noopener noreferrer\">Where to stay on your school trip to Do\u00f1ana<\/a><\/li>\n<li><a href=\"https:\/\/natuaventura.com\/en\/blog\/things-to-do-on-your-end-of-year-trip-donana\/\" target=\"_blank\" rel=\"noopener noreferrer\">10 places to visit on your school trip to Do\u00f1ana<\/a><\/li>\n<\/ul>\n<p>For more information about school trip options to Do\u00f1ana or any other destination, you can contact us at <a href=\"mailto:info@natuaventura.com\">info@natuaventura.com<\/a> or by calling 91 714 06 36.<\/p>\n<p>Plan your trip! <strong><a href=\"https:\/\/natuaventura.com\/en\/blog\/calendario-escolar-2024-2025\/\" target=\"_blank\" rel=\"noopener noreferrer\">School calendar 2024-2025<\/a><\/strong><\/p>\n","protected":false},"excerpt":{"rendered":"<p>The school trip is the best opportunity to teach in a completely different way. A shared-living experience that no pupil should miss. On these school trips, pupils step out of the classroom routine to live together, get to know each other better, and have new experiences they will always share. Multiadventure activities, hiking routes, cultural [&#8230;]\n","protected":false},"author":36,"featured_media":12301,"parent":0,"menu_order":0,"comment_status":"closed","ping_status":"closed","template":"page-blank-title-center.php","meta":{"footnotes":""},"categories":[4,38],"tags":[750,545,567],"class_list":["post-12299","page","type-page","status-publish","has-post-thumbnail","hentry","category-blog","category-viajes-de-fin-de-curso-blog","tag-organiza-tu-viaje-de-fin-de-curso-a-donana","tag-viaje-de-fin-de-curso","tag-viaje-de-fin-de-curso-a-donana"],"yoast_head":"<!-- This site is optimized with the Yoast SEO Premium plugin v27.3 (Yoast SEO v27.3) - https:\/\/yoast.com\/product\/yoast-seo-premium-wordpress\/ -->\n<title>\u00bfC\u00f3mo organizar tu viaje de fin de curso a Do\u00f1ana? | Natuaventura<\/title>\n<meta name=\"description\" content=\"Aqu\u00ed est\u00e1 la gu\u00eda definitiva sobre c\u00f3mo organizar tu viaje de fin de curso a Do\u00f1ana. \u00a1Reserva ya tu viaje escolar con nosotros!\" \/>\n<meta name=\"robots\" content=\"index, follow, max-snippet:-1, max-image-preview:large, max-video-preview:-1\" \/>\n<link rel=\"canonical\" href=\"https:\/\/natuaventura.com\/en\/organize-your-end-of-year-trip-donana\/\" \/>\n<meta property=\"og:locale\" content=\"es_ES\" \/>\n<meta property=\"og:type\" content=\"article\" \/>\n<meta property=\"og:title\" content=\"Organise Your School Trip to Do\u00f1ana\" \/>\n<meta property=\"og:description\" content=\"Aqu\u00ed est\u00e1 la gu\u00eda definitiva sobre c\u00f3mo organizar tu viaje de fin de curso a Do\u00f1ana. \u00a1Reserva ya tu viaje escolar con nosotros!\" \/>\n<meta property=\"og:url\" content=\"https:\/\/natuaventura.com\/en\/organize-your-end-of-year-trip-donana\/\" \/>\n<meta property=\"og:site_name\" content=\"Campamentos de verano y Viajes fin de curso - Natuaventura\" \/>\n<meta property=\"article:publisher\" content=\"https:\/\/www.facebook.com\/NatuaventuraOcioTiempoLibre\/\" \/>\n<meta property=\"article:modified_time\" content=\"2026-04-15T22:36:06+00:00\" \/>\n<meta property=\"og:image\" content=\"https:\/\/natuaventura.com\/en\/wp-content\/uploads\/2020\/07\/atardecer-donana-870x480-1.jpg\" \/>\n\t<meta property=\"og:image:width\" content=\"870\" \/>\n\t<meta property=\"og:image:height\" content=\"480\" \/>\n\t<meta property=\"og:image:type\" content=\"image\/jpeg\" \/>\n<meta name=\"twitter:card\" content=\"summary_large_image\" \/>\n<meta name=\"twitter:label1\" content=\"Tiempo de lectura\" \/>\n\t<meta name=\"twitter:data1\" content=\"4 minutos\" \/>\n<script type=\"application\/ld+json\" class=\"yoast-schema-graph\">{\"@context\":\"https:\\\/\\\/schema.org\",\"@graph\":[{\"@type\":\"WebPage\",\"@id\":\"https:\\\/\\\/natuaventura.com\\\/en\\\/organize-your-end-of-year-trip-donana\\\/\",\"url\":\"https:\\\/\\\/natuaventura.com\\\/en\\\/organize-your-end-of-year-trip-donana\\\/\",\"name\":\"\u00bfC\u00f3mo organizar tu viaje de fin de curso a Do\u00f1ana? | Natuaventura\",\"isPartOf\":{\"@id\":\"https:\\\/\\\/natuaventura.com\\\/en\\\/#website\"},\"primaryImageOfPage\":{\"@id\":\"https:\\\/\\\/natuaventura.com\\\/en\\\/organize-your-end-of-year-trip-donana\\\/#primaryimage\"},\"image\":{\"@id\":\"https:\\\/\\\/natuaventura.com\\\/en\\\/organize-your-end-of-year-trip-donana\\\/#primaryimage\"},\"thumbnailUrl\":\"https:\\\/\\\/natuaventura.com\\\/en\\\/wp-content\\\/uploads\\\/2020\\\/07\\\/atardecer-donana-870x480-1.jpg\",\"datePublished\":\"2020-07-24T21:45:40+00:00\",\"dateModified\":\"2026-04-15T22:36:06+00:00\",\"description\":\"Aqu\u00ed est\u00e1 la gu\u00eda definitiva sobre c\u00f3mo organizar tu viaje de fin de curso a Do\u00f1ana. \u00a1Reserva ya tu viaje escolar con nosotros!\",\"breadcrumb\":{\"@id\":\"https:\\\/\\\/natuaventura.com\\\/en\\\/organize-your-end-of-year-trip-donana\\\/#breadcrumb\"},\"inLanguage\":\"es\",\"potentialAction\":[{\"@type\":\"ReadAction\",\"target\":[\"https:\\\/\\\/natuaventura.com\\\/en\\\/organize-your-end-of-year-trip-donana\\\/\"]}]},{\"@type\":\"ImageObject\",\"inLanguage\":\"es\",\"@id\":\"https:\\\/\\\/natuaventura.com\\\/en\\\/organize-your-end-of-year-trip-donana\\\/#primaryimage\",\"url\":\"https:\\\/\\\/natuaventura.com\\\/en\\\/wp-content\\\/uploads\\\/2020\\\/07\\\/atardecer-donana-870x480-1.jpg\",\"contentUrl\":\"https:\\\/\\\/natuaventura.com\\\/en\\\/wp-content\\\/uploads\\\/2020\\\/07\\\/atardecer-donana-870x480-1.jpg\",\"width\":870,\"height\":480},{\"@type\":\"BreadcrumbList\",\"@id\":\"https:\\\/\\\/natuaventura.com\\\/en\\\/organize-your-end-of-year-trip-donana\\\/#breadcrumb\",\"itemListElement\":[{\"@type\":\"ListItem\",\"position\":1,\"name\":\"Portada\",\"item\":\"https:\\\/\\\/natuaventura.com\\\/en\\\/\"},{\"@type\":\"ListItem\",\"position\":2,\"name\":\"Organise Your School Trip to Do\u00f1ana\"}]},{\"@type\":\"WebSite\",\"@id\":\"https:\\\/\\\/natuaventura.com\\\/en\\\/#website\",\"url\":\"https:\\\/\\\/natuaventura.com\\\/en\\\/\",\"name\":\"Campamentos de verano y Viajes fin de curso 2025 - Natuaventura\",\"description\":\"Campamentos de verano y Viajes fin de curso - Natuaventura\",\"publisher\":{\"@id\":\"https:\\\/\\\/natuaventura.com\\\/en\\\/#organization\"},\"potentialAction\":[{\"@type\":\"SearchAction\",\"target\":{\"@type\":\"EntryPoint\",\"urlTemplate\":\"https:\\\/\\\/natuaventura.com\\\/en\\\/?s={search_term_string}\"},\"query-input\":{\"@type\":\"PropertyValueSpecification\",\"valueRequired\":true,\"valueName\":\"search_term_string\"}}],\"inLanguage\":\"es\"},{\"@type\":\"Organization\",\"@id\":\"https:\\\/\\\/natuaventura.com\\\/en\\\/#organization\",\"name\":\"Natuaventura Ocio y Tiempo Libre\",\"url\":\"https:\\\/\\\/natuaventura.com\\\/en\\\/\",\"logo\":{\"@type\":\"ImageObject\",\"inLanguage\":\"es\",\"@id\":\"https:\\\/\\\/natuaventura.com\\\/en\\\/#\\\/schema\\\/logo\\\/image\\\/\",\"url\":\"https:\\\/\\\/natuaventura.com\\\/en\\\/wp-content\\\/uploads\\\/2016\\\/04\\\/propuesta-logo.png\",\"contentUrl\":\"https:\\\/\\\/natuaventura.com\\\/en\\\/wp-content\\\/uploads\\\/2016\\\/04\\\/propuesta-logo.png\",\"width\":604,\"height\":175,\"caption\":\"Natuaventura Ocio y Tiempo Libre\"},\"image\":{\"@id\":\"https:\\\/\\\/natuaventura.com\\\/en\\\/#\\\/schema\\\/logo\\\/image\\\/\"},\"sameAs\":[\"https:\\\/\\\/www.facebook.com\\\/NatuaventuraOcioTiempoLibre\\\/\"]}]}<\/script>\n<!-- \/ Yoast SEO Premium plugin. -->","yoast_head_json":{"title":"\u00bfC\u00f3mo organizar tu viaje de fin de curso a Do\u00f1ana? | Natuaventura","description":"Aqu\u00ed est\u00e1 la gu\u00eda definitiva sobre c\u00f3mo organizar tu viaje de fin de curso a Do\u00f1ana. \u00a1Reserva ya tu viaje escolar con nosotros!","robots":{"index":"index","follow":"follow","max-snippet":"max-snippet:-1","max-image-preview":"max-image-preview:large","max-video-preview":"max-video-preview:-1"},"canonical":"https:\/\/natuaventura.com\/en\/organize-your-end-of-year-trip-donana\/","og_locale":"es_ES","og_type":"article","og_title":"Organise Your School Trip to Do\u00f1ana","og_description":"Aqu\u00ed est\u00e1 la gu\u00eda definitiva sobre c\u00f3mo organizar tu viaje de fin de curso a Do\u00f1ana. \u00a1Reserva ya tu viaje escolar con nosotros!","og_url":"https:\/\/natuaventura.com\/en\/organize-your-end-of-year-trip-donana\/","og_site_name":"Campamentos de verano y Viajes fin de curso - Natuaventura","article_publisher":"https:\/\/www.facebook.com\/NatuaventuraOcioTiempoLibre\/","article_modified_time":"2026-04-15T22:36:06+00:00","og_image":[{"width":870,"height":480,"url":"https:\/\/natuaventura.com\/en\/wp-content\/uploads\/2020\/07\/atardecer-donana-870x480-1.jpg","type":"image\/jpeg"}],"twitter_card":"summary_large_image","twitter_misc":{"Tiempo de lectura":"4 minutos"},"schema":{"@context":"https:\/\/schema.org","@graph":[{"@type":"WebPage","@id":"https:\/\/natuaventura.com\/en\/organize-your-end-of-year-trip-donana\/","url":"https:\/\/natuaventura.com\/en\/organize-your-end-of-year-trip-donana\/","name":"\u00bfC\u00f3mo organizar tu viaje de fin de curso a Do\u00f1ana? | Natuaventura","isPartOf":{"@id":"https:\/\/natuaventura.com\/en\/#website"},"primaryImageOfPage":{"@id":"https:\/\/natuaventura.com\/en\/organize-your-end-of-year-trip-donana\/#primaryimage"},"image":{"@id":"https:\/\/natuaventura.com\/en\/organize-your-end-of-year-trip-donana\/#primaryimage"},"thumbnailUrl":"https:\/\/natuaventura.com\/en\/wp-content\/uploads\/2020\/07\/atardecer-donana-870x480-1.jpg","datePublished":"2020-07-24T21:45:40+00:00","dateModified":"2026-04-15T22:36:06+00:00","description":"Aqu\u00ed est\u00e1 la gu\u00eda definitiva sobre c\u00f3mo organizar tu viaje de fin de curso a Do\u00f1ana. \u00a1Reserva ya tu viaje escolar con nosotros!","breadcrumb":{"@id":"https:\/\/natuaventura.com\/en\/organize-your-end-of-year-trip-donana\/#breadcrumb"},"inLanguage":"es","potentialAction":[{"@type":"ReadAction","target":["https:\/\/natuaventura.com\/en\/organize-your-end-of-year-trip-donana\/"]}]},{"@type":"ImageObject","inLanguage":"es","@id":"https:\/\/natuaventura.com\/en\/organize-your-end-of-year-trip-donana\/#primaryimage","url":"https:\/\/natuaventura.com\/en\/wp-content\/uploads\/2020\/07\/atardecer-donana-870x480-1.jpg","contentUrl":"https:\/\/natuaventura.com\/en\/wp-content\/uploads\/2020\/07\/atardecer-donana-870x480-1.jpg","width":870,"height":480},{"@type":"BreadcrumbList","@id":"https:\/\/natuaventura.com\/en\/organize-your-end-of-year-trip-donana\/#breadcrumb","itemListElement":[{"@type":"ListItem","position":1,"name":"Portada","item":"https:\/\/natuaventura.com\/en\/"},{"@type":"ListItem","position":2,"name":"Organise Your School Trip to Do\u00f1ana"}]},{"@type":"WebSite","@id":"https:\/\/natuaventura.com\/en\/#website","url":"https:\/\/natuaventura.com\/en\/","name":"Campamentos de verano y Viajes fin de curso 2025 - Natuaventura","description":"Campamentos de verano y Viajes fin de curso - Natuaventura","publisher":{"@id":"https:\/\/natuaventura.com\/en\/#organization"},"potentialAction":[{"@type":"SearchAction","target":{"@type":"EntryPoint","urlTemplate":"https:\/\/natuaventura.com\/en\/?s={search_term_string}"},"query-input":{"@type":"PropertyValueSpecification","valueRequired":true,"valueName":"search_term_string"}}],"inLanguage":"es"},{"@type":"Organization","@id":"https:\/\/natuaventura.com\/en\/#organization","name":"Natuaventura Ocio y Tiempo Libre","url":"https:\/\/natuaventura.com\/en\/","logo":{"@type":"ImageObject","inLanguage":"es","@id":"https:\/\/natuaventura.com\/en\/#\/schema\/logo\/image\/","url":"https:\/\/natuaventura.com\/en\/wp-content\/uploads\/2016\/04\/propuesta-logo.png","contentUrl":"https:\/\/natuaventura.com\/en\/wp-content\/uploads\/2016\/04\/propuesta-logo.png","width":604,"height":175,"caption":"Natuaventura Ocio y Tiempo Libre"},"image":{"@id":"https:\/\/natuaventura.com\/en\/#\/schema\/logo\/image\/"},"sameAs":["https:\/\/www.facebook.com\/NatuaventuraOcioTiempoLibre\/"]}]}},"_links":{"self":[{"href":"https:\/\/natuaventura.com\/en\/wp-json\/wp\/v2\/pages\/12299","targetHints":{"allow":["GET"]}}],"collection":[{"href":"https:\/\/natuaventura.com\/en\/wp-json\/wp\/v2\/pages"}],"about":[{"href":"https:\/\/natuaventura.com\/en\/wp-json\/wp\/v2\/types\/page"}],"author":[{"embeddable":true,"href":"https:\/\/natuaventura.com\/en\/wp-json\/wp\/v2\/users\/36"}],"replies":[{"embeddable":true,"href":"https:\/\/natuaventura.com\/en\/wp-json\/wp\/v2\/comments?post=12299"}],"version-history":[{"count":10,"href":"https:\/\/natuaventura.com\/en\/wp-json\/wp\/v2\/pages\/12299\/revisions"}],"predecessor-version":[{"id":43040,"href":"https:\/\/natuaventura.com\/en\/wp-json\/wp\/v2\/pages\/12299\/revisions\/43040"}],"wp:featuredmedia":[{"embeddable":true,"href":"https:\/\/natuaventura.com\/en\/wp-json\/wp\/v2\/media\/12301"}],"wp:attachment":[{"href":"https:\/\/natuaventura.com\/en\/wp-json\/wp\/v2\/media?parent=12299"}],"wp:term":[{"taxonomy":"category","embeddable":true,"href":"https:\/\/natuaventura.com\/en\/wp-json\/wp\/v2\/categories?post=12299"},{"taxonomy":"post_tag","embeddable":true,"href":"https:\/\/natuaventura.com\/en\/wp-json\/wp\/v2\/tags?post=12299"}],"curies":[{"name":"wp","href":"https:\/\/api.w.org\/{rel}","templated":true}]}}