{"id":12314,"date":"2020-07-24T22:01:21","date_gmt":"2020-07-24T22:01:21","guid":{"rendered":"http:\/\/natuaventura.com\/?page_id=12314"},"modified":"2026-04-16T00:07:32","modified_gmt":"2026-04-16T00:07:32","slug":"viajes-de-fin-de-curso-actividades-multiaventura-de-montana-ii","status":"publish","type":"page","link":"https:\/\/natuaventura.com\/en\/viajes-de-fin-de-curso-actividades-multiaventura-de-montana-ii\/","title":{"rendered":"School Trips: Mountain Multiadventure Activities"},"content":{"rendered":"<p class=\"p1\">When we think of mountain multiadventure activities for school trips, we generally picture activities that are thrilling and spectacular. As we have seen, rock climbing, high-ropes courses, rafting, and canyoning are examples of this. However, the mountain environment, by its very nature, often does not require complex activities or specialist equipment. A perfect example of this is an activity such as hiking. This activity \u2014 also known in recent years as trekking \u2014 is the foundation of mountaineering and the starting point for many other activities. Its core philosophy lies in the enjoyment<span class=\"Apple-converted-space\">  <\/span>of nature, and in respecting and caring for it. Having fun through nature is the main objective of hiking: gaining pleasure from discovering new natural environments and experiencing the many sensations they offer.<\/p>\n<p class=\"p1\">Hiking is, in itself, a sport. One that teaches us to enjoy the natural spaces around us, and how to make the most of them \u2014 gaining fun and health benefits along the way. Hiking with school groups must always be led by professional group leaders who know the route to be taken as well as all the points of interest in the surrounding area. In this way, on a multiadventure school trip, various routes can be undertaken. These routes carry a significant load in terms of both sport and culture. Pupils can discover and apply the theory they are studying in subjects such as environmental science or biology to the surroundings they are exploring at that<span class=\"Apple-converted-space\">  <\/span>very moment. Hiking makes ecological trails possible \u2014 walks on which participants observe ecosystems up close and discover how they function.<\/p>\n<p><img loading=\"lazy\" decoding=\"async\" class=\"alignnone wp-image-12316\" src=\"https:\/\/natuaventura.com\/en\/wp-content\/uploads\/2020\/07\/mutiaventuraviajes-300x200-1.jpg\" alt=\"\" width=\"338\" height=\"225\" \/>    <img loading=\"lazy\" decoding=\"async\" class=\"alignnone wp-image-12317\" src=\"https:\/\/natuaventura.com\/en\/wp-content\/uploads\/2020\/07\/rutaactividadesfindecurso-300x200-1.jpg\" alt=\"\" width=\"338\" height=\"225\" \/><\/p>\n<h2><b>Multiadventure school trip activities: horse riding routes<\/b><\/h2>\n<p class=\"p1\">Alongside hiking, it is also possible to undertake other types of routes in the mountains \u2014 horse riding routes being one such example. By this we mean any activity in which participants complete a course on horseback. Horse riding routes are also one of the most popular multiadventure activities, and one with the longest historical track record. The horse was, for many years in human history, the principal means of transport. Today, it represents an unrivalled way of enjoying a mountain environment from a unique perspective that is far removed from participants&#8217; everyday lives. Horse riding routes bring younger participants closer to their natural surroundings, and also instil certain values of care and respect for nature \u2014 both for the environment and for the species that inhabit it.<\/p>\n<p class=\"p1\">Horse riding routes are always carried out with the support of an instructor who knows the animals and the appropriate practices to ensure the activity is a success and is conducted in complete safety. Routes of this kind also have the advantage of allowing participants to see the landscape from a different perspective. The participant feels more integrated into nature and part of an ecosystem that functions in a completely different way from the urban one they are normally used to. For many children, horse riding is a unique experience \u2014 only available on multiadventure school trips or similar excursions. It is always a good idea to include this activity in the programme as a new way of discovering the natural environment and interacting with it.<\/p>\n<h2><b>Multiadventure school trip activities: archery<\/b><\/h2>\n<p class=\"p1\">Now let us turn our attention to another of the most common multiadventure activities on school trips: archery. This activity, which historically arose as a means of survival, is today a recreational sport enjoyed by both adults and children alike. Archery is one of the traditional multiadventure activities, typically included in any programme \u2014 whether for a school trip, a summer camp, or a day excursion. In archery, participants are taught how to practise the sport. It involves shooting arrows with a bow, with the aim of hitting a target. The target is divided into different colour zones: the closer the arrow lands to the centre, the more points the archer scores. This means that archery can readily lend itself to a competition between participants.<\/p>\n<p class=\"p1\">One of the great advantages of archery, however, is that it is an attractive, enjoyable, and highly adaptable sport. As we have seen, it can have a competitive spirit, but equally a purely recreational one. It can even be incorporated into a themed activity on the school trip (medieval, pirate) if one is taking place. Archery also promotes concentration and focus among participants. It also makes them aware of the importance of safety protocols, so that arrows are handled safely at all times without any risk. This makes archery a safe and fun option within any multiadventure school trip programme.<\/p>\n<h2><b>Multiadventure school trips<\/b><\/h2>\n<p class=\"p1\">Find out all the information about how our multiadventure school trips work on the following pages:<\/p>\n<ul class=\"ul1\">\n<li class=\"li1\"><a href=\"https:\/\/natuaventura.com\/en\/viajes-de-fin-de-curso-multiaventura-y-turismo-activo\/\"><strong>School Trips: multiadventure and active tourism<\/strong><\/a><\/li>\n<li class=\"li1\"><a href=\"https:\/\/natuaventura.com\/en\/viajes-de-fin-de-curso-actividades-multiaventura-de-montana-i\/\"><strong>School Trips: mountain multiadventure activities I<\/strong><\/a><\/li>\n<li class=\"li1\"><a href=\"https:\/\/natuaventura.com\/en\/viajes-de-fin-de-curso-actividades-multiaventura-de-montana-ii\/\"><strong>School Trips: mountain multiadventure activities II<\/strong><\/a><\/li>\n<li class=\"li1\"><a href=\"https:\/\/natuaventura.com\/en\/blog\/benefits-end-of-year-multiadventure-trip\/\"><strong>Benefits of multiadventure school trips<\/strong><\/a><\/li>\n<li class=\"li1\"><a href=\"https:\/\/natuaventura.com\/en\/blog\/best-destination-for-end-of-year-trips\/\"><strong>Destinations for multiadventure school trips<\/strong><\/a><\/li>\n<\/ul>\n","protected":false},"excerpt":{"rendered":"<p>When we think of mountain multiadventure activities for school trips, we generally picture activities that are thrilling and spectacular. As we have seen, rock climbing, high-ropes courses, rafting, and canyoning are examples of this. However, the mountain environment, by its very nature, often does not require complex activities or specialist equipment. A perfect example of [&#8230;]\n","protected":false},"author":36,"featured_media":12315,"parent":0,"menu_order":0,"comment_status":"closed","ping_status":"closed","template":"page-blank-title-center.php","meta":{"footnotes":""},"categories":[4,38],"tags":[536,635,554],"class_list":["post-12314","page","type-page","status-publish","has-post-thumbnail","hentry","category-blog","category-viajes-de-fin-de-curso-blog","tag-actividades-multiaventura","tag-actividades-multiaventura-de-montana","tag-viajes-de-fin-de-curso"],"yoast_head":"<!-- This site is optimized with the Yoast SEO Premium plugin v27.3 (Yoast SEO v27.3) - https:\/\/yoast.com\/product\/yoast-seo-premium-wordpress\/ -->\n<title>Actividades Multiaventura de monta\u00f1a Viajes de fin de curso<\/title>\n<meta name=\"description\" content=\"Viajes de fin de curso: Actividades Multiaventura de monta\u00f1a II m\u00e1s habituales: el tiro con arco, rutas a caballo y senderismo \u00a1Desc\u00fabrelas!\" \/>\n<meta name=\"robots\" content=\"index, follow, max-snippet:-1, max-image-preview:large, max-video-preview:-1\" \/>\n<link rel=\"canonical\" href=\"https:\/\/natuaventura.com\/en\/viajes-de-fin-de-curso-actividades-multiaventura-de-montana-ii\/\" \/>\n<meta property=\"og:locale\" content=\"es_ES\" \/>\n<meta property=\"og:type\" content=\"article\" \/>\n<meta property=\"og:title\" content=\"School Trips: Mountain Multiadventure Activities\" \/>\n<meta property=\"og:description\" content=\"Viajes de fin de curso: Actividades Multiaventura de monta\u00f1a II m\u00e1s habituales: el tiro con arco, rutas a caballo y senderismo \u00a1Desc\u00fabrelas!\" \/>\n<meta property=\"og:url\" content=\"https:\/\/natuaventura.com\/en\/viajes-de-fin-de-curso-actividades-multiaventura-de-montana-ii\/\" \/>\n<meta property=\"og:site_name\" content=\"Campamentos de verano y Viajes fin de curso - Natuaventura\" \/>\n<meta property=\"article:publisher\" content=\"https:\/\/www.facebook.com\/NatuaventuraOcioTiempoLibre\/\" \/>\n<meta property=\"article:modified_time\" content=\"2026-04-16T00:07:32+00:00\" \/>\n<meta property=\"og:image\" content=\"https:\/\/natuaventura.com\/en\/wp-content\/uploads\/2020\/07\/montan\u0303aviajes-799x480-1.jpg\" \/>\n\t<meta property=\"og:image:width\" content=\"799\" \/>\n\t<meta property=\"og:image:height\" content=\"480\" \/>\n\t<meta property=\"og:image:type\" content=\"image\/jpeg\" \/>\n<meta name=\"twitter:card\" content=\"summary_large_image\" \/>\n<meta name=\"twitter:label1\" content=\"Tiempo de lectura\" \/>\n\t<meta name=\"twitter:data1\" content=\"4 minutos\" \/>\n<script type=\"application\/ld+json\" class=\"yoast-schema-graph\">{\"@context\":\"https:\\\/\\\/schema.org\",\"@graph\":[{\"@type\":\"WebPage\",\"@id\":\"https:\\\/\\\/natuaventura.com\\\/en\\\/viajes-de-fin-de-curso-actividades-multiaventura-de-montana-ii\\\/\",\"url\":\"https:\\\/\\\/natuaventura.com\\\/en\\\/viajes-de-fin-de-curso-actividades-multiaventura-de-montana-ii\\\/\",\"name\":\"Actividades Multiaventura de monta\u00f1a Viajes de fin de curso\",\"isPartOf\":{\"@id\":\"https:\\\/\\\/natuaventura.com\\\/en\\\/#website\"},\"primaryImageOfPage\":{\"@id\":\"https:\\\/\\\/natuaventura.com\\\/en\\\/viajes-de-fin-de-curso-actividades-multiaventura-de-montana-ii\\\/#primaryimage\"},\"image\":{\"@id\":\"https:\\\/\\\/natuaventura.com\\\/en\\\/viajes-de-fin-de-curso-actividades-multiaventura-de-montana-ii\\\/#primaryimage\"},\"thumbnailUrl\":\"https:\\\/\\\/natuaventura.com\\\/en\\\/wp-content\\\/uploads\\\/2020\\\/07\\\/montan\u0303aviajes-799x480-1.jpg\",\"datePublished\":\"2020-07-24T22:01:21+00:00\",\"dateModified\":\"2026-04-16T00:07:32+00:00\",\"description\":\"Viajes de fin de curso: Actividades Multiaventura de monta\u00f1a II m\u00e1s habituales: el tiro con arco, rutas a caballo y senderismo \u00a1Desc\u00fabrelas!\",\"breadcrumb\":{\"@id\":\"https:\\\/\\\/natuaventura.com\\\/en\\\/viajes-de-fin-de-curso-actividades-multiaventura-de-montana-ii\\\/#breadcrumb\"},\"inLanguage\":\"es\",\"potentialAction\":[{\"@type\":\"ReadAction\",\"target\":[\"https:\\\/\\\/natuaventura.com\\\/en\\\/viajes-de-fin-de-curso-actividades-multiaventura-de-montana-ii\\\/\"]}]},{\"@type\":\"ImageObject\",\"inLanguage\":\"es\",\"@id\":\"https:\\\/\\\/natuaventura.com\\\/en\\\/viajes-de-fin-de-curso-actividades-multiaventura-de-montana-ii\\\/#primaryimage\",\"url\":\"https:\\\/\\\/natuaventura.com\\\/en\\\/wp-content\\\/uploads\\\/2020\\\/07\\\/montan\u0303aviajes-799x480-1.jpg\",\"contentUrl\":\"https:\\\/\\\/natuaventura.com\\\/en\\\/wp-content\\\/uploads\\\/2020\\\/07\\\/montan\u0303aviajes-799x480-1.jpg\",\"width\":799,\"height\":480},{\"@type\":\"BreadcrumbList\",\"@id\":\"https:\\\/\\\/natuaventura.com\\\/en\\\/viajes-de-fin-de-curso-actividades-multiaventura-de-montana-ii\\\/#breadcrumb\",\"itemListElement\":[{\"@type\":\"ListItem\",\"position\":1,\"name\":\"Portada\",\"item\":\"https:\\\/\\\/natuaventura.com\\\/en\\\/\"},{\"@type\":\"ListItem\",\"position\":2,\"name\":\"School Trips: Mountain Multiadventure Activities\"}]},{\"@type\":\"WebSite\",\"@id\":\"https:\\\/\\\/natuaventura.com\\\/en\\\/#website\",\"url\":\"https:\\\/\\\/natuaventura.com\\\/en\\\/\",\"name\":\"Campamentos de verano y Viajes fin de curso 2025 - Natuaventura\",\"description\":\"Campamentos de verano y Viajes fin de curso - Natuaventura\",\"publisher\":{\"@id\":\"https:\\\/\\\/natuaventura.com\\\/en\\\/#organization\"},\"potentialAction\":[{\"@type\":\"SearchAction\",\"target\":{\"@type\":\"EntryPoint\",\"urlTemplate\":\"https:\\\/\\\/natuaventura.com\\\/en\\\/?s={search_term_string}\"},\"query-input\":{\"@type\":\"PropertyValueSpecification\",\"valueRequired\":true,\"valueName\":\"search_term_string\"}}],\"inLanguage\":\"es\"},{\"@type\":\"Organization\",\"@id\":\"https:\\\/\\\/natuaventura.com\\\/en\\\/#organization\",\"name\":\"Natuaventura Ocio y Tiempo Libre\",\"url\":\"https:\\\/\\\/natuaventura.com\\\/en\\\/\",\"logo\":{\"@type\":\"ImageObject\",\"inLanguage\":\"es\",\"@id\":\"https:\\\/\\\/natuaventura.com\\\/en\\\/#\\\/schema\\\/logo\\\/image\\\/\",\"url\":\"https:\\\/\\\/natuaventura.com\\\/en\\\/wp-content\\\/uploads\\\/2016\\\/04\\\/propuesta-logo.png\",\"contentUrl\":\"https:\\\/\\\/natuaventura.com\\\/en\\\/wp-content\\\/uploads\\\/2016\\\/04\\\/propuesta-logo.png\",\"width\":604,\"height\":175,\"caption\":\"Natuaventura Ocio y Tiempo Libre\"},\"image\":{\"@id\":\"https:\\\/\\\/natuaventura.com\\\/en\\\/#\\\/schema\\\/logo\\\/image\\\/\"},\"sameAs\":[\"https:\\\/\\\/www.facebook.com\\\/NatuaventuraOcioTiempoLibre\\\/\"]}]}<\/script>\n<!-- \/ Yoast SEO Premium plugin. -->","yoast_head_json":{"title":"Actividades Multiaventura de monta\u00f1a Viajes de fin de curso","description":"Viajes de fin de curso: Actividades Multiaventura de monta\u00f1a II m\u00e1s habituales: el tiro con arco, rutas a caballo y senderismo \u00a1Desc\u00fabrelas!","robots":{"index":"index","follow":"follow","max-snippet":"max-snippet:-1","max-image-preview":"max-image-preview:large","max-video-preview":"max-video-preview:-1"},"canonical":"https:\/\/natuaventura.com\/en\/viajes-de-fin-de-curso-actividades-multiaventura-de-montana-ii\/","og_locale":"es_ES","og_type":"article","og_title":"School Trips: Mountain Multiadventure Activities","og_description":"Viajes de fin de curso: Actividades Multiaventura de monta\u00f1a II m\u00e1s habituales: el tiro con arco, rutas a caballo y senderismo \u00a1Desc\u00fabrelas!","og_url":"https:\/\/natuaventura.com\/en\/viajes-de-fin-de-curso-actividades-multiaventura-de-montana-ii\/","og_site_name":"Campamentos de verano y Viajes fin de curso - Natuaventura","article_publisher":"https:\/\/www.facebook.com\/NatuaventuraOcioTiempoLibre\/","article_modified_time":"2026-04-16T00:07:32+00:00","og_image":[{"width":799,"height":480,"url":"https:\/\/natuaventura.com\/en\/wp-content\/uploads\/2020\/07\/montan\u0303aviajes-799x480-1.jpg","type":"image\/jpeg"}],"twitter_card":"summary_large_image","twitter_misc":{"Tiempo de lectura":"4 minutos"},"schema":{"@context":"https:\/\/schema.org","@graph":[{"@type":"WebPage","@id":"https:\/\/natuaventura.com\/en\/viajes-de-fin-de-curso-actividades-multiaventura-de-montana-ii\/","url":"https:\/\/natuaventura.com\/en\/viajes-de-fin-de-curso-actividades-multiaventura-de-montana-ii\/","name":"Actividades Multiaventura de monta\u00f1a Viajes de fin de curso","isPartOf":{"@id":"https:\/\/natuaventura.com\/en\/#website"},"primaryImageOfPage":{"@id":"https:\/\/natuaventura.com\/en\/viajes-de-fin-de-curso-actividades-multiaventura-de-montana-ii\/#primaryimage"},"image":{"@id":"https:\/\/natuaventura.com\/en\/viajes-de-fin-de-curso-actividades-multiaventura-de-montana-ii\/#primaryimage"},"thumbnailUrl":"https:\/\/natuaventura.com\/en\/wp-content\/uploads\/2020\/07\/montan\u0303aviajes-799x480-1.jpg","datePublished":"2020-07-24T22:01:21+00:00","dateModified":"2026-04-16T00:07:32+00:00","description":"Viajes de fin de curso: Actividades Multiaventura de monta\u00f1a II m\u00e1s habituales: el tiro con arco, rutas a caballo y senderismo \u00a1Desc\u00fabrelas!","breadcrumb":{"@id":"https:\/\/natuaventura.com\/en\/viajes-de-fin-de-curso-actividades-multiaventura-de-montana-ii\/#breadcrumb"},"inLanguage":"es","potentialAction":[{"@type":"ReadAction","target":["https:\/\/natuaventura.com\/en\/viajes-de-fin-de-curso-actividades-multiaventura-de-montana-ii\/"]}]},{"@type":"ImageObject","inLanguage":"es","@id":"https:\/\/natuaventura.com\/en\/viajes-de-fin-de-curso-actividades-multiaventura-de-montana-ii\/#primaryimage","url":"https:\/\/natuaventura.com\/en\/wp-content\/uploads\/2020\/07\/montan\u0303aviajes-799x480-1.jpg","contentUrl":"https:\/\/natuaventura.com\/en\/wp-content\/uploads\/2020\/07\/montan\u0303aviajes-799x480-1.jpg","width":799,"height":480},{"@type":"BreadcrumbList","@id":"https:\/\/natuaventura.com\/en\/viajes-de-fin-de-curso-actividades-multiaventura-de-montana-ii\/#breadcrumb","itemListElement":[{"@type":"ListItem","position":1,"name":"Portada","item":"https:\/\/natuaventura.com\/en\/"},{"@type":"ListItem","position":2,"name":"School Trips: Mountain Multiadventure Activities"}]},{"@type":"WebSite","@id":"https:\/\/natuaventura.com\/en\/#website","url":"https:\/\/natuaventura.com\/en\/","name":"Campamentos de verano y Viajes fin de curso 2025 - Natuaventura","description":"Campamentos de verano y Viajes fin de curso - Natuaventura","publisher":{"@id":"https:\/\/natuaventura.com\/en\/#organization"},"potentialAction":[{"@type":"SearchAction","target":{"@type":"EntryPoint","urlTemplate":"https:\/\/natuaventura.com\/en\/?s={search_term_string}"},"query-input":{"@type":"PropertyValueSpecification","valueRequired":true,"valueName":"search_term_string"}}],"inLanguage":"es"},{"@type":"Organization","@id":"https:\/\/natuaventura.com\/en\/#organization","name":"Natuaventura Ocio y Tiempo Libre","url":"https:\/\/natuaventura.com\/en\/","logo":{"@type":"ImageObject","inLanguage":"es","@id":"https:\/\/natuaventura.com\/en\/#\/schema\/logo\/image\/","url":"https:\/\/natuaventura.com\/en\/wp-content\/uploads\/2016\/04\/propuesta-logo.png","contentUrl":"https:\/\/natuaventura.com\/en\/wp-content\/uploads\/2016\/04\/propuesta-logo.png","width":604,"height":175,"caption":"Natuaventura Ocio y Tiempo Libre"},"image":{"@id":"https:\/\/natuaventura.com\/en\/#\/schema\/logo\/image\/"},"sameAs":["https:\/\/www.facebook.com\/NatuaventuraOcioTiempoLibre\/"]}]}},"_links":{"self":[{"href":"https:\/\/natuaventura.com\/en\/wp-json\/wp\/v2\/pages\/12314","targetHints":{"allow":["GET"]}}],"collection":[{"href":"https:\/\/natuaventura.com\/en\/wp-json\/wp\/v2\/pages"}],"about":[{"href":"https:\/\/natuaventura.com\/en\/wp-json\/wp\/v2\/types\/page"}],"author":[{"embeddable":true,"href":"https:\/\/natuaventura.com\/en\/wp-json\/wp\/v2\/users\/36"}],"replies":[{"embeddable":true,"href":"https:\/\/natuaventura.com\/en\/wp-json\/wp\/v2\/comments?post=12314"}],"version-history":[{"count":4,"href":"https:\/\/natuaventura.com\/en\/wp-json\/wp\/v2\/pages\/12314\/revisions"}],"predecessor-version":[{"id":43314,"href":"https:\/\/natuaventura.com\/en\/wp-json\/wp\/v2\/pages\/12314\/revisions\/43314"}],"wp:featuredmedia":[{"embeddable":true,"href":"https:\/\/natuaventura.com\/en\/wp-json\/wp\/v2\/media\/12315"}],"wp:attachment":[{"href":"https:\/\/natuaventura.com\/en\/wp-json\/wp\/v2\/media?parent=12314"}],"wp:term":[{"taxonomy":"category","embeddable":true,"href":"https:\/\/natuaventura.com\/en\/wp-json\/wp\/v2\/categories?post=12314"},{"taxonomy":"post_tag","embeddable":true,"href":"https:\/\/natuaventura.com\/en\/wp-json\/wp\/v2\/tags?post=12314"}],"curies":[{"name":"wp","href":"https:\/\/api.w.org\/{rel}","templated":true}]}}