{"id":12368,"date":"2020-07-24T23:55:42","date_gmt":"2020-07-24T23:55:42","guid":{"rendered":"http:\/\/natuaventura.com\/?page_id=12368"},"modified":"2026-04-15T22:51:49","modified_gmt":"2026-04-15T22:51:49","slug":"viajes-de-fin-de-curso-urbanos","status":"publish","type":"page","link":"https:\/\/natuaventura.com\/en\/viajes-de-fin-de-curso-urbanos\/","title":{"rendered":"Urban School Trips"},"content":{"rendered":"<p class=\"p1\">Traditionally, school trips were taken to natural settings. This was because the first schools to develop them were those located in cities. Since the daily routine of participants in these trips was rooted in an urban environment, the chosen destinations tended to be smaller towns with attractive landscapes, offering a space for disconnection and different kinds of fun. However, this has changed radically. School trips have become popular and widespread across almost every school, regardless of where they are located. As a result, the nature of many destinations has shifted. For children and young people who live in small towns or villages, visiting a large city and enjoying all the options it has to offer is a great opportunity.<\/p>\n<p class=\"p1\">This is what underlies the growing popularity of urban destinations for school trips. Urban school trips involve activities and dynamics spread over several days in the cultural, tourist and sporting environment that a city offers. This type of school trip provides the opportunity to enjoy numerous activities that for many young people are part of their everyday life, but for others are far out of reach. This is the window that urban school trips open: a way of connecting the different spaces that children can inhabit in different parts of the same country. The activities that form part of an urban school trip programme are multiple and varied, as we shall see below.<\/p>\n<p><img loading=\"lazy\" decoding=\"async\" class=\"alignnone size-full wp-image-12369\" src=\"https:\/\/natuaventura.com\/en\/wp-content\/uploads\/2020\/07\/findecursourbano-300x200-1.jpg\" alt=\"\" width=\"300\" height=\"200\" \/>    <img loading=\"lazy\" decoding=\"async\" class=\"alignnone size-full wp-image-12370\" src=\"https:\/\/natuaventura.com\/en\/wp-content\/uploads\/2020\/07\/urbanosviajesfindecurso-300x200-1.jpg\" alt=\"\" width=\"300\" height=\"200\" \/><\/p>\n<h2><b>How does an urban school trip work?<\/b><\/h2>\n<p class=\"p1\">How to organise an urban school trip is a question many people ask when considering this type of activity. First of all, both the dates and the destination need to be chosen. Focusing on a big city does not necessarily mean all activities will take place within the city. The programme can combine main activities in the urban setting with others carried out in outer areas or away from the city. In this way, activities vary and are combined in the most balanced way possible. Secondly, it is important to consider the activities taking place in the chosen city during the travel dates, as these may be of tourist or cultural interest and can form part of the programme. The resulting trip is therefore closely tied to current events and local culture.<\/p>\n<p class=\"p1\">The programme of an urban school trip must therefore maintain an important balance between its activities and always keep an eye on the latest news and events. It also needs to be clear about its objectives and priorities within the vast range of options a city always offers its visitors. Sometimes, this type of school trip prefers to focus more on purely cultural activities; other times, the objective is more tourist-oriented. Either option is valid, but it is important to have a clear focus when organising the trip. For convenience and cost savings, one of the best options is to hire an organising agency with pre-designed activity packages that allow for modifications and meet the main objectives of the participants.<\/p>\n<h2><b>Urban school trips: safety and fun<\/b><\/h2>\n<p class=\"p1\">Urban school trips raise many questions among families and schools. Many of these concerns are related to safety. Some people living in less populated areas than cities have the idea that cities are less safe environments. Not because of any specific negative circumstance, but simply due to the concentration of population. However, going on an urban school trip does not mean compromising on safety. These are trips in which participants are accompanied 24 hours a day by a specialist team of group leaders trained in leisure and free-time activities. This not only guarantees a dynamic and fun-filled programme, but also the highest level of safety throughout all activities and transfers.<\/p>\n<p class=\"p1\">The group leaders accompany the participants and stay with them overnight, which provides the greatest peace of mind for schools and families alike \u2014 and the greatest fun for the participants themselves. One of the great advantages of school trips is that children get to interact with a team of group leaders who are specialists in games and dynamics, different from those who accompany them throughout the school year. Their learning is therefore not limited to the activities or cultural visits carried out in the city, but also to the dynamics they experience with the group leaders team. This learning is, therefore, holistic, and fun and enjoyment run through it as a constant thread.<\/p>\n<h2 class=\"p1\"><b>Cultural and urban school trips<\/b><\/h2>\n<p class=\"p1\">You can browse all information about our cultural and urban school trips on the following pages:<\/p>\n<ul class=\"ul1\">\n<li class=\"li1\"><strong><a href=\"https:\/\/natuaventura.com\/en\/viajes-de-fin-de-curso-culturales\/\">Cultural school trips<\/a><\/strong><\/li>\n<li class=\"li1\"><a href=\"https:\/\/natuaventura.com\/en\/viajes-de-fin-de-curso-urbanos\/\"><strong>Urban school trips<\/strong><\/a><\/li>\n<li class=\"li1\"><a href=\"https:\/\/natuaventura.com\/en\/blog\/cultural-and-urban-end-of-year-trip-activities\/\"><strong>Cultural and urban school trip activities<\/strong><\/a><\/li>\n<li class=\"li1\"><strong><a href=\"https:\/\/natuaventura.com\/en\/viajes-de-fin-de-curso-culturales-y-urbanos-los-mejores-destinos\/\">Cultural and urban school trips: best destinations<\/a><\/strong><\/li>\n<\/ul>\n","protected":false},"excerpt":{"rendered":"<p>Traditionally, school trips were taken to natural settings. This was because the first schools to develop them were those located in cities. Since the daily routine of participants in these trips was rooted in an urban environment, the chosen destinations tended to be smaller towns with attractive landscapes, offering a space for disconnection and different [&#8230;]\n","protected":false},"author":36,"featured_media":12371,"parent":0,"menu_order":0,"comment_status":"closed","ping_status":"closed","template":"page-blank-title-center.php","meta":{"footnotes":""},"categories":[4,38],"tags":[554,648],"class_list":["post-12368","page","type-page","status-publish","has-post-thumbnail","hentry","category-blog","category-viajes-de-fin-de-curso-blog","tag-viajes-de-fin-de-curso","tag-viajes-de-fin-de-curso-urbanos"],"yoast_head":"<!-- This site is optimized with the Yoast SEO Premium plugin v27.3 (Yoast SEO v27.3) - https:\/\/yoast.com\/product\/yoast-seo-premium-wordpress\/ -->\n<title>Viajes de fin de curso urbanos, seguridad y diversi\u00f3n || Natuaventura<\/title>\n<meta name=\"description\" content=\"Viajes de fin de curso urbanos: seguridad, diversi\u00f3n y disfrutar de todas las opciones que esta pone a su disposici\u00f3n \u00a1es una gran oportunidad!\" \/>\n<meta name=\"robots\" content=\"index, follow, max-snippet:-1, max-image-preview:large, max-video-preview:-1\" \/>\n<link rel=\"canonical\" href=\"https:\/\/natuaventura.com\/en\/viajes-de-fin-de-curso-urbanos\/\" \/>\n<meta property=\"og:locale\" content=\"en_GB\" \/>\n<meta property=\"og:type\" content=\"article\" \/>\n<meta property=\"og:title\" content=\"Urban School Trips\" \/>\n<meta property=\"og:description\" content=\"Viajes de fin de curso urbanos: seguridad, diversi\u00f3n y disfrutar de todas las opciones que esta pone a su disposici\u00f3n \u00a1es una gran oportunidad!\" \/>\n<meta property=\"og:url\" content=\"https:\/\/natuaventura.com\/en\/viajes-de-fin-de-curso-urbanos\/\" \/>\n<meta property=\"og:site_name\" content=\"Natuaventura\" \/>\n<meta property=\"article:publisher\" content=\"https:\/\/www.facebook.com\/NatuaventuraOcioTiempoLibre\/\" \/>\n<meta property=\"article:modified_time\" content=\"2026-04-15T22:51:49+00:00\" \/>\n<meta property=\"og:image\" content=\"https:\/\/natuaventura.com\/en\/wp-content\/uploads\/2020\/07\/ViajesfindecursoUrbano-799x480-1.jpg\" \/>\n\t<meta property=\"og:image:width\" content=\"799\" \/>\n\t<meta property=\"og:image:height\" content=\"480\" \/>\n\t<meta property=\"og:image:type\" content=\"image\/jpeg\" \/>\n<meta name=\"twitter:card\" content=\"summary_large_image\" \/>\n<meta name=\"twitter:label1\" content=\"Est. reading time\" \/>\n\t<meta name=\"twitter:data1\" content=\"4 minutes\" \/>\n<script type=\"application\/ld+json\" class=\"yoast-schema-graph\">{\"@context\":\"https:\\\/\\\/schema.org\",\"@graph\":[{\"@type\":\"WebPage\",\"@id\":\"https:\\\/\\\/natuaventura.com\\\/en\\\/viajes-de-fin-de-curso-urbanos\\\/\",\"url\":\"https:\\\/\\\/natuaventura.com\\\/en\\\/viajes-de-fin-de-curso-urbanos\\\/\",\"name\":\"Viajes de fin de curso urbanos, seguridad y diversi\u00f3n || Natuaventura\",\"isPartOf\":{\"@id\":\"https:\\\/\\\/natuaventura.com\\\/en\\\/#website\"},\"primaryImageOfPage\":{\"@id\":\"https:\\\/\\\/natuaventura.com\\\/en\\\/viajes-de-fin-de-curso-urbanos\\\/#primaryimage\"},\"image\":{\"@id\":\"https:\\\/\\\/natuaventura.com\\\/en\\\/viajes-de-fin-de-curso-urbanos\\\/#primaryimage\"},\"thumbnailUrl\":\"https:\\\/\\\/natuaventura.com\\\/en\\\/wp-content\\\/uploads\\\/2020\\\/07\\\/ViajesfindecursoUrbano-799x480-1.jpg\",\"datePublished\":\"2020-07-24T23:55:42+00:00\",\"dateModified\":\"2026-04-15T22:51:49+00:00\",\"description\":\"Viajes de fin de curso urbanos: seguridad, diversi\u00f3n y disfrutar de todas las opciones que esta pone a su disposici\u00f3n \u00a1es una gran oportunidad!\",\"breadcrumb\":{\"@id\":\"https:\\\/\\\/natuaventura.com\\\/en\\\/viajes-de-fin-de-curso-urbanos\\\/#breadcrumb\"},\"inLanguage\":\"en-GB\",\"potentialAction\":[{\"@type\":\"ReadAction\",\"target\":[\"https:\\\/\\\/natuaventura.com\\\/en\\\/viajes-de-fin-de-curso-urbanos\\\/\"]}]},{\"@type\":\"ImageObject\",\"inLanguage\":\"en-GB\",\"@id\":\"https:\\\/\\\/natuaventura.com\\\/en\\\/viajes-de-fin-de-curso-urbanos\\\/#primaryimage\",\"url\":\"https:\\\/\\\/natuaventura.com\\\/en\\\/wp-content\\\/uploads\\\/2020\\\/07\\\/ViajesfindecursoUrbano-799x480-1.jpg\",\"contentUrl\":\"https:\\\/\\\/natuaventura.com\\\/en\\\/wp-content\\\/uploads\\\/2020\\\/07\\\/ViajesfindecursoUrbano-799x480-1.jpg\",\"width\":799,\"height\":480},{\"@type\":\"BreadcrumbList\",\"@id\":\"https:\\\/\\\/natuaventura.com\\\/en\\\/viajes-de-fin-de-curso-urbanos\\\/#breadcrumb\",\"itemListElement\":[{\"@type\":\"ListItem\",\"position\":1,\"name\":\"Portada\",\"item\":\"https:\\\/\\\/natuaventura.com\\\/en\\\/\"},{\"@type\":\"ListItem\",\"position\":2,\"name\":\"Urban School Trips\"}]},{\"@type\":\"WebSite\",\"@id\":\"https:\\\/\\\/natuaventura.com\\\/en\\\/#website\",\"url\":\"https:\\\/\\\/natuaventura.com\\\/en\\\/\",\"name\":\"Campamentos de verano y Viajes fin de curso 2025 - Natuaventura\",\"description\":\"Summer Camps in Spain 2026 and School Trips to Spain\",\"publisher\":{\"@id\":\"https:\\\/\\\/natuaventura.com\\\/en\\\/#organization\"},\"potentialAction\":[{\"@type\":\"SearchAction\",\"target\":{\"@type\":\"EntryPoint\",\"urlTemplate\":\"https:\\\/\\\/natuaventura.com\\\/en\\\/?s={search_term_string}\"},\"query-input\":{\"@type\":\"PropertyValueSpecification\",\"valueRequired\":true,\"valueName\":\"search_term_string\"}}],\"inLanguage\":\"en-GB\"},{\"@type\":\"Organization\",\"@id\":\"https:\\\/\\\/natuaventura.com\\\/en\\\/#organization\",\"name\":\"Natuaventura Ocio y Tiempo Libre\",\"url\":\"https:\\\/\\\/natuaventura.com\\\/en\\\/\",\"logo\":{\"@type\":\"ImageObject\",\"inLanguage\":\"en-GB\",\"@id\":\"https:\\\/\\\/natuaventura.com\\\/en\\\/#\\\/schema\\\/logo\\\/image\\\/\",\"url\":\"https:\\\/\\\/natuaventura.com\\\/en\\\/wp-content\\\/uploads\\\/2016\\\/04\\\/propuesta-logo.png\",\"contentUrl\":\"https:\\\/\\\/natuaventura.com\\\/en\\\/wp-content\\\/uploads\\\/2016\\\/04\\\/propuesta-logo.png\",\"width\":604,\"height\":175,\"caption\":\"Natuaventura Ocio y Tiempo Libre\"},\"image\":{\"@id\":\"https:\\\/\\\/natuaventura.com\\\/en\\\/#\\\/schema\\\/logo\\\/image\\\/\"},\"sameAs\":[\"https:\\\/\\\/www.facebook.com\\\/NatuaventuraOcioTiempoLibre\\\/\"]}]}<\/script>\n<!-- \/ Yoast SEO Premium plugin. -->","yoast_head_json":{"title":"Viajes de fin de curso urbanos, seguridad y diversi\u00f3n || Natuaventura","description":"Viajes de fin de curso urbanos: seguridad, diversi\u00f3n y disfrutar de todas las opciones que esta pone a su disposici\u00f3n \u00a1es una gran oportunidad!","robots":{"index":"index","follow":"follow","max-snippet":"max-snippet:-1","max-image-preview":"max-image-preview:large","max-video-preview":"max-video-preview:-1"},"canonical":"https:\/\/natuaventura.com\/en\/viajes-de-fin-de-curso-urbanos\/","og_locale":"en_GB","og_type":"article","og_title":"Urban School Trips","og_description":"Viajes de fin de curso urbanos: seguridad, diversi\u00f3n y disfrutar de todas las opciones que esta pone a su disposici\u00f3n \u00a1es una gran oportunidad!","og_url":"https:\/\/natuaventura.com\/en\/viajes-de-fin-de-curso-urbanos\/","og_site_name":"Natuaventura","article_publisher":"https:\/\/www.facebook.com\/NatuaventuraOcioTiempoLibre\/","article_modified_time":"2026-04-15T22:51:49+00:00","og_image":[{"width":799,"height":480,"url":"https:\/\/natuaventura.com\/en\/wp-content\/uploads\/2020\/07\/ViajesfindecursoUrbano-799x480-1.jpg","type":"image\/jpeg"}],"twitter_card":"summary_large_image","twitter_misc":{"Est. reading time":"4 minutes"},"schema":{"@context":"https:\/\/schema.org","@graph":[{"@type":"WebPage","@id":"https:\/\/natuaventura.com\/en\/viajes-de-fin-de-curso-urbanos\/","url":"https:\/\/natuaventura.com\/en\/viajes-de-fin-de-curso-urbanos\/","name":"Viajes de fin de curso urbanos, seguridad y diversi\u00f3n || Natuaventura","isPartOf":{"@id":"https:\/\/natuaventura.com\/en\/#website"},"primaryImageOfPage":{"@id":"https:\/\/natuaventura.com\/en\/viajes-de-fin-de-curso-urbanos\/#primaryimage"},"image":{"@id":"https:\/\/natuaventura.com\/en\/viajes-de-fin-de-curso-urbanos\/#primaryimage"},"thumbnailUrl":"https:\/\/natuaventura.com\/en\/wp-content\/uploads\/2020\/07\/ViajesfindecursoUrbano-799x480-1.jpg","datePublished":"2020-07-24T23:55:42+00:00","dateModified":"2026-04-15T22:51:49+00:00","description":"Viajes de fin de curso urbanos: seguridad, diversi\u00f3n y disfrutar de todas las opciones que esta pone a su disposici\u00f3n \u00a1es una gran oportunidad!","breadcrumb":{"@id":"https:\/\/natuaventura.com\/en\/viajes-de-fin-de-curso-urbanos\/#breadcrumb"},"inLanguage":"en-GB","potentialAction":[{"@type":"ReadAction","target":["https:\/\/natuaventura.com\/en\/viajes-de-fin-de-curso-urbanos\/"]}]},{"@type":"ImageObject","inLanguage":"en-GB","@id":"https:\/\/natuaventura.com\/en\/viajes-de-fin-de-curso-urbanos\/#primaryimage","url":"https:\/\/natuaventura.com\/en\/wp-content\/uploads\/2020\/07\/ViajesfindecursoUrbano-799x480-1.jpg","contentUrl":"https:\/\/natuaventura.com\/en\/wp-content\/uploads\/2020\/07\/ViajesfindecursoUrbano-799x480-1.jpg","width":799,"height":480},{"@type":"BreadcrumbList","@id":"https:\/\/natuaventura.com\/en\/viajes-de-fin-de-curso-urbanos\/#breadcrumb","itemListElement":[{"@type":"ListItem","position":1,"name":"Portada","item":"https:\/\/natuaventura.com\/en\/"},{"@type":"ListItem","position":2,"name":"Urban School Trips"}]},{"@type":"WebSite","@id":"https:\/\/natuaventura.com\/en\/#website","url":"https:\/\/natuaventura.com\/en\/","name":"Campamentos de verano y Viajes fin de curso 2025 - Natuaventura","description":"Summer Camps in Spain 2026 and School Trips to Spain","publisher":{"@id":"https:\/\/natuaventura.com\/en\/#organization"},"potentialAction":[{"@type":"SearchAction","target":{"@type":"EntryPoint","urlTemplate":"https:\/\/natuaventura.com\/en\/?s={search_term_string}"},"query-input":{"@type":"PropertyValueSpecification","valueRequired":true,"valueName":"search_term_string"}}],"inLanguage":"en-GB"},{"@type":"Organization","@id":"https:\/\/natuaventura.com\/en\/#organization","name":"Natuaventura Ocio y Tiempo Libre","url":"https:\/\/natuaventura.com\/en\/","logo":{"@type":"ImageObject","inLanguage":"en-GB","@id":"https:\/\/natuaventura.com\/en\/#\/schema\/logo\/image\/","url":"https:\/\/natuaventura.com\/en\/wp-content\/uploads\/2016\/04\/propuesta-logo.png","contentUrl":"https:\/\/natuaventura.com\/en\/wp-content\/uploads\/2016\/04\/propuesta-logo.png","width":604,"height":175,"caption":"Natuaventura Ocio y Tiempo Libre"},"image":{"@id":"https:\/\/natuaventura.com\/en\/#\/schema\/logo\/image\/"},"sameAs":["https:\/\/www.facebook.com\/NatuaventuraOcioTiempoLibre\/"]}]}},"_links":{"self":[{"href":"https:\/\/natuaventura.com\/en\/wp-json\/wp\/v2\/pages\/12368","targetHints":{"allow":["GET"]}}],"collection":[{"href":"https:\/\/natuaventura.com\/en\/wp-json\/wp\/v2\/pages"}],"about":[{"href":"https:\/\/natuaventura.com\/en\/wp-json\/wp\/v2\/types\/page"}],"author":[{"embeddable":true,"href":"https:\/\/natuaventura.com\/en\/wp-json\/wp\/v2\/users\/36"}],"replies":[{"embeddable":true,"href":"https:\/\/natuaventura.com\/en\/wp-json\/wp\/v2\/comments?post=12368"}],"version-history":[{"count":2,"href":"https:\/\/natuaventura.com\/en\/wp-json\/wp\/v2\/pages\/12368\/revisions"}],"predecessor-version":[{"id":42975,"href":"https:\/\/natuaventura.com\/en\/wp-json\/wp\/v2\/pages\/12368\/revisions\/42975"}],"wp:featuredmedia":[{"embeddable":true,"href":"https:\/\/natuaventura.com\/en\/wp-json\/wp\/v2\/media\/12371"}],"wp:attachment":[{"href":"https:\/\/natuaventura.com\/en\/wp-json\/wp\/v2\/media?parent=12368"}],"wp:term":[{"taxonomy":"category","embeddable":true,"href":"https:\/\/natuaventura.com\/en\/wp-json\/wp\/v2\/categories?post=12368"},{"taxonomy":"post_tag","embeddable":true,"href":"https:\/\/natuaventura.com\/en\/wp-json\/wp\/v2\/tags?post=12368"}],"curies":[{"name":"wp","href":"https:\/\/api.w.org\/{rel}","templated":true}]}}