{"id":130,"date":"2020-05-06T22:36:19","date_gmt":"2020-05-06T22:36:19","guid":{"rendered":"http:\/\/natuaventura.com\/?page_id=130"},"modified":"2025-11-07T11:11:58","modified_gmt":"2025-11-07T11:11:58","slug":"csr","status":"publish","type":"page","link":"https:\/\/natuaventura.com\/en\/csr\/","title":{"rendered":"CSR"},"content":{"rendered":"<div class=\"slider-wrapper relative\" id=\"slider-443635862\" >\n    <div class=\"slider slider-nav-circle slider-nav-large slider-nav-light slider-style-normal\"\n        data-flickity-options='{\n            \"cellAlign\": \"center\",\n            \"imagesLoaded\": true,\n            \"lazyLoad\": 1,\n            \"freeScroll\": false,\n            \"wrapAround\": false,\n            \"autoPlay\": 6000,\n            \"pauseAutoPlayOnHover\" : true,\n            \"prevNextButtons\": false,\n            \"contain\" : true,\n            \"adaptiveHeight\" : true,\n            \"dragThreshold\" : 10,\n            \"percentPosition\": true,\n            \"pageDots\": false,\n            \"rightToLeft\": false,\n            \"draggable\": false,\n            \"selectedAttraction\": 0.1,\n            \"parallax\" : 0,\n            \"friction\": 0.6        }'\n        >\n        \n\n  <div class=\"banner has-hover\" id=\"banner-2136589886\">\n          <div class=\"banner-inner fill\">\n        <div class=\"banner-bg fill\" >\n            <img loading=\"lazy\" decoding=\"async\" width=\"1800\" height=\"1200\" src=\"https:\/\/natuaventura.com\/en\/wp-content\/uploads\/2016\/05\/23898537084_02e68d7f66_k.jpg\" class=\"bg attachment-original size-original\" alt=\"\" \/>                                    \n                    <\/div>\n\t\t\n        <div class=\"banner-layers container\">\n            <div class=\"fill banner-link\"><\/div>            \n        <\/div>\n      <\/div>\n\n            \n<style>\n#banner-2136589886 {\n  padding-top: 500px;\n}\n#banner-2136589886 .banner-bg img {\n  object-position: 46% 58%;\n}\n<\/style>\n  <\/div>\n\n\n     <\/div>\n\n     <div class=\"loading-spin dark large centered\"><\/div>\n\n\t<\/div>\n\n\n  <div id=\"page-header-1027073968\" class=\"page-header-wrapper\">\n  <div class=\"page-title dark featured-title\">\n\n    \n    <div class=\"page-title-inner container align-center flex-row medium-flex-wrap\" >\n              <div class=\"title-wrapper flex-col text-left medium-text-center\">\n          <h1 class=\"entry-title mb-0\">\n            CSR - Corporate Social Responsibility          <\/h1>\n        <\/div>\n                    <div class=\"title-content flex-col flex-right text-right medium-text-center\">\n        <div class=\"title-breadcrumbs pb-half pt-half\"><\/div>      <\/div>\n    <\/div>\n\n       <\/div>\n    <\/div>\n  \n<div class=\"row\"  id=\"row-1298376271\">\n\n\t<div id=\"col-909425698\" class=\"col small-12 large-12\"  >\n\t\t\t\t<div class=\"col-inner\"  >\n\t\t\t\n\t\t\t\n<p>Since 2011 Natuaventura has organised, together with the Khanimambo Foundation, a summer camp in Mozambique for the children of the foundation. Thanks to your support and the effort of the monitors who volunteer, every year 300 children experience a genuine summer camp.<\/p>\n\t\t<\/div>\n\t\t\t\t\t<\/div>\n\n\t\n\n<style>\n#row-1298376271 > .col > .col-inner {\n  padding: 20px 0px 0px 0px;\n}\n<\/style>\n<\/div>\n\n\t<section class=\"section\" id=\"section_1047318488\">\n\t\t<div class=\"section-bg fill\" >\n\t\t\t\t\t\t\t\t\t\n\t\t\t\n\n\t\t<\/div>\n\n\t\t\n\n\t\t<div class=\"section-content relative\">\n\t\t\t\n<div class=\"row\"  id=\"row-815987124\">\n\n\t<div id=\"col-1586789474\" class=\"col small-12 large-12\"  >\n\t\t\t\t<div class=\"col-inner\"  >\n\t\t\t\n\t\t\t\n\t<div class=\"box has-hover tarjeta-blog  has-hover box-shadow-2 box-text-bottom\" >\n\n\t\t<div class=\"box-image\" >\n\t\t\t<a href=\"\/servicios\/rsc\/campamento-de-verano-mozambique\/\" >\t\t\t<div class=\"image-cover\" style=\"padding-top:56.25%;\">\n\t\t\t\t<img loading=\"lazy\" decoding=\"async\" width=\"1800\" height=\"1200\" src=\"https:\/\/natuaventura.com\/en\/wp-content\/uploads\/2016\/05\/23898537084_02e68d7f66_k.jpg\" class=\"attachment- size-\" alt=\"\" srcset=\"https:\/\/natuaventura.com\/en\/wp-content\/uploads\/2016\/05\/23898537084_02e68d7f66_k.jpg 1800w, https:\/\/natuaventura.com\/en\/wp-content\/uploads\/2016\/05\/23898537084_02e68d7f66_k-300x200.jpg 300w, https:\/\/natuaventura.com\/en\/wp-content\/uploads\/2016\/05\/23898537084_02e68d7f66_k-1024x683.jpg 1024w, https:\/\/natuaventura.com\/en\/wp-content\/uploads\/2016\/05\/23898537084_02e68d7f66_k-768x512.jpg 768w, https:\/\/natuaventura.com\/en\/wp-content\/uploads\/2016\/05\/23898537084_02e68d7f66_k-1536x1024.jpg 1536w\" sizes=\"auto, (max-width: 1800px) 100vw, 1800px\" \/>\t\t\t\t\t\t\t\t\t\t\t<\/div>\n\t\t\t<\/a>\t\t<\/div>\n\n\t\t<div class=\"box-text text-left\" style=\"padding:20px 20px 20px 20px;\">\n\t\t\t<div class=\"box-text-inner\">\n\t\t\t\t\n<p style=\"text-align: center;\"><span style=\"font-size: 120%;\"><a href=\"\/servicios\/rsc\/campamento-de-verano-mozambique\/\"><strong>Khanimambo Camp<\/strong><\/a><\/span><\/p>\n<p style=\"text-align: center;\">Help us run a summer camp in Mozambique <strong>We&#8217;re in this together!<\/strong><\/p>\n<a href=\"\/servicios\/rsc\/campamento-de-verano-mozambique\/\" class=\"button secondary expand\" >\n\t\t<span>Find out more<\/span>\n\t<\/a>\n\n\t\t\t<\/div>\n\t\t<\/div>\n\t<\/div>\n\t\n\t\t<\/div>\n\t\t\t\t\n<style>\n#col-1586789474 > .col-inner {\n  margin: -40px 0px 0px 0px;\n}\n<\/style>\n\t<\/div>\n\n\t\n\n<style>\n#row-815987124 > .col > .col-inner {\n  padding: 0px 0px 0px 0px;\n}\n<\/style>\n<\/div>\n\t\t<\/div>\n\n\t\t\n<style>\n#section_1047318488 {\n  padding-top: 30px;\n  padding-bottom: 30px;\n}\n<\/style>\n\t<\/section>\n\t\n<div class=\"row\"  id=\"row-986492293\">\n\n\t<div id=\"col-495327590\" class=\"col small-12 large-12\"  >\n\t\t\t\t<div class=\"col-inner\"  >\n\t\t\t\n\t\t\t\n<h2 class=\"main-heading\" style=\"text-align: center;\"><strong><span style=\"font-size: 120%;\">Not all heroines wear a cape. This one wears a smile.<\/span><\/strong><\/h2>\n\t<div class=\"img has-hover x md-x lg-x y md-y lg-y\" id=\"image_1336229623\">\n\t\t\t\t\t\t\t\t<div class=\"img-inner dark\" >\n\t\t\t<img loading=\"lazy\" decoding=\"async\" width=\"600\" height=\"399\" src=\"https:\/\/natuaventura.com\/en\/wp-content\/uploads\/2019\/11\/rsc-voluntariado-mozambique.jpg\" class=\"attachment-large size-large\" alt=\"\" srcset=\"https:\/\/natuaventura.com\/en\/wp-content\/uploads\/2019\/11\/rsc-voluntariado-mozambique.jpg 600w, https:\/\/natuaventura.com\/en\/wp-content\/uploads\/2019\/11\/rsc-voluntariado-mozambique-300x200.jpg 300w\" sizes=\"auto, (max-width: 600px) 100vw, 600px\" \/>\t\t\t\t\t\t\n\t\t\t\t\t<\/div>\n\t\t\t\t\t\t\t\t\n<style>\n#image_1336229623 {\n  width: 100%;\n}\n<\/style>\n\t<\/div>\n\t\n<h3>Summer camp in Mozambique<\/h3>\n<p><em>A letter received from <strong>Jorge Duce Mar\u00edn (T\u00edo Duce)<\/strong>. Monitor at Natuaventura and Coordinator of the Khanimambo Summer Programme on two occasions.<\/em><\/p>\n<p>Much like what we might call a &#8220;modern-day proverb&#8221;, the phrase &#8220;not all heroes wear a cape&#8221; has become a universally understood expression for referring to all those people who, through their everyday work or a specific action, deserve to be called &#8220;heroes&#8221;. I myself have always seen my own mother as a heroine without a cape, for the way she carries out her demanding work at a care centre for people with disabilities, and for finding the energy \u2014 even as it grows harder \u2014 for so much more besides.<\/p>\n\t<div class=\"img has-hover x md-x lg-x y md-y lg-y\" id=\"image_827554144\">\n\t\t\t\t\t\t\t\t<div class=\"img-inner dark\" >\n\t\t\t<img loading=\"lazy\" decoding=\"async\" width=\"960\" height=\"639\" src=\"https:\/\/natuaventura.com\/en\/wp-content\/uploads\/2019\/11\/voluntariado-rsc.jpg\" class=\"attachment-large size-large\" alt=\"\" srcset=\"https:\/\/natuaventura.com\/en\/wp-content\/uploads\/2019\/11\/voluntariado-rsc.jpg 960w, https:\/\/natuaventura.com\/en\/wp-content\/uploads\/2019\/11\/voluntariado-rsc-300x200.jpg 300w, https:\/\/natuaventura.com\/en\/wp-content\/uploads\/2019\/11\/voluntariado-rsc-768x511.jpg 768w\" sizes=\"auto, (max-width: 960px) 100vw, 960px\" \/>\t\t\t\t\t\t\n\t\t\t\t\t<\/div>\n\t\t\t\t\t\t\t\t\n<style>\n#image_827554144 {\n  width: 100%;\n}\n<\/style>\n\t<\/div>\n\t\n<h3>Celebrating Khanimambo&#8217;s tenth anniversary<\/h3>\n<p>When thinking about the celebration of Khanimambo&#8217;s tenth anniversary, I have mentally revisited some of my memories in Praia de Xai-Xai with the children and colleagues of the Foundation, as well as with the families and all those who are part of both that wonderful community and Khanimambo. And with all of that swirling around in my head, I decided to write a few words explaining why Alexia is, without doubt, one of those heroines who needs no cape; she simply does not need one. Alexia possesses all the powers that any great superhero requires, and something that sets her apart from the gloomy, tortured characters who typically embody them: a smile that is always with her and that conveys far more than she herself realises.<\/p>\n<p>Alexia does not fly; but she has made many young people \u2014 young now, children back then \u2014 from Mozambique fly higher than they could ever have imagined, and, hard as it may sound, achieve goals they would never have reached without the help of Khanimambo. Their dreams take flight because they now know they can accomplish whatever they set their minds to. And why not literally fly, on a plane, on the way to fulfilling the dream of studying in Spain, as Ernesto did a few months ago.<\/p>\n\t\t<\/div>\n\t\t\t\t\n<style>\n#col-495327590 > .col-inner {\n  padding: px 0px 0px 0px;\n  margin: -40px 0px 0px 0px;\n}\n<\/style>\n\t<\/div>\n\n\t\n\n\t<div id=\"col-1861734242\" class=\"col medium-5 small-12 large-5\"  >\n\t\t\t\t<div class=\"col-inner\"  >\n\t\t\t\n\t\t\t\n\t<div class=\"img has-hover x md-x lg-x y md-y lg-y\" id=\"image_1003261316\">\n\t\t\t\t\t\t\t\t<div class=\"img-inner dark\" >\n\t\t\t<img loading=\"lazy\" decoding=\"async\" width=\"600\" height=\"800\" src=\"https:\/\/natuaventura.com\/en\/wp-content\/uploads\/2019\/11\/rsc-voluntariado.jpeg\" class=\"attachment-large size-large\" alt=\"\" srcset=\"https:\/\/natuaventura.com\/en\/wp-content\/uploads\/2019\/11\/rsc-voluntariado.jpeg 600w, https:\/\/natuaventura.com\/en\/wp-content\/uploads\/2019\/11\/rsc-voluntariado-225x300.jpeg 225w\" sizes=\"auto, (max-width: 600px) 100vw, 600px\" \/>\t\t\t\t\t\t\n\t\t\t\t\t<\/div>\n\t\t\t\t\t\t\t\t\n<style>\n#image_1003261316 {\n  width: 100%;\n}\n<\/style>\n\t<\/div>\n\t\n\t\t<\/div>\n\t\t\t\t\t<\/div>\n\n\t\n\n\t<div id=\"col-1652378645\" class=\"col medium-7 small-12 large-7\"  >\n\t\t\t\t<div class=\"col-inner\"  >\n\t\t\t\n\t\t\t\n<p>Alexia does not have the superhuman strength that some comic-book heroes boast; but she has more inner strength than any of them. A strength that has carried her through ten years of bumps, problems, obstacles and hardships that have come her way \u2014 and there have been no shortage of them. And she has faced all of it with the smile and composure she always shows. Or the strength \u2014 some might call it love \u2014 to fight to the very end for Rael, &#8220;the apple of her eye&#8221;.<\/p>\n<p>Alexia has no supervision of any kind; but her sharp instinct and knowledge of Xai-Xai allow her to detect the problems of many of Khanimambo&#8217;s godchildren without anyone having to tell her. And problems in Mozambique tend to be real problems, not like the ones we face here in Spain, so discovering them and anticipating them is, without doubt, another of her powers.<\/p>\n\t\t<\/div>\n\t\t\t\t\t<\/div>\n\n\t\n\n\t<div id=\"col-1783032057\" class=\"col small-12 large-12\"  >\n\t\t\t\t<div class=\"col-inner\"  >\n\t\t\t\n\t\t\t\n<h3>The true driving force behind everything Khanimambo achieves<\/h3>\n<p>Alexia does possess one of the qualities these characters sometimes embody: humility as her banner. Even now, at the Foundation&#8217;s tenth anniversary, she has not had a single moment or word of self-congratulation. She has not presented herself as the true driving force behind everything Khanimambo achieves, nor has she thought \u2014 nothing could be further from the truth \u2014 that she has already covered most of the journey. On the contrary, she only thinks about how to help more people and more widely. And all of this with that humility that makes her want to stay close to everyone who forms part of Khanimambo in one way or another: from the volunteers to the sponsors, from the families to each individual child. A humility that is also shared and passed on to all the children of the Foundation, so that they understand that without it, they will not go as far as they think.<\/p>\n<p>Alexia has no cape, no, but she does not need one. Nobody in Praia de Xai-Xai doubts that she is a heroine \u2014 someone who, ten years ago, left everything behind to go to Mozambique and has changed the lives of hundreds of people there. Nobody who has been to the Khanimambo Foundation and has seen first-hand the work this NGO does will doubt it either, just as those who have witnessed the energy and passion Alexia radiates when she talks about the children of Khanimambo. Alexia has no cape, but she is a heroine from head to toe. I have never met another like her. And since we are talking about children, as they themselves would say&#8230; &#8220;On behalf of myself and all my fellow campers, THANK YOU, HEROINE&#8221;.<\/p>\n\t\t<\/div>\n\t\t\t\t\t<\/div>\n\n\t\n\n<style>\n#row-986492293 > .col > .col-inner {\n  padding: 0 0px 0px 0px;\n}\n<\/style>\n<\/div>\n","protected":false},"excerpt":{"rendered":"","protected":false},"author":36,"featured_media":0,"parent":0,"menu_order":7,"comment_status":"closed","ping_status":"closed","template":"page-blank.php","meta":{"footnotes":""},"categories":[],"tags":[],"class_list":["post-130","page","type-page","status-publish","hentry"],"yoast_head":"<!-- This site is optimized with the Yoast SEO Premium plugin v27.3 (Yoast SEO v27.3) - https:\/\/yoast.com\/product\/yoast-seo-premium-wordpress\/ -->\n<title>Campamento de Verano en Mozambique | Natuaventura y Khanimambo<\/title>\n<meta name=\"description\" content=\"Cada a\u00f1o organizamos un campamento de verano Mozambique para los ni\u00f1os de la Fundaci\u00f3n Khanimambo. \u00bfQuieres saber m\u00e1s sobre este proyecto?\" \/>\n<meta name=\"robots\" content=\"index, follow, max-snippet:-1, max-image-preview:large, max-video-preview:-1\" \/>\n<link rel=\"canonical\" href=\"https:\/\/natuaventura.com\/en\/rsc\/\" \/>\n<meta property=\"og:locale\" content=\"en_GB\" \/>\n<meta property=\"og:type\" content=\"article\" \/>\n<meta property=\"og:title\" content=\"CSR\" \/>\n<meta property=\"og:description\" content=\"Cada a\u00f1o organizamos un campamento de verano Mozambique para los ni\u00f1os de la Fundaci\u00f3n Khanimambo. \u00bfQuieres saber m\u00e1s sobre este proyecto?\" \/>\n<meta property=\"og:url\" content=\"https:\/\/natuaventura.com\/en\/rsc\/\" \/>\n<meta property=\"og:site_name\" content=\"Natuaventura\" \/>\n<meta property=\"article:publisher\" content=\"https:\/\/www.facebook.com\/NatuaventuraOcioTiempoLibre\/\" \/>\n<meta property=\"article:modified_time\" content=\"2025-11-07T11:11:58+00:00\" \/>\n<meta name=\"twitter:card\" content=\"summary_large_image\" \/>\n<meta name=\"twitter:label1\" content=\"Est. reading time\" \/>\n\t<meta name=\"twitter:data1\" content=\"5 minutes\" \/>\n<script type=\"application\/ld+json\" class=\"yoast-schema-graph\">{\"@context\":\"https:\\\/\\\/schema.org\",\"@graph\":[{\"@type\":\"WebPage\",\"@id\":\"https:\\\/\\\/natuaventura.com\\\/en\\\/rsc\\\/\",\"url\":\"https:\\\/\\\/natuaventura.com\\\/en\\\/rsc\\\/\",\"name\":\"Campamento de Verano en Mozambique | Natuaventura y Khanimambo\",\"isPartOf\":{\"@id\":\"https:\\\/\\\/natuaventura.com\\\/en\\\/#website\"},\"datePublished\":\"2020-05-06T22:36:19+00:00\",\"dateModified\":\"2025-11-07T11:11:58+00:00\",\"description\":\"Cada a\u00f1o organizamos un campamento de verano Mozambique para los ni\u00f1os de la Fundaci\u00f3n Khanimambo. \u00bfQuieres saber m\u00e1s sobre este proyecto?\",\"breadcrumb\":{\"@id\":\"https:\\\/\\\/natuaventura.com\\\/en\\\/rsc\\\/#breadcrumb\"},\"inLanguage\":\"en-GB\",\"potentialAction\":[{\"@type\":\"ReadAction\",\"target\":[\"https:\\\/\\\/natuaventura.com\\\/en\\\/rsc\\\/\"]}]},{\"@type\":\"BreadcrumbList\",\"@id\":\"https:\\\/\\\/natuaventura.com\\\/en\\\/rsc\\\/#breadcrumb\",\"itemListElement\":[{\"@type\":\"ListItem\",\"position\":1,\"name\":\"Portada\",\"item\":\"https:\\\/\\\/natuaventura.com\\\/en\\\/\"},{\"@type\":\"ListItem\",\"position\":2,\"name\":\"RSC\"}]},{\"@type\":\"WebSite\",\"@id\":\"https:\\\/\\\/natuaventura.com\\\/en\\\/#website\",\"url\":\"https:\\\/\\\/natuaventura.com\\\/en\\\/\",\"name\":\"Campamentos de verano y Viajes fin de curso 2025 - Natuaventura\",\"description\":\"Summer Camps in Spain 2026 and School Trips to Spain\",\"publisher\":{\"@id\":\"https:\\\/\\\/natuaventura.com\\\/en\\\/#organization\"},\"potentialAction\":[{\"@type\":\"SearchAction\",\"target\":{\"@type\":\"EntryPoint\",\"urlTemplate\":\"https:\\\/\\\/natuaventura.com\\\/en\\\/?s={search_term_string}\"},\"query-input\":{\"@type\":\"PropertyValueSpecification\",\"valueRequired\":true,\"valueName\":\"search_term_string\"}}],\"inLanguage\":\"en-GB\"},{\"@type\":\"Organization\",\"@id\":\"https:\\\/\\\/natuaventura.com\\\/en\\\/#organization\",\"name\":\"Natuaventura Ocio y Tiempo Libre\",\"url\":\"https:\\\/\\\/natuaventura.com\\\/en\\\/\",\"logo\":{\"@type\":\"ImageObject\",\"inLanguage\":\"en-GB\",\"@id\":\"https:\\\/\\\/natuaventura.com\\\/en\\\/#\\\/schema\\\/logo\\\/image\\\/\",\"url\":\"https:\\\/\\\/natuaventura.com\\\/en\\\/wp-content\\\/uploads\\\/2016\\\/04\\\/propuesta-logo.png\",\"contentUrl\":\"https:\\\/\\\/natuaventura.com\\\/en\\\/wp-content\\\/uploads\\\/2016\\\/04\\\/propuesta-logo.png\",\"width\":604,\"height\":175,\"caption\":\"Natuaventura Ocio y Tiempo Libre\"},\"image\":{\"@id\":\"https:\\\/\\\/natuaventura.com\\\/en\\\/#\\\/schema\\\/logo\\\/image\\\/\"},\"sameAs\":[\"https:\\\/\\\/www.facebook.com\\\/NatuaventuraOcioTiempoLibre\\\/\"]}]}<\/script>\n<!-- \/ Yoast SEO Premium plugin. -->","yoast_head_json":{"title":"Campamento de Verano en Mozambique | Natuaventura y Khanimambo","description":"Cada a\u00f1o organizamos un campamento de verano Mozambique para los ni\u00f1os de la Fundaci\u00f3n Khanimambo. \u00bfQuieres saber m\u00e1s sobre este proyecto?","robots":{"index":"index","follow":"follow","max-snippet":"max-snippet:-1","max-image-preview":"max-image-preview:large","max-video-preview":"max-video-preview:-1"},"canonical":"https:\/\/natuaventura.com\/en\/rsc\/","og_locale":"en_GB","og_type":"article","og_title":"CSR","og_description":"Cada a\u00f1o organizamos un campamento de verano Mozambique para los ni\u00f1os de la Fundaci\u00f3n Khanimambo. \u00bfQuieres saber m\u00e1s sobre este proyecto?","og_url":"https:\/\/natuaventura.com\/en\/rsc\/","og_site_name":"Natuaventura","article_publisher":"https:\/\/www.facebook.com\/NatuaventuraOcioTiempoLibre\/","article_modified_time":"2025-11-07T11:11:58+00:00","twitter_card":"summary_large_image","twitter_misc":{"Est. reading time":"5 minutes"},"schema":{"@context":"https:\/\/schema.org","@graph":[{"@type":"WebPage","@id":"https:\/\/natuaventura.com\/en\/rsc\/","url":"https:\/\/natuaventura.com\/en\/rsc\/","name":"Campamento de Verano en Mozambique | Natuaventura y Khanimambo","isPartOf":{"@id":"https:\/\/natuaventura.com\/en\/#website"},"datePublished":"2020-05-06T22:36:19+00:00","dateModified":"2025-11-07T11:11:58+00:00","description":"Cada a\u00f1o organizamos un campamento de verano Mozambique para los ni\u00f1os de la Fundaci\u00f3n Khanimambo. \u00bfQuieres saber m\u00e1s sobre este proyecto?","breadcrumb":{"@id":"https:\/\/natuaventura.com\/en\/rsc\/#breadcrumb"},"inLanguage":"en-GB","potentialAction":[{"@type":"ReadAction","target":["https:\/\/natuaventura.com\/en\/rsc\/"]}]},{"@type":"BreadcrumbList","@id":"https:\/\/natuaventura.com\/en\/rsc\/#breadcrumb","itemListElement":[{"@type":"ListItem","position":1,"name":"Portada","item":"https:\/\/natuaventura.com\/en\/"},{"@type":"ListItem","position":2,"name":"RSC"}]},{"@type":"WebSite","@id":"https:\/\/natuaventura.com\/en\/#website","url":"https:\/\/natuaventura.com\/en\/","name":"Campamentos de verano y Viajes fin de curso 2025 - Natuaventura","description":"Summer Camps in Spain 2026 and School Trips to Spain","publisher":{"@id":"https:\/\/natuaventura.com\/en\/#organization"},"potentialAction":[{"@type":"SearchAction","target":{"@type":"EntryPoint","urlTemplate":"https:\/\/natuaventura.com\/en\/?s={search_term_string}"},"query-input":{"@type":"PropertyValueSpecification","valueRequired":true,"valueName":"search_term_string"}}],"inLanguage":"en-GB"},{"@type":"Organization","@id":"https:\/\/natuaventura.com\/en\/#organization","name":"Natuaventura Ocio y Tiempo Libre","url":"https:\/\/natuaventura.com\/en\/","logo":{"@type":"ImageObject","inLanguage":"en-GB","@id":"https:\/\/natuaventura.com\/en\/#\/schema\/logo\/image\/","url":"https:\/\/natuaventura.com\/en\/wp-content\/uploads\/2016\/04\/propuesta-logo.png","contentUrl":"https:\/\/natuaventura.com\/en\/wp-content\/uploads\/2016\/04\/propuesta-logo.png","width":604,"height":175,"caption":"Natuaventura Ocio y Tiempo Libre"},"image":{"@id":"https:\/\/natuaventura.com\/en\/#\/schema\/logo\/image\/"},"sameAs":["https:\/\/www.facebook.com\/NatuaventuraOcioTiempoLibre\/"]}]}},"_links":{"self":[{"href":"https:\/\/natuaventura.com\/en\/wp-json\/wp\/v2\/pages\/130","targetHints":{"allow":["GET"]}}],"collection":[{"href":"https:\/\/natuaventura.com\/en\/wp-json\/wp\/v2\/pages"}],"about":[{"href":"https:\/\/natuaventura.com\/en\/wp-json\/wp\/v2\/types\/page"}],"author":[{"embeddable":true,"href":"https:\/\/natuaventura.com\/en\/wp-json\/wp\/v2\/users\/36"}],"replies":[{"embeddable":true,"href":"https:\/\/natuaventura.com\/en\/wp-json\/wp\/v2\/comments?post=130"}],"version-history":[{"count":2,"href":"https:\/\/natuaventura.com\/en\/wp-json\/wp\/v2\/pages\/130\/revisions"}],"predecessor-version":[{"id":41167,"href":"https:\/\/natuaventura.com\/en\/wp-json\/wp\/v2\/pages\/130\/revisions\/41167"}],"wp:attachment":[{"href":"https:\/\/natuaventura.com\/en\/wp-json\/wp\/v2\/media?parent=130"}],"wp:term":[{"taxonomy":"category","embeddable":true,"href":"https:\/\/natuaventura.com\/en\/wp-json\/wp\/v2\/categories?post=130"},{"taxonomy":"post_tag","embeddable":true,"href":"https:\/\/natuaventura.com\/en\/wp-json\/wp\/v2\/tags?post=130"}],"curies":[{"name":"wp","href":"https:\/\/api.w.org\/{rel}","templated":true}]}}