{"id":18742,"date":"2021-10-08T16:36:33","date_gmt":"2021-10-08T16:36:33","guid":{"rendered":"https:\/\/natuaventura.com\/en\/?page_id=18742"},"modified":"2025-09-18T07:15:53","modified_gmt":"2025-09-18T07:15:53","slug":"viaje-de-esqui-navidad-astun","status":"publish","type":"page","link":"https:\/\/natuaventura.com\/en\/servicios\/viajes-de-esqui-en-familia\/viaje-de-esqui-navidad-astun\/","title":{"rendered":""},"content":{"rendered":"<div class=\"row row-full-width\"  id=\"row-1792437423\">\n\n\t<div id=\"col-413756089\" class=\"col width-plantilla medium-5 small-12 large-5\"  >\n\t\t\t\t<div class=\"col-inner\"  >\n\t\t\t\n\t\t\t\n\t<div class=\"img has-hover x md-x lg-x y md-y lg-y\" id=\"image_256630863\">\n\t\t\t\t\t\t\t\t<div class=\"img-inner image-cover dark\" style=\"padding-top:100%;\">\n\t\t\t<img loading=\"lazy\" decoding=\"async\" width=\"2048\" height=\"1365\" src=\"https:\/\/natuaventura.com\/en\/wp-content\/uploads\/2020\/09\/esqui-adultos.jpg\" class=\"attachment-original size-original\" alt=\"Viaje de esqu\u00ed Semana Santa Ast\u00fan\" srcset=\"https:\/\/natuaventura.com\/en\/wp-content\/uploads\/2020\/09\/esqui-adultos.jpg 2048w, https:\/\/natuaventura.com\/en\/wp-content\/uploads\/2020\/09\/esqui-adultos-300x200.jpg 300w, https:\/\/natuaventura.com\/en\/wp-content\/uploads\/2020\/09\/esqui-adultos-1024x683.jpg 1024w, https:\/\/natuaventura.com\/en\/wp-content\/uploads\/2020\/09\/esqui-adultos-768x512.jpg 768w, https:\/\/natuaventura.com\/en\/wp-content\/uploads\/2020\/09\/esqui-adultos-1536x1024.jpg 1536w\" sizes=\"auto, (max-width: 2048px) 100vw, 2048px\" \/>\t\t\t\t\t\t\n\t\t\t\t\t<\/div>\n\t\t\t\t\t\t\t\t\n<style>\n#image_256630863 {\n  width: 100%;\n}\n<\/style>\n\t<\/div>\n\t\n\t\t<\/div>\n\t\t\t\t\t<\/div>\n\n\t\n\n\t<div id=\"col-1116564716\" class=\"col medium-7 small-12 large-7\"  >\n\t\t\t\t<div class=\"col-inner\"  >\n\t\t\t\n\t\t\t\n<div class=\"row\"  id=\"row-780200763\">\n\n\t<div id=\"col-1568120367\" class=\"col small-12 large-12\"  >\n\t\t\t\t<div class=\"col-inner\"  >\n\t\t\t\n\t\t\t\n<h1 style=\"text-align: center; font-size: 36px;\">CHRISTMAS SKI TRIP<br \/><span data-text-color=\"primary\">Ast\u00fan<\/span><\/h1>\n<p style=\"text-align: center;\"><b>26 to 30 December 2023<\/b><br \/><b>4 nights and 4 ski days<\/b><\/p>\n<p><!--<span data-text-color=\"alert\">Unaccompanied minors welcome \u2013 We have ski instructors and free time supervision 24 hours<\/span>--><\/p>\n<h2 style=\"text-align: center;\"><strong>Hotel Villa de Canfranc<\/strong><\/h2>\n<table class=\"margin-auto\" style=\"width: 100%;\">\n<tbody>\n<tr>\n<td>\n<p class=\"black-title margin0\" style=\"text-align: center;\">Children 3 to 13 years*<\/p>\n<\/td>\n<td class=\"padding-left\">\n<p class=\"black-title margin0\" style=\"text-align: center;\">Adults<\/p>\n<\/td>\n<td>\n<p class=\"black-title margin0\" style=\"text-align: center;\">Double Room<\/p>\n<\/td>\n<\/tr>\n<tr>\n<td class=\"padding-left\">\n<p class=\"black-title margin0\" style=\"text-align: center;\"><strong>455\u20ac<\/strong><\/p>\n<\/td>\n<td class=\"padding-left\">\n<p class=\"black-title margin0\" style=\"text-align: center;\"><strong>485\u20ac<\/strong><\/p>\n<\/td>\n<td class=\"padding-left\">\n<p class=\"black-title margin0\" style=\"text-align: center;\"><strong>505\u20ac<\/strong><\/p>\n<\/td>\n<\/tr>\n<\/tbody>\n<\/table>\n<p><span style=\"font-size: 75%;\">*Prices based on sharing a room with two adults.<\/span><\/p>\n<p><!--<span data-text-color=\"alert\">Unaccompanied minors welcome \u2013 We have ski instructors and free time supervision 24 hours<\/span>--><\/p>\n<div class=\"row\"  id=\"row-416267673\">\n\n\t<div id=\"col-1919032929\" class=\"col medium-6 small-12 large-6\"  >\n\t\t\t\t<div class=\"col-inner\"  >\n\t\t\t\n\t\t\t\n<a href=\"https:\/\/natuaventura.com\/en\/wp-content\/uploads\/2024\/10\/VIAJE-ESQUI-NAVIDAD-ASTUN.pdf\" target=\"_blank\" class=\"button secondary expand\" rel=\"noopener\" >\n\t\t<span>DOWNLOAD<\/span>\n\t<\/a>\n\n\t\t<\/div>\n\t\t\t\t\t<\/div>\n\n\t\n\n\t<div id=\"col-116456859\" class=\"col medium-6 small-12 large-6\"  >\n\t\t\t\t<div class=\"col-inner\"  >\n\t\t\t\n\t\t\t\n<a href=\"https:\/\/natuaventura.com\/en\/contact\/\" target=\"_blank\" class=\"button secondary expand\" rel=\"noopener\" >\n\t\t<span>CONTACT<\/span>\n\t<\/a>\n\n\t\t<\/div>\n\t\t\t\t\t<\/div>\n\n\t\n<\/div>\n\t\t<\/div>\n\t\t\t\t\t<\/div>\n\n\t\n\n<style>\n#row-780200763 > .col > .col-inner {\n  padding: 50px 50px 0px 50px;\n}\n<\/style>\n<\/div>\n\t\t<\/div>\n\t\t\t\t\t<\/div>\n\n\t\n\n<style>\n#row-1792437423 > .col > .col-inner {\n  padding: 0px 0px 0 0px;\n}\n<\/style>\n<\/div>\n[\/section]\n<h3 style=\"background-color: #252525; padding: 20px; color: white; padding-left: 5%; font-size: 24px;\">Details<\/h3>\n\n\t<section class=\"section\" id=\"section_1644714873\">\n\t\t<div class=\"section-bg fill\" >\n\t\t\t\t\t\t\t\t\t\n\t\t\t\n\n\t\t<\/div>\n\n\t\t\n\n\t\t<div class=\"section-content relative\">\n\t\t\t\n<h2 style=\"text-align: center;\">Christmas Ski Trip Ast\u00fan<\/h2>\n<div class=\"row\"  id=\"row-2117711085\">\n\n\t<div id=\"col-511310914\" class=\"col medium-6 small-12 large-6\"  >\n\t\t\t\t<div class=\"col-inner\"  >\n\t\t\t\n\t\t\t\n<div class=\"row borde-box\"  id=\"row-124096218\">\n\n\t<div id=\"col-1363947270\" class=\"col small-12 large-12\"  >\n\t\t\t\t<div class=\"col-inner\"  >\n\t\t\t\n\t<div class=\"is-border\"\n\t\tstyle=\"border-width:0px 0px 0px 0px;\">\n\t<\/div>\n\t\t\t\n<h2 style=\"font-size: 26px; text-align: left;\">AST\u00daN<\/h2>\n<p style=\"font-size: 14px; text-align: left;\">Ast\u00fan resort has 50 km of runs for all levels and, thanks to its aspect, it typically enjoys excellent snow quality.<\/p>\n<table class=\"colors\" width=\"100%\">\n<tbody>\n<tr>\n<td class=\"green\" style=\"background: green;\"> <\/td>\n<td class=\"blue\" style=\"background: blue;\"> <\/td>\n<td class=\"red\" style=\"background: red;\"> <\/td>\n<td class=\"black\" style=\"background: black;\"> <\/td>\n<\/tr>\n<tr>\n<td style=\"text-align: center;\">5<\/td>\n<td style=\"text-align: center;\">18<\/td>\n<td style=\"text-align: center;\">21<\/td>\n<td style=\"text-align: center;\">10<\/td>\n<\/tr>\n<\/tbody>\n<\/table>\n<p style=\"text-align: left;\">Altitude: 1,658 m \u2013 2,300 m<br \/>Lifts: 15<br \/>Skiable area: 50 km<\/p>\n\t\t<\/div>\n\t\t\t\t\n<style>\n#col-1363947270 > .col-inner {\n  padding: 20px 20px 0px 20px;\n  margin: 0px 0px -31px 0px;\n}\n<\/style>\n\t<\/div>\n\n\t\n<\/div>\n\t<div id=\"gap-2085412474\" class=\"gap-element clearfix\" style=\"display:block; height:auto;\">\n\t\t\n<style>\n#gap-2085412474 {\n  padding-top: 30px;\n}\n<\/style>\n\t<\/div>\n\t\n<h4 style=\"text-align: left;\">EQUIPMENT HIRE<\/h4>\n<p>Full ski equipment hire adult:<strong> 55.00\u20ac<\/strong><\/p>\n<h4 style=\"text-align: left;\">Ski Lessons<\/h4>\n<p>Adult ski lessons 2 h.\/day: <strong>128.00\u20ac<\/strong><br \/>Children&#8217;s ski lessons 7\u201313 years<strong>: 208.00\u20ac <\/strong><br \/>Children&#8217;s ski lessons 4\u20136 years: <strong>348.00\u20ac <br \/><\/strong>Snowboard lessons: <em>enquire<\/em><\/p>\n<p><span style=\"font-size: 75%;\"><br \/><i>Beginner adults: 4 to 8 students per group. With three people, 1 hour per day.<br \/><\/i><i>Adults: 4 to 10 students per group. With three people, 1 hour per day.<br \/>Children 7\u201313 years: 8 to 10 students per group.<br \/>Children 4\u20136 years: 4 to 5 students per group.<br \/>Group subject to minimum number of participants. Ask us.<\/i><\/span><\/p>\n\t\t<\/div>\n\t\t\t\t\t<\/div>\n\n\t\n\n\t<div id=\"col-1747440967\" class=\"col medium-6 small-12 large-6\"  >\n\t\t\t\t<div class=\"col-inner\"  >\n\t\t\t\n\t\t\t\n<div class=\"row\"  id=\"row-1644535274\">\n\n\t<div id=\"col-1521427886\" class=\"col small-12 large-12\"  >\n\t\t\t\t<div class=\"col-inner\" style=\"background-color:rgb(246, 246, 246);\" >\n\t\t\t\n\t\t\t\n<h3><span style=\"color: #4f0202;\">INCLUDED<\/span><\/h3>\n<ul>\n<li>Accommodation<strong> 4 nights.<\/strong><br \/><span style=\"font-weight: 400;\">At <strong>Hotel Villa de Canfranc<\/strong> half board, breakfast and dinner. <br \/><\/span><span style=\"font-weight: 400;\">At <strong>Apartahotel SPA Jacetania<\/strong>, breakfast only.<\/span><\/li>\n<li><span style=\"font-weight: 400;\"><strong>4-day ski pass + Hot lunch<\/strong> on the slopes.<\/span><\/li>\n<li><strong>Afternoon activities<\/strong> for children.<\/li>\n<li>Guide and support staff.<\/li>\n<li><span style=\"font-weight: 400;\">Bed linen and towels.<\/span><\/li>\n<\/ul>\n<p><span style=\"color: #800000; font-size: 75%;\">Trips do not include any type of insurance; we recommend taking out accident insurance.<\/span><\/p>\n<h3><span style=\"color: #4f0202;\">OPTIONAL SERVICES<\/span><\/h3>\n<p>Assistance insurance:<strong> 28.00\u20ac<\/strong><br \/>Cancellation insurance: <strong>12.00\u20ac<\/strong><\/p>\n\t\t<\/div>\n\t\t\t\t\n<style>\n#col-1521427886 > .col-inner {\n  padding: 20px 20px 20px 20px;\n}\n<\/style>\n\t<\/div>\n\n\t\n<\/div>\n\t<div class=\"box has-hover   has-hover box-text-bottom\" >\n\n\t\t<div class=\"box-image\" >\n\t\t\t\t\t\t<div class=\"\" >\n\t\t\t\t<img loading=\"lazy\" decoding=\"async\" width=\"2048\" height=\"1365\" src=\"https:\/\/natuaventura.com\/en\/wp-content\/uploads\/2023\/10\/47304286822_94cad7ac27_k.jpg\" class=\"attachment- size-\" alt=\"\" srcset=\"https:\/\/natuaventura.com\/en\/wp-content\/uploads\/2023\/10\/47304286822_94cad7ac27_k.jpg 2048w, https:\/\/natuaventura.com\/en\/wp-content\/uploads\/2023\/10\/47304286822_94cad7ac27_k-300x200.jpg 300w, https:\/\/natuaventura.com\/en\/wp-content\/uploads\/2023\/10\/47304286822_94cad7ac27_k-1024x683.jpg 1024w, https:\/\/natuaventura.com\/en\/wp-content\/uploads\/2023\/10\/47304286822_94cad7ac27_k-768x512.jpg 768w, https:\/\/natuaventura.com\/en\/wp-content\/uploads\/2023\/10\/47304286822_94cad7ac27_k-1536x1024.jpg 1536w\" sizes=\"auto, (max-width: 2048px) 100vw, 2048px\" \/>\t\t\t\t\t\t\t\t\t\t\t<\/div>\n\t\t\t\t\t<\/div>\n\n\t\t<div class=\"box-text text-center\" >\n\t\t\t<div class=\"box-text-inner\">\n\t\t\t\t\n<p><em>Afternoon activities with children<\/em><\/p>\n\t\t\t<\/div>\n\t\t<\/div>\n\t<\/div>\n\t\n\t\t<\/div>\n\t\t\t\t\t<\/div>\n\n\t\n\n<style>\n#row-2117711085 > .col > .col-inner {\n  background-color: rgb(255,255,255);\n}\n<\/style>\n<\/div>\n\t\t<\/div>\n\n\t\t\n<style>\n#section_1644714873 {\n  padding-top: 30px;\n  padding-bottom: 30px;\n}\n<\/style>\n\t<\/section>\n\t\n<h3 style=\"background-color: #252525; padding: 20px; color: white; padding-left: 5%; font-size: 24px;\">Accommodation<\/h3>\n\n\t<section class=\"section\" id=\"section_918351271\">\n\t\t<div class=\"section-bg fill\" >\n\t\t\t\t\t\t\t\t\t\n\t\t\t\n\n\t\t<\/div>\n\n\t\t\n\n\t\t<div class=\"section-content relative\">\n\t\t\t\n<div class=\"row\"  id=\"row-890111944\">\n\n\t<div id=\"col-893810223\" class=\"col medium-6 small-12 large-6\"  >\n\t\t\t\t<div class=\"col-inner\"  >\n\t\t\t\n\t\t\t\n<div class=\"row borde-box\"  id=\"row-2031231955\">\n\n\t<div id=\"col-114208532\" class=\"col small-12 large-12\"  >\n\t\t\t\t<div class=\"col-inner\"  >\n\t\t\t\n\t\t\t\n<h3>Hotel Villa de Canfranc<\/h3>\n\t\t<\/div>\n\t\t\t\t\n<style>\n#col-114208532 > .col-inner {\n  padding: 20px 0px 0px 0px;\n}\n<\/style>\n\t<\/div>\n\n\t\n\n\t<div id=\"col-2073099495\" class=\"col small-12 large-12\"  >\n\t\t\t\t<div class=\"col-inner\" style=\"background-color:rgb(248, 248, 248);\" >\n\t\t\t\n\t\t\t\n<p><em>Hotel Villa de Canfranc is a warm and welcoming hotel located in the heart of the Pyrenees. It has double, triple and quadruple rooms, spacious lounges, a restaurant, cafeteria, games room, ski storage, meeting room, solarium and covered parking.<\/em><\/p>\n\t\t<\/div>\n\t\t\t\t\n<style>\n#col-2073099495 > .col-inner {\n  padding: 20px 20px 20px 20px;\n}\n<\/style>\n\t<\/div>\n\n\t\n<\/div>\n<div class=\"is-divider divider clearfix\" style=\"background-color:rgb(255, 255, 255);\"><\/div>\n\t\t<\/div>\n\t\t\t\t\t<\/div>\n\n\t\n\n\t<div id=\"col-2031149381\" class=\"col medium-6 small-12 large-6\"  >\n\t\t\t\t<div class=\"col-inner\" style=\"background-color:rgb(248, 248, 248);\" >\n\t\t\t\n\t\t\t\n\n<p><a title=\"Barco de \u00c1vila - Instalaciones y entorno\" href=\"https:\/\/www.flickr.com\/photos\/130917281@N05\/albums\/72157720054505720\" target=\"_blank\" rel=\"noopener\" data-flickr-embed=\"true\"><img loading=\"lazy\" decoding=\"async\" class=\"alignnone\" src=\"https:\/\/farm1.staticflickr.com\/616\/23525852762_2e69e5bb56_c.jpg\" alt=\"Hotel Villa Canfranc\" width=\"800\" height=\"600\" \/><\/a><script async src=\"\/\/embedr.flickr.com\/assets\/client-code.js\" charset=\"utf-8\"><\/script><\/p>\n\n\t\t<\/div>\n\t\t\t\t\n<style>\n#col-2031149381 > .col-inner {\n  padding: 20px 20px 20px 20px;\n}\n<\/style>\n\t<\/div>\n\n\t\n\n<style>\n#row-890111944 > .col > .col-inner {\n  background-color: rgb(255,255,255);\n}\n<\/style>\n<\/div>\n\t\t<\/div>\n\n\t\t\n<style>\n#section_918351271 {\n  padding-top: 0px;\n  padding-bottom: 0px;\n}\n<\/style>\n\t<\/section>\n\t\n","protected":false},"excerpt":{"rendered":"<p>Del 28 de Diciembre de 2019 al 2 de Enero de 2020 Desde <strong>239 \u20ac<\/strong><br \/>\nPrecio por Adulto <strong>619 \u20ac<\/strong><br \/>\n3\u00ba y 4\u00ba Adulto <strong>478 \u20ac<\/strong><br \/>\n6 a 11a\u00f1os <strong>359\u20ac<\/strong><br \/>\n3 a 5a\u00f1os <strong>239\u20ac<\/strong><\/p>\n","protected":false},"author":36,"featured_media":13676,"parent":13047,"menu_order":0,"comment_status":"closed","ping_status":"closed","template":"page-blank.php","meta":{"footnotes":""},"categories":[],"tags":[],"class_list":["post-18742","page","type-page","status-publish","has-post-thumbnail","hentry"],"yoast_head":"<!-- This site is optimized with the Yoast SEO Premium plugin v27.3 (Yoast SEO v27.3) - https:\/\/yoast.com\/product\/yoast-seo-premium-wordpress\/ -->\n<title>Viaje de esqu\u00ed Familias Navidad Ast\u00fan 2025 | Natuaventura<\/title>\n<meta name=\"description\" content=\"Viaje de esqu\u00ed Navidad Ast\u00fan en familia Del 26 al 30 de Diciembre de 2025. 4 Noches y 4 d\u00edas de Esqu\u00ed \u00a1Viaje todo incluido, cons\u00faltanos!\" \/>\n<meta name=\"robots\" content=\"index, follow, max-snippet:-1, max-image-preview:large, max-video-preview:-1\" \/>\n<link rel=\"canonical\" href=\"https:\/\/natuaventura.com\/en\/servicios\/viajes-de-esqui-en-familia\/viaje-de-esqui-navidad-astun\/\" \/>\n<meta property=\"og:locale\" content=\"en_GB\" \/>\n<meta property=\"og:type\" content=\"article\" \/>\n<meta property=\"og:description\" content=\"Viaje de esqu\u00ed Navidad Ast\u00fan en familia Del 26 al 30 de Diciembre de 2025. 4 Noches y 4 d\u00edas de Esqu\u00ed \u00a1Viaje todo incluido, cons\u00faltanos!\" \/>\n<meta property=\"og:url\" content=\"https:\/\/natuaventura.com\/en\/servicios\/viajes-de-esqui-en-familia\/viaje-de-esqui-navidad-astun\/\" \/>\n<meta property=\"og:site_name\" content=\"Natuaventura\" \/>\n<meta property=\"article:publisher\" content=\"https:\/\/www.facebook.com\/NatuaventuraOcioTiempoLibre\/\" \/>\n<meta property=\"article:modified_time\" content=\"2025-09-18T07:15:53+00:00\" \/>\n<meta property=\"og:image\" content=\"https:\/\/natuaventura.com\/en\/wp-content\/uploads\/2020\/09\/esqui-adultos.jpg\" \/>\n\t<meta property=\"og:image:width\" content=\"2048\" \/>\n\t<meta property=\"og:image:height\" content=\"1365\" \/>\n\t<meta property=\"og:image:type\" content=\"image\/jpeg\" \/>\n<meta name=\"twitter:card\" content=\"summary_large_image\" \/>\n<meta name=\"twitter:label1\" content=\"Est. reading time\" \/>\n\t<meta name=\"twitter:data1\" content=\"4 minutes\" \/>\n<script type=\"application\/ld+json\" class=\"yoast-schema-graph\">{\"@context\":\"https:\\\/\\\/schema.org\",\"@graph\":[{\"@type\":\"WebPage\",\"@id\":\"https:\\\/\\\/natuaventura.com\\\/en\\\/servicios\\\/viajes-de-esqui-en-familia\\\/viaje-de-esqui-navidad-astun\\\/\",\"url\":\"https:\\\/\\\/natuaventura.com\\\/en\\\/servicios\\\/viajes-de-esqui-en-familia\\\/viaje-de-esqui-navidad-astun\\\/\",\"name\":\"Viaje de esqu\u00ed Familias Navidad Ast\u00fan 2025 | Natuaventura\",\"isPartOf\":{\"@id\":\"https:\\\/\\\/natuaventura.com\\\/en\\\/#website\"},\"primaryImageOfPage\":{\"@id\":\"https:\\\/\\\/natuaventura.com\\\/en\\\/servicios\\\/viajes-de-esqui-en-familia\\\/viaje-de-esqui-navidad-astun\\\/#primaryimage\"},\"image\":{\"@id\":\"https:\\\/\\\/natuaventura.com\\\/en\\\/servicios\\\/viajes-de-esqui-en-familia\\\/viaje-de-esqui-navidad-astun\\\/#primaryimage\"},\"thumbnailUrl\":\"https:\\\/\\\/natuaventura.com\\\/en\\\/wp-content\\\/uploads\\\/2020\\\/09\\\/esqui-adultos.jpg\",\"datePublished\":\"2021-10-08T16:36:33+00:00\",\"dateModified\":\"2025-09-18T07:15:53+00:00\",\"description\":\"Viaje de esqu\u00ed Navidad Ast\u00fan en familia Del 26 al 30 de Diciembre de 2025. 4 Noches y 4 d\u00edas de Esqu\u00ed \u00a1Viaje todo incluido, cons\u00faltanos!\",\"breadcrumb\":{\"@id\":\"https:\\\/\\\/natuaventura.com\\\/en\\\/servicios\\\/viajes-de-esqui-en-familia\\\/viaje-de-esqui-navidad-astun\\\/#breadcrumb\"},\"inLanguage\":\"en-GB\",\"potentialAction\":[{\"@type\":\"ReadAction\",\"target\":[\"https:\\\/\\\/natuaventura.com\\\/en\\\/servicios\\\/viajes-de-esqui-en-familia\\\/viaje-de-esqui-navidad-astun\\\/\"]}]},{\"@type\":\"ImageObject\",\"inLanguage\":\"en-GB\",\"@id\":\"https:\\\/\\\/natuaventura.com\\\/en\\\/servicios\\\/viajes-de-esqui-en-familia\\\/viaje-de-esqui-navidad-astun\\\/#primaryimage\",\"url\":\"https:\\\/\\\/natuaventura.com\\\/en\\\/wp-content\\\/uploads\\\/2020\\\/09\\\/esqui-adultos.jpg\",\"contentUrl\":\"https:\\\/\\\/natuaventura.com\\\/en\\\/wp-content\\\/uploads\\\/2020\\\/09\\\/esqui-adultos.jpg\",\"width\":2048,\"height\":1365,\"caption\":\"Viaje de esqu\u00ed Semana Santa Ast\u00fan\"},{\"@type\":\"BreadcrumbList\",\"@id\":\"https:\\\/\\\/natuaventura.com\\\/en\\\/servicios\\\/viajes-de-esqui-en-familia\\\/viaje-de-esqui-navidad-astun\\\/#breadcrumb\",\"itemListElement\":[{\"@type\":\"ListItem\",\"position\":1,\"name\":\"Portada\",\"item\":\"https:\\\/\\\/natuaventura.com\\\/en\\\/\"},{\"@type\":\"ListItem\",\"position\":2,\"name\":\"Servicios\",\"item\":\"https:\\\/\\\/natuaventura.com\\\/en\\\/servicios\\\/\"},{\"@type\":\"ListItem\",\"position\":3,\"name\":\"Viajes de esqu\u00ed en familia\",\"item\":\"https:\\\/\\\/natuaventura.com\\\/en\\\/servicios\\\/viajes-de-esqui-en-familia\\\/\"},{\"@type\":\"ListItem\",\"position\":4,\"name\":\"Viaje de esqu\u00ed Navidad Ast\u00fan\"}]},{\"@type\":\"WebSite\",\"@id\":\"https:\\\/\\\/natuaventura.com\\\/en\\\/#website\",\"url\":\"https:\\\/\\\/natuaventura.com\\\/en\\\/\",\"name\":\"Campamentos de verano y Viajes fin de curso 2025 - Natuaventura\",\"description\":\"Summer Camps in Spain 2026 and School Trips to Spain\",\"publisher\":{\"@id\":\"https:\\\/\\\/natuaventura.com\\\/en\\\/#organization\"},\"potentialAction\":[{\"@type\":\"SearchAction\",\"target\":{\"@type\":\"EntryPoint\",\"urlTemplate\":\"https:\\\/\\\/natuaventura.com\\\/en\\\/?s={search_term_string}\"},\"query-input\":{\"@type\":\"PropertyValueSpecification\",\"valueRequired\":true,\"valueName\":\"search_term_string\"}}],\"inLanguage\":\"en-GB\"},{\"@type\":\"Organization\",\"@id\":\"https:\\\/\\\/natuaventura.com\\\/en\\\/#organization\",\"name\":\"Natuaventura Ocio y Tiempo Libre\",\"url\":\"https:\\\/\\\/natuaventura.com\\\/en\\\/\",\"logo\":{\"@type\":\"ImageObject\",\"inLanguage\":\"en-GB\",\"@id\":\"https:\\\/\\\/natuaventura.com\\\/en\\\/#\\\/schema\\\/logo\\\/image\\\/\",\"url\":\"https:\\\/\\\/natuaventura.com\\\/en\\\/wp-content\\\/uploads\\\/2016\\\/04\\\/propuesta-logo.png\",\"contentUrl\":\"https:\\\/\\\/natuaventura.com\\\/en\\\/wp-content\\\/uploads\\\/2016\\\/04\\\/propuesta-logo.png\",\"width\":604,\"height\":175,\"caption\":\"Natuaventura Ocio y Tiempo Libre\"},\"image\":{\"@id\":\"https:\\\/\\\/natuaventura.com\\\/en\\\/#\\\/schema\\\/logo\\\/image\\\/\"},\"sameAs\":[\"https:\\\/\\\/www.facebook.com\\\/NatuaventuraOcioTiempoLibre\\\/\"]}]}<\/script>\n<!-- \/ Yoast SEO Premium plugin. -->","yoast_head_json":{"title":"Viaje de esqu\u00ed Familias Navidad Ast\u00fan 2025 | Natuaventura","description":"Viaje de esqu\u00ed Navidad Ast\u00fan en familia Del 26 al 30 de Diciembre de 2025. 4 Noches y 4 d\u00edas de Esqu\u00ed \u00a1Viaje todo incluido, cons\u00faltanos!","robots":{"index":"index","follow":"follow","max-snippet":"max-snippet:-1","max-image-preview":"max-image-preview:large","max-video-preview":"max-video-preview:-1"},"canonical":"https:\/\/natuaventura.com\/en\/servicios\/viajes-de-esqui-en-familia\/viaje-de-esqui-navidad-astun\/","og_locale":"en_GB","og_type":"article","og_description":"Viaje de esqu\u00ed Navidad Ast\u00fan en familia Del 26 al 30 de Diciembre de 2025. 4 Noches y 4 d\u00edas de Esqu\u00ed \u00a1Viaje todo incluido, cons\u00faltanos!","og_url":"https:\/\/natuaventura.com\/en\/servicios\/viajes-de-esqui-en-familia\/viaje-de-esqui-navidad-astun\/","og_site_name":"Natuaventura","article_publisher":"https:\/\/www.facebook.com\/NatuaventuraOcioTiempoLibre\/","article_modified_time":"2025-09-18T07:15:53+00:00","og_image":[{"width":2048,"height":1365,"url":"https:\/\/natuaventura.com\/en\/wp-content\/uploads\/2020\/09\/esqui-adultos.jpg","type":"image\/jpeg"}],"twitter_card":"summary_large_image","twitter_misc":{"Est. reading time":"4 minutes"},"schema":{"@context":"https:\/\/schema.org","@graph":[{"@type":"WebPage","@id":"https:\/\/natuaventura.com\/en\/servicios\/viajes-de-esqui-en-familia\/viaje-de-esqui-navidad-astun\/","url":"https:\/\/natuaventura.com\/en\/servicios\/viajes-de-esqui-en-familia\/viaje-de-esqui-navidad-astun\/","name":"Viaje de esqu\u00ed Familias Navidad Ast\u00fan 2025 | Natuaventura","isPartOf":{"@id":"https:\/\/natuaventura.com\/en\/#website"},"primaryImageOfPage":{"@id":"https:\/\/natuaventura.com\/en\/servicios\/viajes-de-esqui-en-familia\/viaje-de-esqui-navidad-astun\/#primaryimage"},"image":{"@id":"https:\/\/natuaventura.com\/en\/servicios\/viajes-de-esqui-en-familia\/viaje-de-esqui-navidad-astun\/#primaryimage"},"thumbnailUrl":"https:\/\/natuaventura.com\/en\/wp-content\/uploads\/2020\/09\/esqui-adultos.jpg","datePublished":"2021-10-08T16:36:33+00:00","dateModified":"2025-09-18T07:15:53+00:00","description":"Viaje de esqu\u00ed Navidad Ast\u00fan en familia Del 26 al 30 de Diciembre de 2025. 4 Noches y 4 d\u00edas de Esqu\u00ed \u00a1Viaje todo incluido, cons\u00faltanos!","breadcrumb":{"@id":"https:\/\/natuaventura.com\/en\/servicios\/viajes-de-esqui-en-familia\/viaje-de-esqui-navidad-astun\/#breadcrumb"},"inLanguage":"en-GB","potentialAction":[{"@type":"ReadAction","target":["https:\/\/natuaventura.com\/en\/servicios\/viajes-de-esqui-en-familia\/viaje-de-esqui-navidad-astun\/"]}]},{"@type":"ImageObject","inLanguage":"en-GB","@id":"https:\/\/natuaventura.com\/en\/servicios\/viajes-de-esqui-en-familia\/viaje-de-esqui-navidad-astun\/#primaryimage","url":"https:\/\/natuaventura.com\/en\/wp-content\/uploads\/2020\/09\/esqui-adultos.jpg","contentUrl":"https:\/\/natuaventura.com\/en\/wp-content\/uploads\/2020\/09\/esqui-adultos.jpg","width":2048,"height":1365,"caption":"Viaje de esqu\u00ed Semana Santa Ast\u00fan"},{"@type":"BreadcrumbList","@id":"https:\/\/natuaventura.com\/en\/servicios\/viajes-de-esqui-en-familia\/viaje-de-esqui-navidad-astun\/#breadcrumb","itemListElement":[{"@type":"ListItem","position":1,"name":"Portada","item":"https:\/\/natuaventura.com\/en\/"},{"@type":"ListItem","position":2,"name":"Servicios","item":"https:\/\/natuaventura.com\/en\/servicios\/"},{"@type":"ListItem","position":3,"name":"Viajes de esqu\u00ed en familia","item":"https:\/\/natuaventura.com\/en\/servicios\/viajes-de-esqui-en-familia\/"},{"@type":"ListItem","position":4,"name":"Viaje de esqu\u00ed Navidad Ast\u00fan"}]},{"@type":"WebSite","@id":"https:\/\/natuaventura.com\/en\/#website","url":"https:\/\/natuaventura.com\/en\/","name":"Campamentos de verano y Viajes fin de curso 2025 - Natuaventura","description":"Summer Camps in Spain 2026 and School Trips to Spain","publisher":{"@id":"https:\/\/natuaventura.com\/en\/#organization"},"potentialAction":[{"@type":"SearchAction","target":{"@type":"EntryPoint","urlTemplate":"https:\/\/natuaventura.com\/en\/?s={search_term_string}"},"query-input":{"@type":"PropertyValueSpecification","valueRequired":true,"valueName":"search_term_string"}}],"inLanguage":"en-GB"},{"@type":"Organization","@id":"https:\/\/natuaventura.com\/en\/#organization","name":"Natuaventura Ocio y Tiempo Libre","url":"https:\/\/natuaventura.com\/en\/","logo":{"@type":"ImageObject","inLanguage":"en-GB","@id":"https:\/\/natuaventura.com\/en\/#\/schema\/logo\/image\/","url":"https:\/\/natuaventura.com\/en\/wp-content\/uploads\/2016\/04\/propuesta-logo.png","contentUrl":"https:\/\/natuaventura.com\/en\/wp-content\/uploads\/2016\/04\/propuesta-logo.png","width":604,"height":175,"caption":"Natuaventura Ocio y Tiempo Libre"},"image":{"@id":"https:\/\/natuaventura.com\/en\/#\/schema\/logo\/image\/"},"sameAs":["https:\/\/www.facebook.com\/NatuaventuraOcioTiempoLibre\/"]}]}},"_links":{"self":[{"href":"https:\/\/natuaventura.com\/en\/wp-json\/wp\/v2\/pages\/18742","targetHints":{"allow":["GET"]}}],"collection":[{"href":"https:\/\/natuaventura.com\/en\/wp-json\/wp\/v2\/pages"}],"about":[{"href":"https:\/\/natuaventura.com\/en\/wp-json\/wp\/v2\/types\/page"}],"author":[{"embeddable":true,"href":"https:\/\/natuaventura.com\/en\/wp-json\/wp\/v2\/users\/36"}],"replies":[{"embeddable":true,"href":"https:\/\/natuaventura.com\/en\/wp-json\/wp\/v2\/comments?post=18742"}],"version-history":[{"count":13,"href":"https:\/\/natuaventura.com\/en\/wp-json\/wp\/v2\/pages\/18742\/revisions"}],"predecessor-version":[{"id":40943,"href":"https:\/\/natuaventura.com\/en\/wp-json\/wp\/v2\/pages\/18742\/revisions\/40943"}],"up":[{"embeddable":true,"href":"https:\/\/natuaventura.com\/en\/wp-json\/wp\/v2\/pages\/13047"}],"wp:featuredmedia":[{"embeddable":true,"href":"https:\/\/natuaventura.com\/en\/wp-json\/wp\/v2\/media\/13676"}],"wp:attachment":[{"href":"https:\/\/natuaventura.com\/en\/wp-json\/wp\/v2\/media?parent=18742"}],"wp:term":[{"taxonomy":"category","embeddable":true,"href":"https:\/\/natuaventura.com\/en\/wp-json\/wp\/v2\/categories?post=18742"},{"taxonomy":"post_tag","embeddable":true,"href":"https:\/\/natuaventura.com\/en\/wp-json\/wp\/v2\/tags?post=18742"}],"curies":[{"name":"wp","href":"https:\/\/api.w.org\/{rel}","templated":true}]}}